{"id":4951,"date":"2024-05-15T06:02:34","date_gmt":"2024-05-15T06:02:34","guid":{"rendered":"https:\/\/hq-ym.com\/?post_type=product&#038;p=4951"},"modified":"2024-10-19T10:13:42","modified_gmt":"2024-10-19T10:13:42","slug":"truck-rim-replica-polishing-machine","status":"publish","type":"product","link":"https:\/\/hq-ym.com\/de\/produkt\/truck-rim-replica-polishing-machine\/","title":{"rendered":"Lkw-Rad Poliermaschine Replik Felgenform Polieren"},"content":{"rendered":"<h3 style=\"text-align: center;\"><strong>Poliermaschine f\u00fcr Lkw-Felgenreplikate<\/strong><\/h3>\n<h4 style=\"text-align: center;\"><b>ALLE MANUELLEN POLIERVERFAHREN K\u00d6NNEN DURCH UNSERE MASCHINEN ERSETZT WERDEN<\/b><\/h4>\n<p style=\"text-align: center;\">Zielt darauf ab, den gesamten manuellen Polierprozess von Lkw-R\u00e4dern durch Maschinen zu ersetzen, und bietet h\u00f6chste Polierleistungen.<\/p>\n<p style=\"text-align: center;\"><img fetchpriority=\"high\" decoding=\"async\" class=\"aligncenter wp-image-5893\" src=\"https:\/\/hq-ym.com\/wp-content\/uploads\/2024\/05\/polishing-truck-wheels-1-768x1024.webp\" alt=\"polishing truck wheels (7) (1)\" width=\"600\" height=\"800\" srcset=\"https:\/\/hq-ym.com\/wp-content\/uploads\/2024\/05\/polishing-truck-wheels-1-768x1024.webp 768w, https:\/\/hq-ym.com\/wp-content\/uploads\/2024\/05\/polishing-truck-wheels-1-225x300.webp 225w, https:\/\/hq-ym.com\/wp-content\/uploads\/2024\/05\/polishing-truck-wheels-1-1152x1536.webp 1152w, https:\/\/hq-ym.com\/wp-content\/uploads\/2024\/05\/polishing-truck-wheels-1-1536x2048.webp 1536w, https:\/\/hq-ym.com\/wp-content\/uploads\/2024\/05\/polishing-truck-wheels-1-9x12.webp 9w, https:\/\/hq-ym.com\/wp-content\/uploads\/2024\/05\/polishing-truck-wheels-1-750x1000.webp 750w, https:\/\/hq-ym.com\/wp-content\/uploads\/2024\/05\/polishing-truck-wheels-1-1000x1333.webp 1000w, https:\/\/hq-ym.com\/wp-content\/uploads\/2024\/05\/polishing-truck-wheels-1-scaled.webp 1920w\" sizes=\"(max-width: 600px) 100vw, 600px\" \/> <img decoding=\"async\" class=\"aligncenter wp-image-5892\" src=\"https:\/\/hq-ym.com\/wp-content\/uploads\/2024\/05\/polishing-truck-wheels-2-1024x768.webp\" alt=\"polishing truck wheels (7) (1)\" width=\"600\" height=\"450\" srcset=\"https:\/\/hq-ym.com\/wp-content\/uploads\/2024\/05\/polishing-truck-wheels-2-1024x768.webp 1024w, https:\/\/hq-ym.com\/wp-content\/uploads\/2024\/05\/polishing-truck-wheels-2-300x225.webp 300w, https:\/\/hq-ym.com\/wp-content\/uploads\/2024\/05\/polishing-truck-wheels-2-768x576.webp 768w, https:\/\/hq-ym.com\/wp-content\/uploads\/2024\/05\/polishing-truck-wheels-2-1536x1152.webp 1536w, https:\/\/hq-ym.com\/wp-content\/uploads\/2024\/05\/polishing-truck-wheels-2-2048x1536.webp 2048w, https:\/\/hq-ym.com\/wp-content\/uploads\/2024\/05\/polishing-truck-wheels-2-16x12.webp 16w, https:\/\/hq-ym.com\/wp-content\/uploads\/2024\/05\/polishing-truck-wheels-2-750x563.webp 750w, https:\/\/hq-ym.com\/wp-content\/uploads\/2024\/05\/polishing-truck-wheels-2-1000x750.webp 1000w\" sizes=\"(max-width: 600px) 100vw, 600px\" \/> <img decoding=\"async\" class=\"aligncenter wp-image-5891\" src=\"https:\/\/hq-ym.com\/wp-content\/uploads\/2024\/05\/polishing-truck-wheels-6-1024x768.webp\" alt=\"polishing truck wheels (7) (1)\" width=\"600\" height=\"450\" srcset=\"https:\/\/hq-ym.com\/wp-content\/uploads\/2024\/05\/polishing-truck-wheels-6-1024x768.webp 1024w, https:\/\/hq-ym.com\/wp-content\/uploads\/2024\/05\/polishing-truck-wheels-6-300x225.webp 300w, https:\/\/hq-ym.com\/wp-content\/uploads\/2024\/05\/polishing-truck-wheels-6-768x576.webp 768w, https:\/\/hq-ym.com\/wp-content\/uploads\/2024\/05\/polishing-truck-wheels-6-1536x1152.webp 1536w, https:\/\/hq-ym.com\/wp-content\/uploads\/2024\/05\/polishing-truck-wheels-6-2048x1536.webp 2048w, https:\/\/hq-ym.com\/wp-content\/uploads\/2024\/05\/polishing-truck-wheels-6-16x12.webp 16w, https:\/\/hq-ym.com\/wp-content\/uploads\/2024\/05\/polishing-truck-wheels-6-750x563.webp 750w, https:\/\/hq-ym.com\/wp-content\/uploads\/2024\/05\/polishing-truck-wheels-6-1000x750.webp 1000w\" sizes=\"(max-width: 600px) 100vw, 600px\" \/> <img loading=\"lazy\" decoding=\"async\" class=\"aligncenter wp-image-5889\" src=\"https:\/\/hq-ym.com\/wp-content\/uploads\/2024\/05\/polishing-truck-wheels-7-1-768x1024.webp\" alt=\"polishing truck wheels (7) \" width=\"600\" height=\"800\" srcset=\"https:\/\/hq-ym.com\/wp-content\/uploads\/2024\/05\/polishing-truck-wheels-7-1-768x1024.webp 768w, https:\/\/hq-ym.com\/wp-content\/uploads\/2024\/05\/polishing-truck-wheels-7-1-225x300.webp 225w, https:\/\/hq-ym.com\/wp-content\/uploads\/2024\/05\/polishing-truck-wheels-7-1-1152x1536.webp 1152w, https:\/\/hq-ym.com\/wp-content\/uploads\/2024\/05\/polishing-truck-wheels-7-1-1536x2048.webp 1536w, https:\/\/hq-ym.com\/wp-content\/uploads\/2024\/05\/polishing-truck-wheels-7-1-9x12.webp 9w, https:\/\/hq-ym.com\/wp-content\/uploads\/2024\/05\/polishing-truck-wheels-7-1-750x1000.webp 750w, https:\/\/hq-ym.com\/wp-content\/uploads\/2024\/05\/polishing-truck-wheels-7-1-1000x1333.webp 1000w, https:\/\/hq-ym.com\/wp-content\/uploads\/2024\/05\/polishing-truck-wheels-7-1-scaled.webp 1920w\" sizes=\"(max-width: 600px) 100vw, 600px\" \/><\/p>\n<h5><\/h5>\n<p style=\"text-align: center;\"><div class=\"lyte-wrapper\" style=\"width:853px;max-width:100%;margin:5px auto;\"><div class=\"lyMe hidef\" id=\"WYL_gReZGctACs4\"><div id=\"lyte_gReZGctACs4\" data-src=\"\/\/i.ytimg.com\/vi\/gReZGctACs4\/maxresdefault.jpg\" class=\"pL\"><div class=\"tC\"><div class=\"tT\"><\/div><\/div><div class=\"play\"><\/div><div class=\"ctrl\"><div class=\"Lctrl\"><\/div><div class=\"Rctrl\"><\/div><\/div><\/div><noscript><a href=\"https:\/\/youtu.be\/gReZGctACs4\" rel=\"nofollow\"><img loading=\"lazy\" decoding=\"async\" src=\"https:\/\/i.ytimg.com\/vi\/gReZGctACs4\/0.jpg\" alt=\"\" width=\"853\" height=\"460\" \/><br \/>Watch this video on YouTube<\/a><\/noscript><\/div><\/div><div class=\"lL\" style=\"max-width:100%;width:853px;margin:5px auto;\"><\/div><\/p>\n<p style=\"text-align: center;\"><div class=\"lyte-wrapper\" style=\"width:853px;max-width:100%;margin:5px auto;\"><div class=\"lyMe hidef\" id=\"WYL_2fqz22QQruk\"><div id=\"lyte_2fqz22QQruk\" data-src=\"\/\/i.ytimg.com\/vi\/2fqz22QQruk\/maxresdefault.jpg\" class=\"pL\"><div class=\"tC\"><div class=\"tT\"><\/div><\/div><div class=\"play\"><\/div><div class=\"ctrl\"><div class=\"Lctrl\"><\/div><div class=\"Rctrl\"><\/div><\/div><\/div><noscript><a href=\"https:\/\/youtu.be\/2fqz22QQruk\" rel=\"nofollow\"><img loading=\"lazy\" decoding=\"async\" src=\"https:\/\/i.ytimg.com\/vi\/2fqz22QQruk\/0.jpg\" alt=\"\" width=\"853\" height=\"460\" \/><br \/>Watch this video on YouTube<\/a><\/noscript><\/div><\/div><div class=\"lL\" style=\"max-width:100%;width:853px;margin:5px auto;\"><\/div><\/p>\n<p style=\"text-align: center;\"><div class=\"lyte-wrapper\" style=\"width:853px;max-width:100%;margin:5px auto;\"><div class=\"lyMe hidef\" id=\"WYL_k_mFeNWuQXI\"><div id=\"lyte_k_mFeNWuQXI\" data-src=\"\/\/i.ytimg.com\/vi\/k_mFeNWuQXI\/maxresdefault.jpg\" class=\"pL\"><div class=\"tC\"><div class=\"tT\"><\/div><\/div><div class=\"play\"><\/div><div class=\"ctrl\"><div class=\"Lctrl\"><\/div><div class=\"Rctrl\"><\/div><\/div><\/div><noscript><a href=\"https:\/\/youtu.be\/k_mFeNWuQXI\" rel=\"nofollow\"><img loading=\"lazy\" decoding=\"async\" src=\"https:\/\/i.ytimg.com\/vi\/k_mFeNWuQXI\/0.jpg\" alt=\"\" width=\"853\" height=\"460\" \/><br \/>Watch this video on YouTube<\/a><\/noscript><\/div><\/div><div class=\"lL\" style=\"max-width:100%;width:853px;margin:5px auto;\"><\/div><\/p>\n<p>&nbsp;<\/p>\n<p>&nbsp;<\/p>\n<p>&nbsp;<\/p>\n<p>1.\u00a0\u00a0<a href=\"https:\/\/hq-ym.com\/de\/produkt\/2-station-rim-polishing-machine-for-16-to-24-wheels\/\">2-Stationen-Felgenpoliermaschine f\u00fcr Aluminiumfelgen<\/a><\/p>\n<p>2.\u00a0<a href=\"https:\/\/hq-ym.com\/de\/we-will-be-at-us-sema-show-2024-meet-us-at-las-vegas\/\">Wir werden auf der US SEMA SHOW 2024 sein, treffen Sie uns in Las Vegas im November!!<\/a><\/p>\n<p>3.\u00a0<a href=\"https:\/\/hq-ym.com\/de\/basic-stages-of-ceramic-machine-polishing-for-wheels\/\">Grundlegende Etappen der Keramikpoliermaschine f\u00fcr R\u00e4der<\/a><\/p>\n<p>&nbsp;<\/p>\n<p>&nbsp;<\/p>","protected":false},"excerpt":{"rendered":"<p>Spin-Schleifen: Die Maschine verwendet ein ma\u00dfgeschneidertes Polyester-Pad in Kombination mit speziellen Poliermitteln, um die Felgen wiederholt zu schleifen, w\u00e4hrend die Felge vibriert.<\/p>\n<p>Zweistufiges Polieren: Bei diesem Verfahren werden zwei verschiedene Pads verwendet. Das erste Pad wird f\u00fcr den ersten Schliff verwendet, um Unebenheiten zu entfernen, und das zweite Pad poliert die Felge, um eine gl\u00e4nzende und helle Oberfl\u00e4che zu erzielen.<\/p>\n<p>Kombiniert mit einer Feinpolierstufe: Nach dem abschlie\u00dfenden Hochglanzpolieren auf unserer Keramikscheiben-Poliermaschine erreicht das Material seinen maximalen Helligkeitsgrad.<\/p>","protected":false},"featured_media":5880,"template":"","meta":[],"product_cat":[23,33,32],"product_tag":[],"class_list":{"0":"post-4951","1":"product","2":"type-product","3":"status-publish","4":"has-post-thumbnail","6":"product_cat-wheel-polishing-machines","7":"product_cat-truck-rim-polish-machine","8":"product_cat-rim-polish-machine","10":"first","11":"instock","12":"shipping-taxable","13":"product-type-simple"},"yoast_head":"<!-- This site is optimized with the Yoast SEO Premium plugin v22.3 (Yoast SEO v22.3) - https:\/\/yoast.com\/wordpress\/plugins\/seo\/ -->\n<title>Truck Wheel Polishing Machine Replica Rim Shape Polishing - Hua Qing Grinding Technology (Shenzhen) Co., Ltd<\/title>\n<meta name=\"description\" content=\"This is a machine use for truck and bus wheel polishing usage, it can polish a rim into a mirror shine without human labor.\" \/>\n<meta name=\"robots\" content=\"index, follow, max-snippet:-1, max-image-preview:large, max-video-preview:-1\" \/>\n<link rel=\"canonical\" href=\"https:\/\/hq-ym.com\/de\/produkt\/truck-rim-replica-polishing-machine\/\" \/>\n<meta property=\"og:locale\" content=\"de_DE\" \/>\n<meta property=\"og:type\" content=\"article\" \/>\n<meta property=\"og:title\" content=\"Truck Wheel Polishing Machine Replica Rim Shape Polishing\" \/>\n<meta property=\"og:description\" content=\"This is a machine use for truck and bus wheel polishing usage, it can polish a rim into a mirror shine without human labor.\" \/>\n<meta property=\"og:url\" content=\"https:\/\/hq-ym.com\/de\/produkt\/truck-rim-replica-polishing-machine\/\" \/>\n<meta property=\"og:site_name\" content=\"Hua Qing Grinding Technology (Shenzhen) Co., Ltd\" \/>\n<meta property=\"article:modified_time\" content=\"2024-10-19T10:13:42+00:00\" \/>\n<meta property=\"og:image\" content=\"https:\/\/hq-ym.com\/wp-content\/uploads\/2024\/05\/\u5361\u5df4\u8f6e\u56fe\u7247.webp\" \/>\n\t<meta property=\"og:image:width\" content=\"1412\" \/>\n\t<meta property=\"og:image:height\" content=\"1413\" \/>\n\t<meta property=\"og:image:type\" content=\"image\/webp\" \/>\n<meta name=\"twitter:card\" content=\"summary_large_image\" \/>\n<meta name=\"twitter:label1\" content=\"Gesch\u00e4tzte Lesezeit\" \/>\n\t<meta name=\"twitter:data1\" content=\"2 Minuten\" \/>\n<script type=\"application\/ld+json\" class=\"yoast-schema-graph\">{\"@context\":\"https:\/\/schema.org\",\"@graph\":[{\"@type\":\"WebPage\",\"@id\":\"https:\/\/hq-ym.com\/product\/truck-rim-replica-polishing-machine\/\",\"url\":\"https:\/\/hq-ym.com\/product\/truck-rim-replica-polishing-machine\/\",\"name\":\"Truck Wheel Polishing Machine Replica Rim Shape Polishing - Hua Qing Grinding Technology (Shenzhen) Co., Ltd\",\"isPartOf\":{\"@id\":\"https:\/\/hq-ym.com\/#website\"},\"primaryImageOfPage\":{\"@id\":\"https:\/\/hq-ym.com\/product\/truck-rim-replica-polishing-machine\/#primaryimage\"},\"image\":{\"@id\":\"https:\/\/hq-ym.com\/product\/truck-rim-replica-polishing-machine\/#primaryimage\"},\"thumbnailUrl\":\"https:\/\/hq-ym.com\/wp-content\/uploads\/2024\/05\/\u5361\u5df4\u8f6e\u56fe\u7247.webp\",\"datePublished\":\"2024-05-15T06:02:34+00:00\",\"dateModified\":\"2024-10-19T10:13:42+00:00\",\"description\":\"This is a machine use for truck and bus wheel polishing usage, it can polish a rim into a mirror shine without human labor.\",\"breadcrumb\":{\"@id\":\"https:\/\/hq-ym.com\/product\/truck-rim-replica-polishing-machine\/#breadcrumb\"},\"inLanguage\":\"de-DE\",\"potentialAction\":[{\"@type\":\"ReadAction\",\"target\":[\"https:\/\/hq-ym.com\/product\/truck-rim-replica-polishing-machine\/\"]}]},{\"@type\":\"ImageObject\",\"inLanguage\":\"de-DE\",\"@id\":\"https:\/\/hq-ym.com\/product\/truck-rim-replica-polishing-machine\/#primaryimage\",\"url\":\"https:\/\/hq-ym.com\/wp-content\/uploads\/2024\/05\/\u5361\u5df4\u8f6e\u56fe\u7247.webp\",\"contentUrl\":\"https:\/\/hq-ym.com\/wp-content\/uploads\/2024\/05\/\u5361\u5df4\u8f6e\u56fe\u7247.webp\",\"width\":1412,\"height\":1413,\"caption\":\"truck wheel polish machine\"},{\"@type\":\"BreadcrumbList\",\"@id\":\"https:\/\/hq-ym.com\/product\/truck-rim-replica-polishing-machine\/#breadcrumb\",\"itemListElement\":[{\"@type\":\"ListItem\",\"position\":1,\"name\":\"\u9996\u9875\",\"item\":\"https:\/\/hq-ym.com\/\"},{\"@type\":\"ListItem\",\"position\":2,\"name\":\"Products\",\"item\":\"https:\/\/hq-ym.com\/products\/\"},{\"@type\":\"ListItem\",\"position\":3,\"name\":\"Truck Wheel Polishing Machine Replica Rim Shape Polishing\"}]},{\"@type\":\"WebSite\",\"@id\":\"https:\/\/hq-ym.com\/#website\",\"url\":\"https:\/\/hq-ym.com\/\",\"name\":\"Hua Qing Grinding Technology (Shenzhen) Co., Ltd\",\"description\":\"Sales of the rotary rim polishing machines, media and compounds. Polishing wheels from raw-deep machining marks to a mirror finish without hand polishing.\",\"publisher\":{\"@id\":\"https:\/\/hq-ym.com\/#organization\"},\"potentialAction\":[{\"@type\":\"SearchAction\",\"target\":{\"@type\":\"EntryPoint\",\"urlTemplate\":\"https:\/\/hq-ym.com\/?s={search_term_string}\"},\"query-input\":\"required name=search_term_string\"}],\"inLanguage\":\"de-DE\"},{\"@type\":\"Organization\",\"@id\":\"https:\/\/hq-ym.com\/#organization\",\"name\":\"Hua Qing Grinding Technology (Shenzhen) Co., Ltd\",\"url\":\"https:\/\/hq-ym.com\/\",\"logo\":{\"@type\":\"ImageObject\",\"inLanguage\":\"de-DE\",\"@id\":\"https:\/\/hq-ym.com\/#\/schema\/logo\/image\/\",\"url\":\"https:\/\/hq-ym.com\/wp-content\/uploads\/2024\/11\/Huaqing-grinding-logo-bl_11zon.webp\",\"contentUrl\":\"https:\/\/hq-ym.com\/wp-content\/uploads\/2024\/11\/Huaqing-grinding-logo-bl_11zon.webp\",\"width\":1067,\"height\":254,\"caption\":\"Hua Qing Grinding Technology (Shenzhen) Co., Ltd\"},\"image\":{\"@id\":\"https:\/\/hq-ym.com\/#\/schema\/logo\/image\/\"},\"sameAs\":[\"https:\/\/www.instagram.com\/hua_qing_polishing\/\",\"https:\/\/www.linkedin.com\/company\/104088516\/admin\/dashboard\/\"]}]}<\/script>\n<!-- \/ Yoast SEO Premium plugin. -->","yoast_head_json":{"title":"Truck Wheel Polishing Machine Replica Rim Shape Polishing - Hua Qing Grinding Technology (Shenzhen) Co., Ltd","description":"This is a machine use for truck and bus wheel polishing usage, it can polish a rim into a mirror shine without human labor.","robots":{"index":"index","follow":"follow","max-snippet":"max-snippet:-1","max-image-preview":"max-image-preview:large","max-video-preview":"max-video-preview:-1"},"canonical":"https:\/\/hq-ym.com\/de\/produkt\/truck-rim-replica-polishing-machine\/","og_locale":"de_DE","og_type":"article","og_title":"Truck Wheel Polishing Machine Replica Rim Shape Polishing","og_description":"This is a machine use for truck and bus wheel polishing usage, it can polish a rim into a mirror shine without human labor.","og_url":"https:\/\/hq-ym.com\/de\/produkt\/truck-rim-replica-polishing-machine\/","og_site_name":"Hua Qing Grinding Technology (Shenzhen) Co., Ltd","article_modified_time":"2024-10-19T10:13:42+00:00","og_image":[{"width":1412,"height":1413,"url":"https:\/\/hq-ym.com\/wp-content\/uploads\/2024\/05\/\u5361\u5df4\u8f6e\u56fe\u7247.webp","type":"image\/webp"}],"twitter_card":"summary_large_image","twitter_misc":{"Gesch\u00e4tzte Lesezeit":"2 Minuten"},"schema":{"@context":"https:\/\/schema.org","@graph":[{"@type":"WebPage","@id":"https:\/\/hq-ym.com\/product\/truck-rim-replica-polishing-machine\/","url":"https:\/\/hq-ym.com\/product\/truck-rim-replica-polishing-machine\/","name":"Truck Wheel Polishing Machine Replica Rim Shape Polishing - Hua Qing Grinding Technology (Shenzhen) Co., Ltd","isPartOf":{"@id":"https:\/\/hq-ym.com\/#website"},"primaryImageOfPage":{"@id":"https:\/\/hq-ym.com\/product\/truck-rim-replica-polishing-machine\/#primaryimage"},"image":{"@id":"https:\/\/hq-ym.com\/product\/truck-rim-replica-polishing-machine\/#primaryimage"},"thumbnailUrl":"https:\/\/hq-ym.com\/wp-content\/uploads\/2024\/05\/\u5361\u5df4\u8f6e\u56fe\u7247.webp","datePublished":"2024-05-15T06:02:34+00:00","dateModified":"2024-10-19T10:13:42+00:00","description":"This is a machine use for truck and bus wheel polishing usage, it can polish a rim into a mirror shine without human labor.","breadcrumb":{"@id":"https:\/\/hq-ym.com\/product\/truck-rim-replica-polishing-machine\/#breadcrumb"},"inLanguage":"de-DE","potentialAction":[{"@type":"ReadAction","target":["https:\/\/hq-ym.com\/product\/truck-rim-replica-polishing-machine\/"]}]},{"@type":"ImageObject","inLanguage":"de-DE","@id":"https:\/\/hq-ym.com\/product\/truck-rim-replica-polishing-machine\/#primaryimage","url":"https:\/\/hq-ym.com\/wp-content\/uploads\/2024\/05\/\u5361\u5df4\u8f6e\u56fe\u7247.webp","contentUrl":"https:\/\/hq-ym.com\/wp-content\/uploads\/2024\/05\/\u5361\u5df4\u8f6e\u56fe\u7247.webp","width":1412,"height":1413,"caption":"truck wheel polish machine"},{"@type":"BreadcrumbList","@id":"https:\/\/hq-ym.com\/product\/truck-rim-replica-polishing-machine\/#breadcrumb","itemListElement":[{"@type":"ListItem","position":1,"name":"\u9996\u9875","item":"https:\/\/hq-ym.com\/"},{"@type":"ListItem","position":2,"name":"Products","item":"https:\/\/hq-ym.com\/products\/"},{"@type":"ListItem","position":3,"name":"Truck Wheel Polishing Machine Replica Rim Shape Polishing"}]},{"@type":"WebSite","@id":"https:\/\/hq-ym.com\/#website","url":"https:\/\/hq-ym.com\/","name":"Hua Qing Grinding Technology (Shenzhen) Co., Ltd","description":"Sales of the rotary rim polishing machines, media and compounds. Polishing wheels from raw-deep machining marks to a mirror finish without hand polishing.","publisher":{"@id":"https:\/\/hq-ym.com\/#organization"},"potentialAction":[{"@type":"SearchAction","target":{"@type":"EntryPoint","urlTemplate":"https:\/\/hq-ym.com\/?s={search_term_string}"},"query-input":"required name=search_term_string"}],"inLanguage":"de-DE"},{"@type":"Organization","@id":"https:\/\/hq-ym.com\/#organization","name":"Hua Qing Grinding Technology (Shenzhen) Co., Ltd","url":"https:\/\/hq-ym.com\/","logo":{"@type":"ImageObject","inLanguage":"de-DE","@id":"https:\/\/hq-ym.com\/#\/schema\/logo\/image\/","url":"https:\/\/hq-ym.com\/wp-content\/uploads\/2024\/11\/Huaqing-grinding-logo-bl_11zon.webp","contentUrl":"https:\/\/hq-ym.com\/wp-content\/uploads\/2024\/11\/Huaqing-grinding-logo-bl_11zon.webp","width":1067,"height":254,"caption":"Hua Qing Grinding Technology (Shenzhen) Co., Ltd"},"image":{"@id":"https:\/\/hq-ym.com\/#\/schema\/logo\/image\/"},"sameAs":["https:\/\/www.instagram.com\/hua_qing_polishing\/","https:\/\/www.linkedin.com\/company\/104088516\/admin\/dashboard\/"]}]}},"_links":{"self":[{"href":"https:\/\/hq-ym.com\/de\/wp-json\/wp\/v2\/product\/4951"}],"collection":[{"href":"https:\/\/hq-ym.com\/de\/wp-json\/wp\/v2\/product"}],"about":[{"href":"https:\/\/hq-ym.com\/de\/wp-json\/wp\/v2\/types\/product"}],"version-history":[{"count":4,"href":"https:\/\/hq-ym.com\/de\/wp-json\/wp\/v2\/product\/4951\/revisions"}],"predecessor-version":[{"id":5894,"href":"https:\/\/hq-ym.com\/de\/wp-json\/wp\/v2\/product\/4951\/revisions\/5894"}],"wp:featuredmedia":[{"embeddable":true,"href":"https:\/\/hq-ym.com\/de\/wp-json\/wp\/v2\/media\/5880"}],"wp:attachment":[{"href":"https:\/\/hq-ym.com\/de\/wp-json\/wp\/v2\/media?parent=4951"}],"wp:term":[{"taxonomy":"product_cat","embeddable":true,"href":"https:\/\/hq-ym.com\/de\/wp-json\/wp\/v2\/product_cat?post=4951"},{"taxonomy":"product_tag","embeddable":true,"href":"https:\/\/hq-ym.com\/de\/wp-json\/wp\/v2\/product_tag?post=4951"}],"curies":[{"name":"wp","href":"https:\/\/api.w.org\/{rel}","templated":true}]}}