{"id":5018,"date":"2024-05-16T03:06:51","date_gmt":"2024-05-16T03:06:51","guid":{"rendered":"https:\/\/hq-ym.com\/?post_type=product&#038;p=5018"},"modified":"2024-11-25T09:22:18","modified_gmt":"2024-11-25T09:22:18","slug":"ceramic-wheel-rim-polishing-media-for-coarse-polishing-3","status":"publish","type":"product","link":"https:\/\/hq-ym.com\/de\/produkt\/ceramic-wheel-rim-polishing-media-for-coarse-polishing-3\/","title":{"rendered":"Medien zur Entfernung von Schleifspuren, Schleifmittelkonserven"},"content":{"rendered":"<p>Beim Schleifen und Polieren von Scheiben kann die Wahl der Medien die Qualit\u00e4t und Effizienz Ihres Prozesses erheblich beeinflussen.<\/p>\n<p>Grobkeramische Medien zeichnen sich als au\u00dfergew\u00f6hnliche Wahl f\u00fcr anspruchsvolle Anwendungen aus. Hergestellt aus hochwertigen keramischen Materialien, bieten diese Medien eine unvergleichliche Haltbarkeit und hohe Leistung.<\/p>\n<p>Seine robuste Zusammensetzung sorgt daf\u00fcr, dass es den Strapazen intensiver Schleif- und Polierarbeiten standh\u00e4lt und auch unter extremen Bedingungen seine Form und Wirksamkeit beh\u00e4lt.<\/p>\n<p>Die grobe Textur der keramischen Medien erm\u00f6glicht einen aggressiven Materialabtrag und eine schnelle Oberfl\u00e4chenveredelung und ist damit ideal f\u00fcr schwere Aufgaben.<\/p>\n<p>Ganz gleich, ob Sie mit Guss-\/Schmieder\u00e4dern oder anderen harten Werkstoffen arbeiten, grobkeramische Medien liefern gleichbleibende und zuverl\u00e4ssige Ergebnisse, steigern die Produktivit\u00e4t und erzielen hervorragende Oberfl\u00e4cheng\u00fcten. Ihre Widerstandsf\u00e4higkeit gegen\u00fcber Verschlei\u00df f\u00fchrt zu einer l\u00e4ngeren Lebensdauer, wodurch der Bedarf an h\u00e4ufigem Austausch reduziert und die Kosteneffizienz optimiert wird.<\/p>\n<p><strong>Zusammen mit unserer Scheibenpoliermaschine f\u00fcr Hochleistungsschleifen und -polieren sind grobkeramische Medien die beste L\u00f6sung, um au\u00dfergew\u00f6hnliche Ergebnisse zu erzielen, auf deren Haltbarkeit Sie sich verlassen k\u00f6nnen.<\/strong><\/p>\n<p>&nbsp;<\/p>\n<p><img fetchpriority=\"high\" decoding=\"async\" class=\"aligncenter size-large wp-image-5993\" src=\"https:\/\/hq-ym.com\/wp-content\/uploads\/2024\/11\/huaqing-polishing-wheels-1024x400.webp\" alt=\"huaqing polishing wheels\" width=\"1024\" height=\"400\" srcset=\"https:\/\/hq-ym.com\/wp-content\/uploads\/2024\/11\/huaqing-polishing-wheels-1024x400.webp 1024w, https:\/\/hq-ym.com\/wp-content\/uploads\/2024\/11\/huaqing-polishing-wheels-300x117.webp 300w, https:\/\/hq-ym.com\/wp-content\/uploads\/2024\/11\/huaqing-polishing-wheels-768x300.webp 768w, https:\/\/hq-ym.com\/wp-content\/uploads\/2024\/11\/huaqing-polishing-wheels-1536x600.webp 1536w, https:\/\/hq-ym.com\/wp-content\/uploads\/2024\/11\/huaqing-polishing-wheels-18x7.webp 18w, https:\/\/hq-ym.com\/wp-content\/uploads\/2024\/11\/huaqing-polishing-wheels-750x293.webp 750w, https:\/\/hq-ym.com\/wp-content\/uploads\/2024\/11\/huaqing-polishing-wheels-1000x391.webp 1000w, https:\/\/hq-ym.com\/wp-content\/uploads\/2024\/11\/huaqing-polishing-wheels.webp 1920w\" sizes=\"(max-width: 1024px) 100vw, 1024px\" \/><\/p>\n<p><img decoding=\"async\" class=\"aligncenter size-full wp-image-5821\" src=\"https:\/\/hq-ym.com\/wp-content\/uploads\/2024\/09\/IMG_0373-edited.webp\" alt=\"\" width=\"901\" height=\"507\" srcset=\"https:\/\/hq-ym.com\/wp-content\/uploads\/2024\/09\/IMG_0373-edited.webp 901w, https:\/\/hq-ym.com\/wp-content\/uploads\/2024\/09\/IMG_0373-edited-300x169.webp 300w, https:\/\/hq-ym.com\/wp-content\/uploads\/2024\/09\/IMG_0373-edited-768x432.webp 768w, https:\/\/hq-ym.com\/wp-content\/uploads\/2024\/09\/IMG_0373-edited-18x10.webp 18w, https:\/\/hq-ym.com\/wp-content\/uploads\/2024\/09\/IMG_0373-edited-750x422.webp 750w\" sizes=\"(max-width: 901px) 100vw, 901px\" \/><\/p>\n<p>&nbsp;<\/p>\n<p>&nbsp;<\/p>\n<h3><strong><a href=\"https:\/\/hq-ym.com\/de\/produkt\/fine-polishing-ceramic-balls-22mm-for-bright-and-chrome-finishing\/\">1. Feinpolieren Keramikkugeln 2*2mm f\u00fcr gl\u00e4nzende und Chrom Finishing<\/a><\/strong><\/h3>\n<h3><strong><a href=\"https:\/\/hq-ym.com\/de\/produkt\/ceramic-wheel-rim-polishing-media-for-medium-smoothing-polishing-2\/\">2. Keramische Felgenpoliermittel f\u00fcr mittlere Gl\u00e4ttungspolitur<\/a><\/strong><\/h3>\n<h3><strong><a href=\"https:\/\/hq-ym.com\/de\/produkt\/chemical-compound-for-ceramic-wheel-polishing-machine\/\">3. Chemische Verbindung f\u00fcr Keramikrad-Poliermaschine<\/a><\/strong><\/h3>\n<h3><strong><a href=\"https:\/\/hq-ym.com\/de\/how-to-choose-the-machine\/\">4. Wie w\u00e4hlt man eine Poliermaschine f\u00fcr keramische Felgen aus?<\/a><\/strong><\/h3>\n<p>&nbsp;<\/p>\n<p>&nbsp;<\/p>\n<p>&nbsp;<\/p>\n<p>&nbsp;<\/p>","protected":false},"excerpt":{"rendered":"<p>Dieses Medium HQ-YHG6 wird im Allgemeinen f\u00fcr die erste Stufe des Schleifens - das Grobschleifen - verwendet,<\/p>\n<p>Zusammen mit Compounds k\u00f6nnen tiefe CNC-Bearbeitungsspuren etwa 10-40 Minuten lang entfernt werden, bei 4-Stationen-Maschinen sind das etwa 10-16 Scheiben pro Stunde<\/p>\n<ol>\n<li>Entfernen von Bearbeitungsspuren an Pkw-\/Lkw-R\u00e4dern<\/li>\n<li>Aufarbeitung oder Restaurierung von Pkw-\/Lkw-R\u00e4dern<\/li>\n<li>Entfernen Sie die Gussoberfl\u00e4che des Rades in kurzer Zeit.<\/li>\n<\/ol>\n<p>&nbsp;<\/p>","protected":false},"featured_media":4483,"template":"","meta":[],"product_cat":[20,35],"product_tag":[],"class_list":{"0":"post-5018","1":"product","2":"type-product","3":"status-publish","4":"has-post-thumbnail","6":"product_cat-consumables","7":"product_cat-media","9":"first","10":"instock","11":"shipping-taxable","12":"product-type-simple"},"yoast_head":"<!-- This site is optimized with the Yoast SEO Premium plugin v22.3 (Yoast SEO v22.3) - https:\/\/yoast.com\/wordpress\/plugins\/seo\/ -->\n<title>Media for Wheel Machining Marks Removal, Abrasive Grinding Consumbles - Hua Qing Grinding Technology (Shenzhen) Co., Ltd<\/title>\n<meta name=\"description\" content=\"This media is used for wheel grinding, to remove CNC machining marks and to smooth the surface.\" \/>\n<meta name=\"robots\" content=\"index, follow, max-snippet:-1, max-image-preview:large, max-video-preview:-1\" \/>\n<link rel=\"canonical\" href=\"https:\/\/hq-ym.com\/de\/produkt\/ceramic-wheel-rim-polishing-media-for-coarse-polishing-3\/\" \/>\n<meta property=\"og:locale\" content=\"de_DE\" \/>\n<meta property=\"og:type\" content=\"article\" \/>\n<meta property=\"og:title\" content=\"Media for Wheel Machining Marks Removal, Abrasive Grinding Consumbles\" \/>\n<meta property=\"og:description\" content=\"This media is used for wheel grinding, to remove CNC machining marks and to smooth the surface.\" \/>\n<meta property=\"og:url\" content=\"https:\/\/hq-ym.com\/de\/produkt\/ceramic-wheel-rim-polishing-media-for-coarse-polishing-3\/\" \/>\n<meta property=\"og:site_name\" content=\"Hua Qing Grinding Technology (Shenzhen) Co., Ltd\" \/>\n<meta property=\"article:modified_time\" content=\"2024-11-25T09:22:18+00:00\" \/>\n<meta property=\"og:image\" content=\"https:\/\/hq-ym.com\/wp-content\/uploads\/2024\/05\/IMG_8035-2-1-scaled.jpg\" \/>\n\t<meta property=\"og:image:width\" content=\"2560\" \/>\n\t<meta property=\"og:image:height\" content=\"2560\" \/>\n\t<meta property=\"og:image:type\" content=\"image\/jpeg\" \/>\n<meta name=\"twitter:card\" content=\"summary_large_image\" \/>\n<meta name=\"twitter:label1\" content=\"Gesch\u00e4tzte Lesezeit\" \/>\n\t<meta name=\"twitter:data1\" content=\"2 Minuten\" \/>\n<script type=\"application\/ld+json\" class=\"yoast-schema-graph\">{\"@context\":\"https:\/\/schema.org\",\"@graph\":[{\"@type\":\"WebPage\",\"@id\":\"https:\/\/hq-ym.com\/product\/ceramic-wheel-rim-polishing-media-for-coarse-polishing-3\/\",\"url\":\"https:\/\/hq-ym.com\/product\/ceramic-wheel-rim-polishing-media-for-coarse-polishing-3\/\",\"name\":\"Media for Wheel Machining Marks Removal, Abrasive Grinding Consumbles - Hua Qing Grinding Technology (Shenzhen) Co., Ltd\",\"isPartOf\":{\"@id\":\"https:\/\/hq-ym.com\/#website\"},\"primaryImageOfPage\":{\"@id\":\"https:\/\/hq-ym.com\/product\/ceramic-wheel-rim-polishing-media-for-coarse-polishing-3\/#primaryimage\"},\"image\":{\"@id\":\"https:\/\/hq-ym.com\/product\/ceramic-wheel-rim-polishing-media-for-coarse-polishing-3\/#primaryimage\"},\"thumbnailUrl\":\"https:\/\/hq-ym.com\/wp-content\/uploads\/2024\/05\/IMG_8035-2-1-scaled.jpg\",\"datePublished\":\"2024-05-16T03:06:51+00:00\",\"dateModified\":\"2024-11-25T09:22:18+00:00\",\"description\":\"This media is used for wheel grinding, to remove CNC machining marks and to smooth the surface.\",\"breadcrumb\":{\"@id\":\"https:\/\/hq-ym.com\/product\/ceramic-wheel-rim-polishing-media-for-coarse-polishing-3\/#breadcrumb\"},\"inLanguage\":\"de-DE\",\"potentialAction\":[{\"@type\":\"ReadAction\",\"target\":[\"https:\/\/hq-ym.com\/product\/ceramic-wheel-rim-polishing-media-for-coarse-polishing-3\/\"]}]},{\"@type\":\"ImageObject\",\"inLanguage\":\"de-DE\",\"@id\":\"https:\/\/hq-ym.com\/product\/ceramic-wheel-rim-polishing-media-for-coarse-polishing-3\/#primaryimage\",\"url\":\"https:\/\/hq-ym.com\/wp-content\/uploads\/2024\/05\/IMG_8035-2-1-scaled.jpg\",\"contentUrl\":\"https:\/\/hq-ym.com\/wp-content\/uploads\/2024\/05\/IMG_8035-2-1-scaled.jpg\",\"width\":2560,\"height\":2560,\"caption\":\"ceramic balls\"},{\"@type\":\"BreadcrumbList\",\"@id\":\"https:\/\/hq-ym.com\/product\/ceramic-wheel-rim-polishing-media-for-coarse-polishing-3\/#breadcrumb\",\"itemListElement\":[{\"@type\":\"ListItem\",\"position\":1,\"name\":\"\u9996\u9875\",\"item\":\"https:\/\/hq-ym.com\/\"},{\"@type\":\"ListItem\",\"position\":2,\"name\":\"Products\",\"item\":\"https:\/\/hq-ym.com\/products\/\"},{\"@type\":\"ListItem\",\"position\":3,\"name\":\"Media for Wheel Machining Marks Removal, Abrasive Grinding Consumbles\"}]},{\"@type\":\"WebSite\",\"@id\":\"https:\/\/hq-ym.com\/#website\",\"url\":\"https:\/\/hq-ym.com\/\",\"name\":\"Hua Qing Grinding Technology (Shenzhen) Co., Ltd\",\"description\":\"Sales of the rotary rim polishing machines, media and compounds. Polishing wheels from raw-deep machining marks to a mirror finish without hand polishing.\",\"publisher\":{\"@id\":\"https:\/\/hq-ym.com\/#organization\"},\"potentialAction\":[{\"@type\":\"SearchAction\",\"target\":{\"@type\":\"EntryPoint\",\"urlTemplate\":\"https:\/\/hq-ym.com\/?s={search_term_string}\"},\"query-input\":\"required name=search_term_string\"}],\"inLanguage\":\"de-DE\"},{\"@type\":\"Organization\",\"@id\":\"https:\/\/hq-ym.com\/#organization\",\"name\":\"Hua Qing Grinding Technology (Shenzhen) Co., Ltd\",\"url\":\"https:\/\/hq-ym.com\/\",\"logo\":{\"@type\":\"ImageObject\",\"inLanguage\":\"de-DE\",\"@id\":\"https:\/\/hq-ym.com\/#\/schema\/logo\/image\/\",\"url\":\"https:\/\/hq-ym.com\/wp-content\/uploads\/2024\/11\/Huaqing-grinding-logo-bl_11zon.webp\",\"contentUrl\":\"https:\/\/hq-ym.com\/wp-content\/uploads\/2024\/11\/Huaqing-grinding-logo-bl_11zon.webp\",\"width\":1067,\"height\":254,\"caption\":\"Hua Qing Grinding Technology (Shenzhen) Co., Ltd\"},\"image\":{\"@id\":\"https:\/\/hq-ym.com\/#\/schema\/logo\/image\/\"},\"sameAs\":[\"https:\/\/www.instagram.com\/hua_qing_polishing\/\",\"https:\/\/www.linkedin.com\/company\/104088516\/admin\/dashboard\/\"]}]}<\/script>\n<!-- \/ Yoast SEO Premium plugin. -->","yoast_head_json":{"title":"Media for Wheel Machining Marks Removal, Abrasive Grinding Consumbles - Hua Qing Grinding Technology (Shenzhen) Co., Ltd","description":"This media is used for wheel grinding, to remove CNC machining marks and to smooth the surface.","robots":{"index":"index","follow":"follow","max-snippet":"max-snippet:-1","max-image-preview":"max-image-preview:large","max-video-preview":"max-video-preview:-1"},"canonical":"https:\/\/hq-ym.com\/de\/produkt\/ceramic-wheel-rim-polishing-media-for-coarse-polishing-3\/","og_locale":"de_DE","og_type":"article","og_title":"Media for Wheel Machining Marks Removal, Abrasive Grinding Consumbles","og_description":"This media is used for wheel grinding, to remove CNC machining marks and to smooth the surface.","og_url":"https:\/\/hq-ym.com\/de\/produkt\/ceramic-wheel-rim-polishing-media-for-coarse-polishing-3\/","og_site_name":"Hua Qing Grinding Technology (Shenzhen) Co., Ltd","article_modified_time":"2024-11-25T09:22:18+00:00","og_image":[{"width":2560,"height":2560,"url":"https:\/\/hq-ym.com\/wp-content\/uploads\/2024\/05\/IMG_8035-2-1-scaled.jpg","type":"image\/jpeg"}],"twitter_card":"summary_large_image","twitter_misc":{"Gesch\u00e4tzte Lesezeit":"2 Minuten"},"schema":{"@context":"https:\/\/schema.org","@graph":[{"@type":"WebPage","@id":"https:\/\/hq-ym.com\/product\/ceramic-wheel-rim-polishing-media-for-coarse-polishing-3\/","url":"https:\/\/hq-ym.com\/product\/ceramic-wheel-rim-polishing-media-for-coarse-polishing-3\/","name":"Media for Wheel Machining Marks Removal, Abrasive Grinding Consumbles - Hua Qing Grinding Technology (Shenzhen) Co., Ltd","isPartOf":{"@id":"https:\/\/hq-ym.com\/#website"},"primaryImageOfPage":{"@id":"https:\/\/hq-ym.com\/product\/ceramic-wheel-rim-polishing-media-for-coarse-polishing-3\/#primaryimage"},"image":{"@id":"https:\/\/hq-ym.com\/product\/ceramic-wheel-rim-polishing-media-for-coarse-polishing-3\/#primaryimage"},"thumbnailUrl":"https:\/\/hq-ym.com\/wp-content\/uploads\/2024\/05\/IMG_8035-2-1-scaled.jpg","datePublished":"2024-05-16T03:06:51+00:00","dateModified":"2024-11-25T09:22:18+00:00","description":"This media is used for wheel grinding, to remove CNC machining marks and to smooth the surface.","breadcrumb":{"@id":"https:\/\/hq-ym.com\/product\/ceramic-wheel-rim-polishing-media-for-coarse-polishing-3\/#breadcrumb"},"inLanguage":"de-DE","potentialAction":[{"@type":"ReadAction","target":["https:\/\/hq-ym.com\/product\/ceramic-wheel-rim-polishing-media-for-coarse-polishing-3\/"]}]},{"@type":"ImageObject","inLanguage":"de-DE","@id":"https:\/\/hq-ym.com\/product\/ceramic-wheel-rim-polishing-media-for-coarse-polishing-3\/#primaryimage","url":"https:\/\/hq-ym.com\/wp-content\/uploads\/2024\/05\/IMG_8035-2-1-scaled.jpg","contentUrl":"https:\/\/hq-ym.com\/wp-content\/uploads\/2024\/05\/IMG_8035-2-1-scaled.jpg","width":2560,"height":2560,"caption":"ceramic balls"},{"@type":"BreadcrumbList","@id":"https:\/\/hq-ym.com\/product\/ceramic-wheel-rim-polishing-media-for-coarse-polishing-3\/#breadcrumb","itemListElement":[{"@type":"ListItem","position":1,"name":"\u9996\u9875","item":"https:\/\/hq-ym.com\/"},{"@type":"ListItem","position":2,"name":"Products","item":"https:\/\/hq-ym.com\/products\/"},{"@type":"ListItem","position":3,"name":"Media for Wheel Machining Marks Removal, Abrasive Grinding Consumbles"}]},{"@type":"WebSite","@id":"https:\/\/hq-ym.com\/#website","url":"https:\/\/hq-ym.com\/","name":"Hua Qing Grinding Technology (Shenzhen) Co., Ltd","description":"Sales of the rotary rim polishing machines, media and compounds. Polishing wheels from raw-deep machining marks to a mirror finish without hand polishing.","publisher":{"@id":"https:\/\/hq-ym.com\/#organization"},"potentialAction":[{"@type":"SearchAction","target":{"@type":"EntryPoint","urlTemplate":"https:\/\/hq-ym.com\/?s={search_term_string}"},"query-input":"required name=search_term_string"}],"inLanguage":"de-DE"},{"@type":"Organization","@id":"https:\/\/hq-ym.com\/#organization","name":"Hua Qing Grinding Technology (Shenzhen) Co., Ltd","url":"https:\/\/hq-ym.com\/","logo":{"@type":"ImageObject","inLanguage":"de-DE","@id":"https:\/\/hq-ym.com\/#\/schema\/logo\/image\/","url":"https:\/\/hq-ym.com\/wp-content\/uploads\/2024\/11\/Huaqing-grinding-logo-bl_11zon.webp","contentUrl":"https:\/\/hq-ym.com\/wp-content\/uploads\/2024\/11\/Huaqing-grinding-logo-bl_11zon.webp","width":1067,"height":254,"caption":"Hua Qing Grinding Technology (Shenzhen) Co., Ltd"},"image":{"@id":"https:\/\/hq-ym.com\/#\/schema\/logo\/image\/"},"sameAs":["https:\/\/www.instagram.com\/hua_qing_polishing\/","https:\/\/www.linkedin.com\/company\/104088516\/admin\/dashboard\/"]}]}},"_links":{"self":[{"href":"https:\/\/hq-ym.com\/de\/wp-json\/wp\/v2\/product\/5018"}],"collection":[{"href":"https:\/\/hq-ym.com\/de\/wp-json\/wp\/v2\/product"}],"about":[{"href":"https:\/\/hq-ym.com\/de\/wp-json\/wp\/v2\/types\/product"}],"version-history":[{"count":3,"href":"https:\/\/hq-ym.com\/de\/wp-json\/wp\/v2\/product\/5018\/revisions"}],"predecessor-version":[{"id":6023,"href":"https:\/\/hq-ym.com\/de\/wp-json\/wp\/v2\/product\/5018\/revisions\/6023"}],"wp:featuredmedia":[{"embeddable":true,"href":"https:\/\/hq-ym.com\/de\/wp-json\/wp\/v2\/media\/4483"}],"wp:attachment":[{"href":"https:\/\/hq-ym.com\/de\/wp-json\/wp\/v2\/media?parent=5018"}],"wp:term":[{"taxonomy":"product_cat","embeddable":true,"href":"https:\/\/hq-ym.com\/de\/wp-json\/wp\/v2\/product_cat?post=5018"},{"taxonomy":"product_tag","embeddable":true,"href":"https:\/\/hq-ym.com\/de\/wp-json\/wp\/v2\/product_tag?post=5018"}],"curies":[{"name":"wp","href":"https:\/\/api.w.org\/{rel}","templated":true}]}}