{"id":5021,"date":"2024-05-16T03:09:15","date_gmt":"2024-05-16T03:09:15","guid":{"rendered":"https:\/\/hq-ym.com\/?post_type=product&#038;p=5021"},"modified":"2024-06-07T09:08:41","modified_gmt":"2024-06-07T09:08:41","slug":"ceramic-wheel-rim-polishing-media-for-medium-smoothing-polishing-2","status":"publish","type":"product","link":"https:\/\/hq-ym.com\/de\/produkt\/ceramic-wheel-rim-polishing-media-for-medium-smoothing-polishing-2\/","title":{"rendered":"Keramische Felgenpoliermittel f\u00fcr mittlere Gl\u00e4ttungspolitur"},"content":{"rendered":"<p style=\"color: #494242;\" data-sider-select-id=\"e2c83c0c-39d8-40f3-a324-f2a6db790846\">Um die hochglanzpolierte Oberfl\u00e4che der Radnabe zu erreichen, sind 3 Bearbeitungsschritte notwendig:<\/p>\n<p style=\"color: #494242;\">Schritt 1: Die grobe Schleifscheibe verwendet 6*6mm konzentrierte Reiniger- und Poliermittelmedien f\u00fcr den Schleifprozess. Je nach Ausgangszustand der Oberfl\u00e4che kann die Behandlungszeit 0,5 bis 2 Stunden dauern.<\/p>\n<p style=\"color: #494242;\">Schritt 2: Gl\u00e4tten Nachdem die Oberfl\u00e4che geschnitten wurde, muss sie gegl\u00e4ttet und f\u00fcr die Polierphase vorbereitet werden. Hierf\u00fcr werden 4*4 mm gro\u00dfe Schleifk\u00f6rper und Kompositmaterialien verwendet. Der Zeitaufwand f\u00fcr diesen Vorgang kann zwischen 15 und 30 Minuten liegen.<\/p>\n<p style=\"color: #494242;\">Schritt 3: Polieren Die letzte Phase besteht aus dem Polieren der Scheibe mit 2*3mm-Medien und Paste. Die Bearbeitungszeit kann 6 bis 15 Minuten betragen. Dieses Medium ist ideal, um eine gl\u00e4nzende, hochpolierte Oberfl\u00e4che zu erzielen.<\/p>\n<p><img fetchpriority=\"high\" decoding=\"async\" class=\"alignnone wp-image-4896\" src=\"https:\/\/hq-ym.com\/wp-content\/uploads\/2024\/05\/polishing-process-1024x709.jpg\" alt=\"\" width=\"764\" height=\"571\" \/><\/p>\n<p style=\"color: #494242;\">*Dies ist nur ein Richtwert, die Dauer der Endbearbeitung kann vom Ausgangszustand des Rades abh\u00e4ngen.<\/p>\n<p style=\"color: #494242;\">** Gr\u00f6\u00dfe und Form des Mediums werden so gew\u00e4hlt, dass sie zur Teilegeometrie passen und ein Einschluss des Mediums vermieden wird.<\/p>\n<p style=\"color: #494242;\">***Bei einigen R\u00e4dern sind je nach Ausgangszustand der Oberfl\u00e4che nur die letzten 2 Stufen erforderlich.<\/p>\n<p>&nbsp;<\/p>\n<p>&nbsp;<\/p>\n<p>&nbsp;<\/p>\n<p><a href=\"https:\/\/hq-ym.com\/de\/produkt\/fine-polishing-ceramic-balls-22mm-for-bright-and-chrome-finishing\/\">Feinpolieren Keramikkugeln 2*2mm f\u00fcr Glanz- und Chromfinish<\/a><\/p>\n<p><a href=\"https:\/\/hq-ym.com\/de\/produkt\/ceramic-wheel-rim-polishing-media-for-medium-smoothing-polishing-2\/\">Keramische Felgenpoliermittel f\u00fcr mittlere Gl\u00e4ttungspolitur<\/a><\/p>\n<p><a href=\"https:\/\/hq-ym.com\/de\/produkt\/chemical-compound-for-ceramic-wheel-polishing-machine\/\">Chemische Verbindung f\u00fcr Poliermaschinen f\u00fcr keramische Scheiben<\/a><\/p>\n<p><a href=\"https:\/\/hq-ym.com\/de\/how-to-choose-the-machine\/\">Wie w\u00e4hlt man eine Poliermaschine f\u00fcr keramische Felgen aus?<\/a><\/p>\n<p><a href=\"https:\/\/hq-ym.com\/de\/traditional-manual-polishing-vs-vibratory-machine-vs-rotary-machine-polishing\/\">Traditionelles manuelles Polieren vs. Polieren mit Vibrationsmaschinen vs. Polieren mit Rotationsmaschinen<\/a><\/p>\n<p>&nbsp;<\/p>\n<p>&nbsp;<\/p>\n<p>&nbsp;<\/p>\n<p>&nbsp;<\/p>","protected":false},"excerpt":{"rendered":"<p>Dieses keramische Trommelmedium ist f\u00fcr die mittlere Stufe des Polierens gedacht, nachdem Sie die CNC-Bearbeitungsspuren in der ersten Stufe entfernt haben.<\/p>\n<p>Dieser Schritt hilft Ihnen, die Oberfl\u00e4che zu gl\u00e4tten, wenn Sie eine spiegelglatte Oberfl\u00e4che erzielen wollen.<\/p>\n<p>Abmessung 4*4 mm<\/p>\n<ol>\n<li>Glattes Auto &amp; <strong>Lkw<\/strong> Felgen Oberfl\u00e4che<\/li>\n<li>Glatte geschmiedete und gegossene Felgen<\/li>\n<li>Aufarbeitung von geschmiedeten und gegossenen Felgen<\/li>\n<li>Schmutz und Kratzer entfernen<\/li>\n<\/ol>\n<p>&nbsp;<\/p>","protected":false},"featured_media":4417,"template":"","meta":[],"product_cat":[20,35],"product_tag":[],"class_list":{"0":"post-5021","1":"product","2":"type-product","3":"status-publish","4":"has-post-thumbnail","6":"product_cat-consumables","7":"product_cat-media","9":"first","10":"instock","11":"shipping-taxable","12":"product-type-simple"},"yoast_head":"<!-- This site is optimized with the Yoast SEO Premium plugin v22.3 (Yoast SEO v22.3) - https:\/\/yoast.com\/wordpress\/plugins\/seo\/ -->\n<title>Ceramic Media for Wheel Rim Polishing Machine<\/title>\n<meta name=\"description\" content=\"This ceramic media is used for rim polishing second step \u2013 medium polishing, grinding together with compounds can smooth the cost and forge wheels\" \/>\n<meta name=\"robots\" content=\"index, follow, max-snippet:-1, max-image-preview:large, max-video-preview:-1\" \/>\n<link rel=\"canonical\" href=\"https:\/\/hq-ym.com\/de\/produkt\/ceramic-wheel-rim-polishing-media-for-medium-smoothing-polishing-2\/\" \/>\n<meta property=\"og:locale\" content=\"de_DE\" \/>\n<meta property=\"og:type\" content=\"article\" \/>\n<meta property=\"og:title\" content=\"Ceramic Wheel Rim Polishing Media for Medium Smoothing Polishing\" \/>\n<meta property=\"og:description\" content=\"This ceramic media is used for rim polishing second step \u2013 medium polishing, grinding together with compounds can smooth the cost and forge wheels\" \/>\n<meta property=\"og:url\" content=\"https:\/\/hq-ym.com\/de\/produkt\/ceramic-wheel-rim-polishing-media-for-medium-smoothing-polishing-2\/\" \/>\n<meta property=\"og:site_name\" content=\"Hua Qing Grinding Technology (Shenzhen) Co., Ltd\" \/>\n<meta property=\"article:modified_time\" content=\"2024-06-07T09:08:41+00:00\" \/>\n<meta property=\"og:image\" content=\"https:\/\/hq-ym.com\/wp-content\/uploads\/2024\/05\/polish-media-scaled.jpg\" \/>\n\t<meta property=\"og:image:width\" content=\"2560\" \/>\n\t<meta property=\"og:image:height\" content=\"2560\" \/>\n\t<meta property=\"og:image:type\" content=\"image\/jpeg\" \/>\n<meta name=\"twitter:card\" content=\"summary_large_image\" \/>\n<meta name=\"twitter:label1\" content=\"Gesch\u00e4tzte Lesezeit\" \/>\n\t<meta name=\"twitter:data1\" content=\"2 Minuten\" \/>\n<script type=\"application\/ld+json\" class=\"yoast-schema-graph\">{\"@context\":\"https:\/\/schema.org\",\"@graph\":[{\"@type\":\"WebPage\",\"@id\":\"https:\/\/hq-ym.com\/product\/ceramic-wheel-rim-polishing-media-for-medium-smoothing-polishing-2\/\",\"url\":\"https:\/\/hq-ym.com\/product\/ceramic-wheel-rim-polishing-media-for-medium-smoothing-polishing-2\/\",\"name\":\"Ceramic Media for Wheel Rim Polishing Machine\",\"isPartOf\":{\"@id\":\"https:\/\/hq-ym.com\/#website\"},\"primaryImageOfPage\":{\"@id\":\"https:\/\/hq-ym.com\/product\/ceramic-wheel-rim-polishing-media-for-medium-smoothing-polishing-2\/#primaryimage\"},\"image\":{\"@id\":\"https:\/\/hq-ym.com\/product\/ceramic-wheel-rim-polishing-media-for-medium-smoothing-polishing-2\/#primaryimage\"},\"thumbnailUrl\":\"https:\/\/hq-ym.com\/wp-content\/uploads\/2024\/05\/polish-media-scaled.jpg\",\"datePublished\":\"2024-05-16T03:09:15+00:00\",\"dateModified\":\"2024-06-07T09:08:41+00:00\",\"description\":\"This ceramic media is used for rim polishing second step \u2013 medium polishing, grinding together with compounds can smooth the cost and forge wheels\",\"breadcrumb\":{\"@id\":\"https:\/\/hq-ym.com\/product\/ceramic-wheel-rim-polishing-media-for-medium-smoothing-polishing-2\/#breadcrumb\"},\"inLanguage\":\"de-DE\",\"potentialAction\":[{\"@type\":\"ReadAction\",\"target\":[\"https:\/\/hq-ym.com\/product\/ceramic-wheel-rim-polishing-media-for-medium-smoothing-polishing-2\/\"]}]},{\"@type\":\"ImageObject\",\"inLanguage\":\"de-DE\",\"@id\":\"https:\/\/hq-ym.com\/product\/ceramic-wheel-rim-polishing-media-for-medium-smoothing-polishing-2\/#primaryimage\",\"url\":\"https:\/\/hq-ym.com\/wp-content\/uploads\/2024\/05\/polish-media-scaled.jpg\",\"contentUrl\":\"https:\/\/hq-ym.com\/wp-content\/uploads\/2024\/05\/polish-media-scaled.jpg\",\"width\":2560,\"height\":2560,\"caption\":\"polish media balls\"},{\"@type\":\"BreadcrumbList\",\"@id\":\"https:\/\/hq-ym.com\/product\/ceramic-wheel-rim-polishing-media-for-medium-smoothing-polishing-2\/#breadcrumb\",\"itemListElement\":[{\"@type\":\"ListItem\",\"position\":1,\"name\":\"\u9996\u9875\",\"item\":\"https:\/\/hq-ym.com\/\"},{\"@type\":\"ListItem\",\"position\":2,\"name\":\"Products\",\"item\":\"https:\/\/hq-ym.com\/products\/\"},{\"@type\":\"ListItem\",\"position\":3,\"name\":\"Ceramic Wheel Rim Polishing Media for Medium Smoothing Polishing\"}]},{\"@type\":\"WebSite\",\"@id\":\"https:\/\/hq-ym.com\/#website\",\"url\":\"https:\/\/hq-ym.com\/\",\"name\":\"Hua Qing Grinding Technology (Shenzhen) Co., Ltd\",\"description\":\"Sales of the rotary rim polishing machines, media and compounds. Polishing wheels from raw-deep machining marks to a mirror finish without hand polishing.\",\"publisher\":{\"@id\":\"https:\/\/hq-ym.com\/#organization\"},\"potentialAction\":[{\"@type\":\"SearchAction\",\"target\":{\"@type\":\"EntryPoint\",\"urlTemplate\":\"https:\/\/hq-ym.com\/?s={search_term_string}\"},\"query-input\":\"required name=search_term_string\"}],\"inLanguage\":\"de-DE\"},{\"@type\":\"Organization\",\"@id\":\"https:\/\/hq-ym.com\/#organization\",\"name\":\"Hua Qing Grinding Technology (Shenzhen) Co., Ltd\",\"url\":\"https:\/\/hq-ym.com\/\",\"logo\":{\"@type\":\"ImageObject\",\"inLanguage\":\"de-DE\",\"@id\":\"https:\/\/hq-ym.com\/#\/schema\/logo\/image\/\",\"url\":\"https:\/\/hq-ym.com\/wp-content\/uploads\/2024\/11\/Huaqing-grinding-logo-bl_11zon.webp\",\"contentUrl\":\"https:\/\/hq-ym.com\/wp-content\/uploads\/2024\/11\/Huaqing-grinding-logo-bl_11zon.webp\",\"width\":1067,\"height\":254,\"caption\":\"Hua Qing Grinding Technology (Shenzhen) Co., Ltd\"},\"image\":{\"@id\":\"https:\/\/hq-ym.com\/#\/schema\/logo\/image\/\"},\"sameAs\":[\"https:\/\/www.instagram.com\/hua_qing_polishing\/\",\"https:\/\/www.linkedin.com\/company\/104088516\/admin\/dashboard\/\"]}]}<\/script>\n<!-- \/ Yoast SEO Premium plugin. -->","yoast_head_json":{"title":"Ceramic Media for Wheel Rim Polishing Machine","description":"This ceramic media is used for rim polishing second step \u2013 medium polishing, grinding together with compounds can smooth the cost and forge wheels","robots":{"index":"index","follow":"follow","max-snippet":"max-snippet:-1","max-image-preview":"max-image-preview:large","max-video-preview":"max-video-preview:-1"},"canonical":"https:\/\/hq-ym.com\/de\/produkt\/ceramic-wheel-rim-polishing-media-for-medium-smoothing-polishing-2\/","og_locale":"de_DE","og_type":"article","og_title":"Ceramic Wheel Rim Polishing Media for Medium Smoothing Polishing","og_description":"This ceramic media is used for rim polishing second step \u2013 medium polishing, grinding together with compounds can smooth the cost and forge wheels","og_url":"https:\/\/hq-ym.com\/de\/produkt\/ceramic-wheel-rim-polishing-media-for-medium-smoothing-polishing-2\/","og_site_name":"Hua Qing Grinding Technology (Shenzhen) Co., Ltd","article_modified_time":"2024-06-07T09:08:41+00:00","og_image":[{"width":2560,"height":2560,"url":"https:\/\/hq-ym.com\/wp-content\/uploads\/2024\/05\/polish-media-scaled.jpg","type":"image\/jpeg"}],"twitter_card":"summary_large_image","twitter_misc":{"Gesch\u00e4tzte Lesezeit":"2 Minuten"},"schema":{"@context":"https:\/\/schema.org","@graph":[{"@type":"WebPage","@id":"https:\/\/hq-ym.com\/product\/ceramic-wheel-rim-polishing-media-for-medium-smoothing-polishing-2\/","url":"https:\/\/hq-ym.com\/product\/ceramic-wheel-rim-polishing-media-for-medium-smoothing-polishing-2\/","name":"Ceramic Media for Wheel Rim Polishing Machine","isPartOf":{"@id":"https:\/\/hq-ym.com\/#website"},"primaryImageOfPage":{"@id":"https:\/\/hq-ym.com\/product\/ceramic-wheel-rim-polishing-media-for-medium-smoothing-polishing-2\/#primaryimage"},"image":{"@id":"https:\/\/hq-ym.com\/product\/ceramic-wheel-rim-polishing-media-for-medium-smoothing-polishing-2\/#primaryimage"},"thumbnailUrl":"https:\/\/hq-ym.com\/wp-content\/uploads\/2024\/05\/polish-media-scaled.jpg","datePublished":"2024-05-16T03:09:15+00:00","dateModified":"2024-06-07T09:08:41+00:00","description":"This ceramic media is used for rim polishing second step \u2013 medium polishing, grinding together with compounds can smooth the cost and forge wheels","breadcrumb":{"@id":"https:\/\/hq-ym.com\/product\/ceramic-wheel-rim-polishing-media-for-medium-smoothing-polishing-2\/#breadcrumb"},"inLanguage":"de-DE","potentialAction":[{"@type":"ReadAction","target":["https:\/\/hq-ym.com\/product\/ceramic-wheel-rim-polishing-media-for-medium-smoothing-polishing-2\/"]}]},{"@type":"ImageObject","inLanguage":"de-DE","@id":"https:\/\/hq-ym.com\/product\/ceramic-wheel-rim-polishing-media-for-medium-smoothing-polishing-2\/#primaryimage","url":"https:\/\/hq-ym.com\/wp-content\/uploads\/2024\/05\/polish-media-scaled.jpg","contentUrl":"https:\/\/hq-ym.com\/wp-content\/uploads\/2024\/05\/polish-media-scaled.jpg","width":2560,"height":2560,"caption":"polish media balls"},{"@type":"BreadcrumbList","@id":"https:\/\/hq-ym.com\/product\/ceramic-wheel-rim-polishing-media-for-medium-smoothing-polishing-2\/#breadcrumb","itemListElement":[{"@type":"ListItem","position":1,"name":"\u9996\u9875","item":"https:\/\/hq-ym.com\/"},{"@type":"ListItem","position":2,"name":"Products","item":"https:\/\/hq-ym.com\/products\/"},{"@type":"ListItem","position":3,"name":"Ceramic Wheel Rim Polishing Media for Medium Smoothing Polishing"}]},{"@type":"WebSite","@id":"https:\/\/hq-ym.com\/#website","url":"https:\/\/hq-ym.com\/","name":"Hua Qing Grinding Technology (Shenzhen) Co., Ltd","description":"Sales of the rotary rim polishing machines, media and compounds. Polishing wheels from raw-deep machining marks to a mirror finish without hand polishing.","publisher":{"@id":"https:\/\/hq-ym.com\/#organization"},"potentialAction":[{"@type":"SearchAction","target":{"@type":"EntryPoint","urlTemplate":"https:\/\/hq-ym.com\/?s={search_term_string}"},"query-input":"required name=search_term_string"}],"inLanguage":"de-DE"},{"@type":"Organization","@id":"https:\/\/hq-ym.com\/#organization","name":"Hua Qing Grinding Technology (Shenzhen) Co., Ltd","url":"https:\/\/hq-ym.com\/","logo":{"@type":"ImageObject","inLanguage":"de-DE","@id":"https:\/\/hq-ym.com\/#\/schema\/logo\/image\/","url":"https:\/\/hq-ym.com\/wp-content\/uploads\/2024\/11\/Huaqing-grinding-logo-bl_11zon.webp","contentUrl":"https:\/\/hq-ym.com\/wp-content\/uploads\/2024\/11\/Huaqing-grinding-logo-bl_11zon.webp","width":1067,"height":254,"caption":"Hua Qing Grinding Technology (Shenzhen) Co., Ltd"},"image":{"@id":"https:\/\/hq-ym.com\/#\/schema\/logo\/image\/"},"sameAs":["https:\/\/www.instagram.com\/hua_qing_polishing\/","https:\/\/www.linkedin.com\/company\/104088516\/admin\/dashboard\/"]}]}},"_links":{"self":[{"href":"https:\/\/hq-ym.com\/de\/wp-json\/wp\/v2\/product\/5021"}],"collection":[{"href":"https:\/\/hq-ym.com\/de\/wp-json\/wp\/v2\/product"}],"about":[{"href":"https:\/\/hq-ym.com\/de\/wp-json\/wp\/v2\/types\/product"}],"version-history":[{"count":0,"href":"https:\/\/hq-ym.com\/de\/wp-json\/wp\/v2\/product\/5021\/revisions"}],"wp:featuredmedia":[{"embeddable":true,"href":"https:\/\/hq-ym.com\/de\/wp-json\/wp\/v2\/media\/4417"}],"wp:attachment":[{"href":"https:\/\/hq-ym.com\/de\/wp-json\/wp\/v2\/media?parent=5021"}],"wp:term":[{"taxonomy":"product_cat","embeddable":true,"href":"https:\/\/hq-ym.com\/de\/wp-json\/wp\/v2\/product_cat?post=5021"},{"taxonomy":"product_tag","embeddable":true,"href":"https:\/\/hq-ym.com\/de\/wp-json\/wp\/v2\/product_tag?post=5021"}],"curies":[{"name":"wp","href":"https:\/\/api.w.org\/{rel}","templated":true}]}}