{"id":4430,"date":"2024-05-10T03:54:13","date_gmt":"2024-05-10T03:54:13","guid":{"rendered":"https:\/\/hq-ym.com\/?post_type=product&#038;p=4430"},"modified":"2024-05-16T02:59:27","modified_gmt":"2024-05-16T02:59:27","slug":"ceramic-wheel-rim-polishing-media","status":"publish","type":"product","link":"https:\/\/hq-ym.com\/es\/producto\/ceramic-wheel-rim-polishing-media\/","title":{"rendered":"Bolas cer\u00e1micas para pulido de llantas"},"content":{"rendered":"<p>Para conseguir un acabado muy pulido, las ruedas pueden pasar por 3 fases de procesamiento:<\/p>\n<p>Paso 1: Las muelas de rectificado grueso pasan por el proceso de rectificado utilizando una media de 6*6 mm que es un compuesto concentrado de limpieza y pulido. Dependiendo del estado inicial de la superficie, el proceso puede durar entre 0,5 y 2 horas.<\/p>\n<p>Paso 2: Alisado Una vez recortada la superficie, hay que alisarla y prepararla para la fase de pulido. Para ello se utiliza un material de 4*4 mm y un compuesto. El tiempo necesario para llevar a cabo este proceso puede variar entre 15 y 30 minutos.<\/p>\n<p>Etapa 3: Pulido La etapa final incluye el pulido de las ruedas con material de 2*3 mm y compuesto. El proceso puede durar entre 6 y 15 minutos. Este material es ideal para conseguir un acabado brillante y muy pulido.<\/p>\n<p>&nbsp;<\/p>\n<p>* Esto es s\u00f3lo orientativo y la duraci\u00f3n del proceso de acabado puede depender del estado inicial de las ruedas.<\/p>\n<p>** El tama\u00f1o y la forma del material se seleccionar\u00e1n para adaptarlos a la geometr\u00eda de la pieza y evitar que el material se atasque.<\/p>\n<p>***En funci\u00f3n del estado inicial de la superficie, es posible que algunas ruedas s\u00f3lo necesiten las 2 \u00faltimas etapas.<\/p>","protected":false},"excerpt":{"rendered":"<p>To achieve a highly polished finish wheels can go through 3 processing steps: Step 1: Coarse Grinding Wheels go through the grinding process using media 6*6mm which is a concentrated cleaner and polishing compound . Depending on the initial condition of the surface the process time can take between 0.5 to 2 hours. Step 2: [&hellip;]<\/p>","protected":false},"featured_media":5013,"template":"","meta":[],"product_cat":[20,35],"product_tag":[],"class_list":{"0":"post-4430","1":"product","2":"type-product","3":"status-publish","4":"has-post-thumbnail","6":"product_cat-consumables","7":"product_cat-media","9":"first","10":"instock","11":"shipping-taxable","12":"product-type-simple"},"yoast_head":"<!-- This site is optimized with the Yoast SEO Premium plugin v22.3 (Yoast SEO v22.3) - https:\/\/yoast.com\/wordpress\/plugins\/seo\/ -->\n<title>Ceramic Media Balls for Wheel Rim Polishing - Hua Qing Grinding Technology (Shenzhen) Co., Ltd<\/title>\n<meta name=\"robots\" content=\"index, follow, max-snippet:-1, max-image-preview:large, max-video-preview:-1\" \/>\n<link rel=\"canonical\" href=\"https:\/\/hq-ym.com\/es\/producto\/ceramic-wheel-rim-polishing-media\/\" \/>\n<meta property=\"og:locale\" content=\"es_ES\" \/>\n<meta property=\"og:type\" content=\"article\" \/>\n<meta property=\"og:title\" content=\"Ceramic Media Balls for Wheel Rim Polishing\" \/>\n<meta property=\"og:description\" content=\"To achieve a highly polished finish wheels can go through 3 processing steps: Step 1: Coarse Grinding Wheels go through the grinding process using media 6*6mm which is a concentrated cleaner and polishing compound . Depending on the initial condition of the surface the process time can take between 0.5 to 2 hours. Step 2: [&hellip;]\" \/>\n<meta property=\"og:url\" content=\"https:\/\/hq-ym.com\/es\/producto\/ceramic-wheel-rim-polishing-media\/\" \/>\n<meta property=\"og:site_name\" content=\"Hua Qing Grinding Technology (Shenzhen) Co., Ltd\" \/>\n<meta property=\"article:modified_time\" content=\"2024-05-16T02:59:27+00:00\" \/>\n<meta property=\"og:image\" content=\"https:\/\/i0.wp.com\/hq-ym.com\/wp-content\/uploads\/2024\/05\/polish-media-3-1.jpg?fit=1000%2C1000&ssl=1\" \/>\n\t<meta property=\"og:image:width\" content=\"1000\" \/>\n\t<meta property=\"og:image:height\" content=\"1000\" \/>\n\t<meta property=\"og:image:type\" content=\"image\/jpeg\" \/>\n<meta name=\"twitter:card\" content=\"summary_large_image\" \/>\n<meta name=\"twitter:label1\" content=\"Tiempo de lectura\" \/>\n\t<meta name=\"twitter:data1\" content=\"1 minuto\" \/>\n<script type=\"application\/ld+json\" class=\"yoast-schema-graph\">{\"@context\":\"https:\/\/schema.org\",\"@graph\":[{\"@type\":\"WebPage\",\"@id\":\"https:\/\/hq-ym.com\/product\/ceramic-wheel-rim-polishing-media\/\",\"url\":\"https:\/\/hq-ym.com\/product\/ceramic-wheel-rim-polishing-media\/\",\"name\":\"Ceramic Media Balls for Wheel Rim Polishing - Hua Qing Grinding Technology (Shenzhen) Co., Ltd\",\"isPartOf\":{\"@id\":\"https:\/\/hq-ym.com\/#website\"},\"primaryImageOfPage\":{\"@id\":\"https:\/\/hq-ym.com\/product\/ceramic-wheel-rim-polishing-media\/#primaryimage\"},\"image\":{\"@id\":\"https:\/\/hq-ym.com\/product\/ceramic-wheel-rim-polishing-media\/#primaryimage\"},\"thumbnailUrl\":\"https:\/\/hq-ym.com\/wp-content\/uploads\/2024\/05\/polish-media-3-1.jpg\",\"datePublished\":\"2024-05-10T03:54:13+00:00\",\"dateModified\":\"2024-05-16T02:59:27+00:00\",\"breadcrumb\":{\"@id\":\"https:\/\/hq-ym.com\/product\/ceramic-wheel-rim-polishing-media\/#breadcrumb\"},\"inLanguage\":\"es\",\"potentialAction\":[{\"@type\":\"ReadAction\",\"target\":[\"https:\/\/hq-ym.com\/product\/ceramic-wheel-rim-polishing-media\/\"]}]},{\"@type\":\"ImageObject\",\"inLanguage\":\"es\",\"@id\":\"https:\/\/hq-ym.com\/product\/ceramic-wheel-rim-polishing-media\/#primaryimage\",\"url\":\"https:\/\/hq-ym.com\/wp-content\/uploads\/2024\/05\/polish-media-3-1.jpg\",\"contentUrl\":\"https:\/\/hq-ym.com\/wp-content\/uploads\/2024\/05\/polish-media-3-1.jpg\",\"width\":1000,\"height\":1000,\"caption\":\"ceramic polishing media\"},{\"@type\":\"BreadcrumbList\",\"@id\":\"https:\/\/hq-ym.com\/product\/ceramic-wheel-rim-polishing-media\/#breadcrumb\",\"itemListElement\":[{\"@type\":\"ListItem\",\"position\":1,\"name\":\"\u9996\u9875\",\"item\":\"https:\/\/hq-ym.com\/\"},{\"@type\":\"ListItem\",\"position\":2,\"name\":\"Products\",\"item\":\"https:\/\/hq-ym.com\/products\/\"},{\"@type\":\"ListItem\",\"position\":3,\"name\":\"Ceramic Media Balls for Wheel Rim Polishing\"}]},{\"@type\":\"WebSite\",\"@id\":\"https:\/\/hq-ym.com\/#website\",\"url\":\"https:\/\/hq-ym.com\/\",\"name\":\"Hua Qing Grinding Technology (Shenzhen) Co., Ltd\",\"description\":\"Sales of the rotary rim polishing machines, media and compounds. Polishing wheels from raw-deep machining marks to a mirror finish without hand polishing.\",\"publisher\":{\"@id\":\"https:\/\/hq-ym.com\/#organization\"},\"potentialAction\":[{\"@type\":\"SearchAction\",\"target\":{\"@type\":\"EntryPoint\",\"urlTemplate\":\"https:\/\/hq-ym.com\/?s={search_term_string}\"},\"query-input\":\"required name=search_term_string\"}],\"inLanguage\":\"es\"},{\"@type\":\"Organization\",\"@id\":\"https:\/\/hq-ym.com\/#organization\",\"name\":\"Hua Qing Grinding Technology (Shenzhen) Co., Ltd\",\"url\":\"https:\/\/hq-ym.com\/\",\"logo\":{\"@type\":\"ImageObject\",\"inLanguage\":\"es\",\"@id\":\"https:\/\/hq-ym.com\/#\/schema\/logo\/image\/\",\"url\":\"https:\/\/hq-ym.com\/wp-content\/uploads\/2024\/11\/Huaqing-grinding-logo-bl_11zon.webp\",\"contentUrl\":\"https:\/\/hq-ym.com\/wp-content\/uploads\/2024\/11\/Huaqing-grinding-logo-bl_11zon.webp\",\"width\":1067,\"height\":254,\"caption\":\"Hua Qing Grinding Technology (Shenzhen) Co., Ltd\"},\"image\":{\"@id\":\"https:\/\/hq-ym.com\/#\/schema\/logo\/image\/\"},\"sameAs\":[\"https:\/\/www.instagram.com\/hua_qing_polishing\/\",\"https:\/\/www.linkedin.com\/company\/104088516\/admin\/dashboard\/\"]}]}<\/script>\n<!-- \/ Yoast SEO Premium plugin. -->","yoast_head_json":{"title":"Ceramic Media Balls for Wheel Rim Polishing - Hua Qing Grinding Technology (Shenzhen) Co., Ltd","robots":{"index":"index","follow":"follow","max-snippet":"max-snippet:-1","max-image-preview":"max-image-preview:large","max-video-preview":"max-video-preview:-1"},"canonical":"https:\/\/hq-ym.com\/es\/producto\/ceramic-wheel-rim-polishing-media\/","og_locale":"es_ES","og_type":"article","og_title":"Ceramic Media Balls for Wheel Rim Polishing","og_description":"To achieve a highly polished finish wheels can go through 3 processing steps: Step 1: Coarse Grinding Wheels go through the grinding process using media 6*6mm which is a concentrated cleaner and polishing compound . Depending on the initial condition of the surface the process time can take between 0.5 to 2 hours. Step 2: [&hellip;]","og_url":"https:\/\/hq-ym.com\/es\/producto\/ceramic-wheel-rim-polishing-media\/","og_site_name":"Hua Qing Grinding Technology (Shenzhen) Co., Ltd","article_modified_time":"2024-05-16T02:59:27+00:00","og_image":[{"width":1000,"height":1000,"url":"https:\/\/i0.wp.com\/hq-ym.com\/wp-content\/uploads\/2024\/05\/polish-media-3-1.jpg?fit=1000%2C1000&ssl=1","type":"image\/jpeg"}],"twitter_card":"summary_large_image","twitter_misc":{"Tiempo de lectura":"1 minuto"},"schema":{"@context":"https:\/\/schema.org","@graph":[{"@type":"WebPage","@id":"https:\/\/hq-ym.com\/product\/ceramic-wheel-rim-polishing-media\/","url":"https:\/\/hq-ym.com\/product\/ceramic-wheel-rim-polishing-media\/","name":"Ceramic Media Balls for Wheel Rim Polishing - Hua Qing Grinding Technology (Shenzhen) Co., Ltd","isPartOf":{"@id":"https:\/\/hq-ym.com\/#website"},"primaryImageOfPage":{"@id":"https:\/\/hq-ym.com\/product\/ceramic-wheel-rim-polishing-media\/#primaryimage"},"image":{"@id":"https:\/\/hq-ym.com\/product\/ceramic-wheel-rim-polishing-media\/#primaryimage"},"thumbnailUrl":"https:\/\/hq-ym.com\/wp-content\/uploads\/2024\/05\/polish-media-3-1.jpg","datePublished":"2024-05-10T03:54:13+00:00","dateModified":"2024-05-16T02:59:27+00:00","breadcrumb":{"@id":"https:\/\/hq-ym.com\/product\/ceramic-wheel-rim-polishing-media\/#breadcrumb"},"inLanguage":"es","potentialAction":[{"@type":"ReadAction","target":["https:\/\/hq-ym.com\/product\/ceramic-wheel-rim-polishing-media\/"]}]},{"@type":"ImageObject","inLanguage":"es","@id":"https:\/\/hq-ym.com\/product\/ceramic-wheel-rim-polishing-media\/#primaryimage","url":"https:\/\/hq-ym.com\/wp-content\/uploads\/2024\/05\/polish-media-3-1.jpg","contentUrl":"https:\/\/hq-ym.com\/wp-content\/uploads\/2024\/05\/polish-media-3-1.jpg","width":1000,"height":1000,"caption":"ceramic polishing media"},{"@type":"BreadcrumbList","@id":"https:\/\/hq-ym.com\/product\/ceramic-wheel-rim-polishing-media\/#breadcrumb","itemListElement":[{"@type":"ListItem","position":1,"name":"\u9996\u9875","item":"https:\/\/hq-ym.com\/"},{"@type":"ListItem","position":2,"name":"Products","item":"https:\/\/hq-ym.com\/products\/"},{"@type":"ListItem","position":3,"name":"Ceramic Media Balls for Wheel Rim Polishing"}]},{"@type":"WebSite","@id":"https:\/\/hq-ym.com\/#website","url":"https:\/\/hq-ym.com\/","name":"Hua Qing Grinding Technology (Shenzhen) Co., Ltd","description":"Sales of the rotary rim polishing machines, media and compounds. Polishing wheels from raw-deep machining marks to a mirror finish without hand polishing.","publisher":{"@id":"https:\/\/hq-ym.com\/#organization"},"potentialAction":[{"@type":"SearchAction","target":{"@type":"EntryPoint","urlTemplate":"https:\/\/hq-ym.com\/?s={search_term_string}"},"query-input":"required name=search_term_string"}],"inLanguage":"es"},{"@type":"Organization","@id":"https:\/\/hq-ym.com\/#organization","name":"Hua Qing Grinding Technology (Shenzhen) Co., Ltd","url":"https:\/\/hq-ym.com\/","logo":{"@type":"ImageObject","inLanguage":"es","@id":"https:\/\/hq-ym.com\/#\/schema\/logo\/image\/","url":"https:\/\/hq-ym.com\/wp-content\/uploads\/2024\/11\/Huaqing-grinding-logo-bl_11zon.webp","contentUrl":"https:\/\/hq-ym.com\/wp-content\/uploads\/2024\/11\/Huaqing-grinding-logo-bl_11zon.webp","width":1067,"height":254,"caption":"Hua Qing Grinding Technology (Shenzhen) Co., Ltd"},"image":{"@id":"https:\/\/hq-ym.com\/#\/schema\/logo\/image\/"},"sameAs":["https:\/\/www.instagram.com\/hua_qing_polishing\/","https:\/\/www.linkedin.com\/company\/104088516\/admin\/dashboard\/"]}]}},"_links":{"self":[{"href":"https:\/\/hq-ym.com\/es\/wp-json\/wp\/v2\/product\/4430"}],"collection":[{"href":"https:\/\/hq-ym.com\/es\/wp-json\/wp\/v2\/product"}],"about":[{"href":"https:\/\/hq-ym.com\/es\/wp-json\/wp\/v2\/types\/product"}],"version-history":[{"count":0,"href":"https:\/\/hq-ym.com\/es\/wp-json\/wp\/v2\/product\/4430\/revisions"}],"wp:featuredmedia":[{"embeddable":true,"href":"https:\/\/hq-ym.com\/es\/wp-json\/wp\/v2\/media\/5013"}],"wp:attachment":[{"href":"https:\/\/hq-ym.com\/es\/wp-json\/wp\/v2\/media?parent=4430"}],"wp:term":[{"taxonomy":"product_cat","embeddable":true,"href":"https:\/\/hq-ym.com\/es\/wp-json\/wp\/v2\/product_cat?post=4430"},{"taxonomy":"product_tag","embeddable":true,"href":"https:\/\/hq-ym.com\/es\/wp-json\/wp\/v2\/product_tag?post=4430"}],"curies":[{"name":"wp","href":"https:\/\/api.w.org\/{rel}","templated":true}]}}