{"id":5021,"date":"2024-05-16T03:09:15","date_gmt":"2024-05-16T03:09:15","guid":{"rendered":"https:\/\/hq-ym.com\/?post_type=product&#038;p=5021"},"modified":"2024-06-07T09:08:41","modified_gmt":"2024-06-07T09:08:41","slug":"ceramic-wheel-rim-polishing-media-for-medium-smoothing-polishing-2","status":"publish","type":"product","link":"https:\/\/hq-ym.com\/es\/producto\/ceramic-wheel-rim-polishing-media-for-medium-smoothing-polishing-2\/","title":{"rendered":"Medios de pulido de llantas de cer\u00e1mica para pulido de alisado medio"},"content":{"rendered":"<p style=\"color: #494242;\" data-sider-select-id=\"e2c83c0c-39d8-40f3-a324-f2a6db790846\">Para lograr el acabado altamente pulido del cubo de la rueda se pueden seguir 3 pasos de procesamiento:<\/p>\n<p style=\"color: #494242;\">Paso 1: La muela abrasiva gruesa utiliza medios concentrados de limpieza y pulido de 6*6 mm para el proceso de rectificado. Dependiendo del estado inicial de la superficie, el tiempo de tratamiento puede durar de 0,5 a 2 horas.<\/p>\n<p style=\"color: #494242;\">Paso 2: Alisado Una vez cortada la superficie, hay que alisarla y prepararla para la fase de pulido. Para ello se utilizan medios de 4*4 mm y materiales compuestos. El tiempo necesario para realizar este proceso puede variar entre 15 y 30 minutos.<\/p>\n<p style=\"color: #494242;\">Etapa 3: Pulido La etapa final consiste en pulir la rueda utilizando material de 2*3 mm y compuesto. El proceso puede durar entre 6 y 15 minutos. Este medio es ideal para conseguir una superficie brillante y muy pulida.<\/p>\n<p><img fetchpriority=\"high\" decoding=\"async\" class=\"alignnone wp-image-4896\" src=\"https:\/\/hq-ym.com\/wp-content\/uploads\/2024\/05\/polishing-process-1024x709.jpg\" alt=\"\" width=\"764\" height=\"571\" \/><\/p>\n<p style=\"color: #494242;\">*Esto es s\u00f3lo orientativo, la duraci\u00f3n del proceso de acabado puede depender del estado inicial de la rueda.<\/p>\n<p style=\"color: #494242;\">** El tama\u00f1o y la forma del material se seleccionar\u00e1n para adaptarse a la geometr\u00eda de la pieza y evitar que el material quede atrapado.<\/p>\n<p style=\"color: #494242;\">***Algunas ruedas pueden necesitar s\u00f3lo las 2 \u00faltimas etapas dependiendo del estado inicial de la superficie.<\/p>\n<p>&nbsp;<\/p>\n<p>&nbsp;<\/p>\n<p>&nbsp;<\/p>\n<p><a href=\"https:\/\/hq-ym.com\/es\/producto\/fine-polishing-ceramic-balls-22mm-for-bright-and-chrome-finishing\/\">Pulido fino Bolas cer\u00e1micas 2*2mm para acabado brillante y cromado<\/a><\/p>\n<p><a href=\"https:\/\/hq-ym.com\/es\/producto\/ceramic-wheel-rim-polishing-media-for-medium-smoothing-polishing-2\/\">Medios de pulido de llantas de cer\u00e1mica para pulido de alisado medio<\/a><\/p>\n<p><a href=\"https:\/\/hq-ym.com\/es\/producto\/chemical-compound-for-ceramic-wheel-polishing-machine\/\">Compuesto qu\u00edmico para m\u00e1quina pulidora de muelas cer\u00e1micas<\/a><\/p>\n<p><a href=\"https:\/\/hq-ym.com\/es\/how-to-choose-the-machine\/\">\u00bfC\u00f3mo elegir una pulidora de llantas de cer\u00e1mica?<\/a><\/p>\n<p><a href=\"https:\/\/hq-ym.com\/es\/traditional-manual-polishing-vs-vibratory-machine-vs-rotary-machine-polishing\/\">Pulido manual tradicional frente a pulido con m\u00e1quina vibratoria frente a pulido con m\u00e1quina rotativa<\/a><\/p>\n<p>&nbsp;<\/p>\n<p>&nbsp;<\/p>\n<p>&nbsp;<\/p>\n<p>&nbsp;<\/p>","protected":false},"excerpt":{"rendered":"<p>Este tambor de cer\u00e1mica es para el paso medio de pulido despu\u00e9s de deshacerse de la marca de mecanizado CNC en la primera etapa.<\/p>\n<p>Este paso te ayudar\u00e1 a alisar la superficie si vas a hacer un acabado tipo espejo.<\/p>\n<p>Dimensi\u00f3n 4*4 mm<\/p>\n<ol>\n<li>Smooth Car &amp; <strong>Cami\u00f3n<\/strong> Superficie de las llantas<\/li>\n<li>Llantas lisas forjadas y fundidas<\/li>\n<li>Renovaci\u00f3n de llantas forjadas y fundidas<\/li>\n<li>Elimina la suciedad y los ara\u00f1azos<\/li>\n<\/ol>\n<p>&nbsp;<\/p>","protected":false},"featured_media":4417,"template":"","meta":[],"product_cat":[20,35],"product_tag":[],"class_list":{"0":"post-5021","1":"product","2":"type-product","3":"status-publish","4":"has-post-thumbnail","6":"product_cat-consumables","7":"product_cat-media","9":"first","10":"instock","11":"shipping-taxable","12":"product-type-simple"},"yoast_head":"<!-- This site is optimized with the Yoast SEO Premium plugin v22.3 (Yoast SEO v22.3) - https:\/\/yoast.com\/wordpress\/plugins\/seo\/ -->\n<title>Ceramic Media for Wheel Rim Polishing Machine<\/title>\n<meta name=\"description\" content=\"This ceramic media is used for rim polishing second step \u2013 medium polishing, grinding together with compounds can smooth the cost and forge wheels\" \/>\n<meta name=\"robots\" content=\"index, follow, max-snippet:-1, max-image-preview:large, max-video-preview:-1\" \/>\n<link rel=\"canonical\" href=\"https:\/\/hq-ym.com\/es\/producto\/ceramic-wheel-rim-polishing-media-for-medium-smoothing-polishing-2\/\" \/>\n<meta property=\"og:locale\" content=\"es_ES\" \/>\n<meta property=\"og:type\" content=\"article\" \/>\n<meta property=\"og:title\" content=\"Ceramic Wheel Rim Polishing Media for Medium Smoothing Polishing\" \/>\n<meta property=\"og:description\" content=\"This ceramic media is used for rim polishing second step \u2013 medium polishing, grinding together with compounds can smooth the cost and forge wheels\" \/>\n<meta property=\"og:url\" content=\"https:\/\/hq-ym.com\/es\/producto\/ceramic-wheel-rim-polishing-media-for-medium-smoothing-polishing-2\/\" \/>\n<meta property=\"og:site_name\" content=\"Hua Qing Grinding Technology (Shenzhen) Co., Ltd\" \/>\n<meta property=\"article:modified_time\" content=\"2024-06-07T09:08:41+00:00\" \/>\n<meta property=\"og:image\" content=\"https:\/\/hq-ym.com\/wp-content\/uploads\/2024\/05\/polish-media-scaled.jpg\" \/>\n\t<meta property=\"og:image:width\" content=\"2560\" \/>\n\t<meta property=\"og:image:height\" content=\"2560\" \/>\n\t<meta property=\"og:image:type\" content=\"image\/jpeg\" \/>\n<meta name=\"twitter:card\" content=\"summary_large_image\" \/>\n<meta name=\"twitter:label1\" content=\"Tiempo de lectura\" \/>\n\t<meta name=\"twitter:data1\" content=\"2 minutos\" \/>\n<script type=\"application\/ld+json\" class=\"yoast-schema-graph\">{\"@context\":\"https:\/\/schema.org\",\"@graph\":[{\"@type\":\"WebPage\",\"@id\":\"https:\/\/hq-ym.com\/product\/ceramic-wheel-rim-polishing-media-for-medium-smoothing-polishing-2\/\",\"url\":\"https:\/\/hq-ym.com\/product\/ceramic-wheel-rim-polishing-media-for-medium-smoothing-polishing-2\/\",\"name\":\"Ceramic Media for Wheel Rim Polishing Machine\",\"isPartOf\":{\"@id\":\"https:\/\/hq-ym.com\/#website\"},\"primaryImageOfPage\":{\"@id\":\"https:\/\/hq-ym.com\/product\/ceramic-wheel-rim-polishing-media-for-medium-smoothing-polishing-2\/#primaryimage\"},\"image\":{\"@id\":\"https:\/\/hq-ym.com\/product\/ceramic-wheel-rim-polishing-media-for-medium-smoothing-polishing-2\/#primaryimage\"},\"thumbnailUrl\":\"https:\/\/hq-ym.com\/wp-content\/uploads\/2024\/05\/polish-media-scaled.jpg\",\"datePublished\":\"2024-05-16T03:09:15+00:00\",\"dateModified\":\"2024-06-07T09:08:41+00:00\",\"description\":\"This ceramic media is used for rim polishing second step \u2013 medium polishing, grinding together with compounds can smooth the cost and forge wheels\",\"breadcrumb\":{\"@id\":\"https:\/\/hq-ym.com\/product\/ceramic-wheel-rim-polishing-media-for-medium-smoothing-polishing-2\/#breadcrumb\"},\"inLanguage\":\"es\",\"potentialAction\":[{\"@type\":\"ReadAction\",\"target\":[\"https:\/\/hq-ym.com\/product\/ceramic-wheel-rim-polishing-media-for-medium-smoothing-polishing-2\/\"]}]},{\"@type\":\"ImageObject\",\"inLanguage\":\"es\",\"@id\":\"https:\/\/hq-ym.com\/product\/ceramic-wheel-rim-polishing-media-for-medium-smoothing-polishing-2\/#primaryimage\",\"url\":\"https:\/\/hq-ym.com\/wp-content\/uploads\/2024\/05\/polish-media-scaled.jpg\",\"contentUrl\":\"https:\/\/hq-ym.com\/wp-content\/uploads\/2024\/05\/polish-media-scaled.jpg\",\"width\":2560,\"height\":2560,\"caption\":\"polish media balls\"},{\"@type\":\"BreadcrumbList\",\"@id\":\"https:\/\/hq-ym.com\/product\/ceramic-wheel-rim-polishing-media-for-medium-smoothing-polishing-2\/#breadcrumb\",\"itemListElement\":[{\"@type\":\"ListItem\",\"position\":1,\"name\":\"\u9996\u9875\",\"item\":\"https:\/\/hq-ym.com\/\"},{\"@type\":\"ListItem\",\"position\":2,\"name\":\"Products\",\"item\":\"https:\/\/hq-ym.com\/products\/\"},{\"@type\":\"ListItem\",\"position\":3,\"name\":\"Ceramic Wheel Rim Polishing Media for Medium Smoothing Polishing\"}]},{\"@type\":\"WebSite\",\"@id\":\"https:\/\/hq-ym.com\/#website\",\"url\":\"https:\/\/hq-ym.com\/\",\"name\":\"Hua Qing Grinding Technology (Shenzhen) Co., Ltd\",\"description\":\"Sales of the rotary rim polishing machines, media and compounds. Polishing wheels from raw-deep machining marks to a mirror finish without hand polishing.\",\"publisher\":{\"@id\":\"https:\/\/hq-ym.com\/#organization\"},\"potentialAction\":[{\"@type\":\"SearchAction\",\"target\":{\"@type\":\"EntryPoint\",\"urlTemplate\":\"https:\/\/hq-ym.com\/?s={search_term_string}\"},\"query-input\":\"required name=search_term_string\"}],\"inLanguage\":\"es\"},{\"@type\":\"Organization\",\"@id\":\"https:\/\/hq-ym.com\/#organization\",\"name\":\"Hua Qing Grinding Technology (Shenzhen) Co., Ltd\",\"url\":\"https:\/\/hq-ym.com\/\",\"logo\":{\"@type\":\"ImageObject\",\"inLanguage\":\"es\",\"@id\":\"https:\/\/hq-ym.com\/#\/schema\/logo\/image\/\",\"url\":\"https:\/\/hq-ym.com\/wp-content\/uploads\/2024\/11\/Huaqing-grinding-logo-bl_11zon.webp\",\"contentUrl\":\"https:\/\/hq-ym.com\/wp-content\/uploads\/2024\/11\/Huaqing-grinding-logo-bl_11zon.webp\",\"width\":1067,\"height\":254,\"caption\":\"Hua Qing Grinding Technology (Shenzhen) Co., Ltd\"},\"image\":{\"@id\":\"https:\/\/hq-ym.com\/#\/schema\/logo\/image\/\"},\"sameAs\":[\"https:\/\/www.instagram.com\/hua_qing_polishing\/\",\"https:\/\/www.linkedin.com\/company\/104088516\/admin\/dashboard\/\"]}]}<\/script>\n<!-- \/ Yoast SEO Premium plugin. -->","yoast_head_json":{"title":"Ceramic Media for Wheel Rim Polishing Machine","description":"This ceramic media is used for rim polishing second step \u2013 medium polishing, grinding together with compounds can smooth the cost and forge wheels","robots":{"index":"index","follow":"follow","max-snippet":"max-snippet:-1","max-image-preview":"max-image-preview:large","max-video-preview":"max-video-preview:-1"},"canonical":"https:\/\/hq-ym.com\/es\/producto\/ceramic-wheel-rim-polishing-media-for-medium-smoothing-polishing-2\/","og_locale":"es_ES","og_type":"article","og_title":"Ceramic Wheel Rim Polishing Media for Medium Smoothing Polishing","og_description":"This ceramic media is used for rim polishing second step \u2013 medium polishing, grinding together with compounds can smooth the cost and forge wheels","og_url":"https:\/\/hq-ym.com\/es\/producto\/ceramic-wheel-rim-polishing-media-for-medium-smoothing-polishing-2\/","og_site_name":"Hua Qing Grinding Technology (Shenzhen) Co., Ltd","article_modified_time":"2024-06-07T09:08:41+00:00","og_image":[{"width":2560,"height":2560,"url":"https:\/\/hq-ym.com\/wp-content\/uploads\/2024\/05\/polish-media-scaled.jpg","type":"image\/jpeg"}],"twitter_card":"summary_large_image","twitter_misc":{"Tiempo de lectura":"2 minutos"},"schema":{"@context":"https:\/\/schema.org","@graph":[{"@type":"WebPage","@id":"https:\/\/hq-ym.com\/product\/ceramic-wheel-rim-polishing-media-for-medium-smoothing-polishing-2\/","url":"https:\/\/hq-ym.com\/product\/ceramic-wheel-rim-polishing-media-for-medium-smoothing-polishing-2\/","name":"Ceramic Media for Wheel Rim Polishing Machine","isPartOf":{"@id":"https:\/\/hq-ym.com\/#website"},"primaryImageOfPage":{"@id":"https:\/\/hq-ym.com\/product\/ceramic-wheel-rim-polishing-media-for-medium-smoothing-polishing-2\/#primaryimage"},"image":{"@id":"https:\/\/hq-ym.com\/product\/ceramic-wheel-rim-polishing-media-for-medium-smoothing-polishing-2\/#primaryimage"},"thumbnailUrl":"https:\/\/hq-ym.com\/wp-content\/uploads\/2024\/05\/polish-media-scaled.jpg","datePublished":"2024-05-16T03:09:15+00:00","dateModified":"2024-06-07T09:08:41+00:00","description":"This ceramic media is used for rim polishing second step \u2013 medium polishing, grinding together with compounds can smooth the cost and forge wheels","breadcrumb":{"@id":"https:\/\/hq-ym.com\/product\/ceramic-wheel-rim-polishing-media-for-medium-smoothing-polishing-2\/#breadcrumb"},"inLanguage":"es","potentialAction":[{"@type":"ReadAction","target":["https:\/\/hq-ym.com\/product\/ceramic-wheel-rim-polishing-media-for-medium-smoothing-polishing-2\/"]}]},{"@type":"ImageObject","inLanguage":"es","@id":"https:\/\/hq-ym.com\/product\/ceramic-wheel-rim-polishing-media-for-medium-smoothing-polishing-2\/#primaryimage","url":"https:\/\/hq-ym.com\/wp-content\/uploads\/2024\/05\/polish-media-scaled.jpg","contentUrl":"https:\/\/hq-ym.com\/wp-content\/uploads\/2024\/05\/polish-media-scaled.jpg","width":2560,"height":2560,"caption":"polish media balls"},{"@type":"BreadcrumbList","@id":"https:\/\/hq-ym.com\/product\/ceramic-wheel-rim-polishing-media-for-medium-smoothing-polishing-2\/#breadcrumb","itemListElement":[{"@type":"ListItem","position":1,"name":"\u9996\u9875","item":"https:\/\/hq-ym.com\/"},{"@type":"ListItem","position":2,"name":"Products","item":"https:\/\/hq-ym.com\/products\/"},{"@type":"ListItem","position":3,"name":"Ceramic Wheel Rim Polishing Media for Medium Smoothing Polishing"}]},{"@type":"WebSite","@id":"https:\/\/hq-ym.com\/#website","url":"https:\/\/hq-ym.com\/","name":"Hua Qing Grinding Technology (Shenzhen) Co., Ltd","description":"Sales of the rotary rim polishing machines, media and compounds. Polishing wheels from raw-deep machining marks to a mirror finish without hand polishing.","publisher":{"@id":"https:\/\/hq-ym.com\/#organization"},"potentialAction":[{"@type":"SearchAction","target":{"@type":"EntryPoint","urlTemplate":"https:\/\/hq-ym.com\/?s={search_term_string}"},"query-input":"required name=search_term_string"}],"inLanguage":"es"},{"@type":"Organization","@id":"https:\/\/hq-ym.com\/#organization","name":"Hua Qing Grinding Technology (Shenzhen) Co., Ltd","url":"https:\/\/hq-ym.com\/","logo":{"@type":"ImageObject","inLanguage":"es","@id":"https:\/\/hq-ym.com\/#\/schema\/logo\/image\/","url":"https:\/\/hq-ym.com\/wp-content\/uploads\/2024\/11\/Huaqing-grinding-logo-bl_11zon.webp","contentUrl":"https:\/\/hq-ym.com\/wp-content\/uploads\/2024\/11\/Huaqing-grinding-logo-bl_11zon.webp","width":1067,"height":254,"caption":"Hua Qing Grinding Technology (Shenzhen) Co., Ltd"},"image":{"@id":"https:\/\/hq-ym.com\/#\/schema\/logo\/image\/"},"sameAs":["https:\/\/www.instagram.com\/hua_qing_polishing\/","https:\/\/www.linkedin.com\/company\/104088516\/admin\/dashboard\/"]}]}},"_links":{"self":[{"href":"https:\/\/hq-ym.com\/es\/wp-json\/wp\/v2\/product\/5021"}],"collection":[{"href":"https:\/\/hq-ym.com\/es\/wp-json\/wp\/v2\/product"}],"about":[{"href":"https:\/\/hq-ym.com\/es\/wp-json\/wp\/v2\/types\/product"}],"version-history":[{"count":0,"href":"https:\/\/hq-ym.com\/es\/wp-json\/wp\/v2\/product\/5021\/revisions"}],"wp:featuredmedia":[{"embeddable":true,"href":"https:\/\/hq-ym.com\/es\/wp-json\/wp\/v2\/media\/4417"}],"wp:attachment":[{"href":"https:\/\/hq-ym.com\/es\/wp-json\/wp\/v2\/media?parent=5021"}],"wp:term":[{"taxonomy":"product_cat","embeddable":true,"href":"https:\/\/hq-ym.com\/es\/wp-json\/wp\/v2\/product_cat?post=5021"},{"taxonomy":"product_tag","embeddable":true,"href":"https:\/\/hq-ym.com\/es\/wp-json\/wp\/v2\/product_tag?post=5021"}],"curies":[{"name":"wp","href":"https:\/\/api.w.org\/{rel}","templated":true}]}}