{"id":5746,"date":"2024-07-31T07:25:24","date_gmt":"2024-07-31T07:25:24","guid":{"rendered":"https:\/\/hq-ym.com\/?post_type=product&#038;p=5746"},"modified":"2024-12-31T01:21:34","modified_gmt":"2024-12-31T01:21:34","slug":"multistage-ultrasonic-spray-cleaning-massive-production-industrial-washing-machine","status":"publish","type":"product","link":"https:\/\/hq-ym.com\/es\/producto\/multistage-ultrasonic-spray-cleaning-massive-production-industrial-washing-machine\/","title":{"rendered":"Lavadora industrial de producci\u00f3n masiva de limpieza por pulverizaci\u00f3n ultras\u00f3nica multietapa"},"content":{"rendered":"<p style=\"text-align: center;\"><div class=\"lyte-wrapper\" style=\"width:853px;max-width:100%;margin:5px auto;\"><div class=\"lyMe hidef\" id=\"WYL_GXE91P5i9zE\"><div id=\"lyte_GXE91P5i9zE\" data-src=\"\/\/i.ytimg.com\/vi\/GXE91P5i9zE\/maxresdefault.jpg\" class=\"pL\"><div class=\"tC\"><div class=\"tT\"><\/div><\/div><div class=\"play\"><\/div><div class=\"ctrl\"><div class=\"Lctrl\"><\/div><div class=\"Rctrl\"><\/div><\/div><\/div><noscript><a href=\"https:\/\/youtu.be\/GXE91P5i9zE\" rel=\"nofollow\"><img fetchpriority=\"high\" decoding=\"async\" src=\"https:\/\/i.ytimg.com\/vi\/GXE91P5i9zE\/0.jpg\" alt=\"\" width=\"853\" height=\"460\" \/><br \/>Watch this video on YouTube<\/a><\/noscript><\/div><\/div><div class=\"lL\" style=\"max-width:100%;width:853px;margin:5px auto;\"><\/div><\/p>\n<p>La l\u00ednea de producci\u00f3n de limpieza y secado por ultrasonidos est\u00e1 dise\u00f1ada para reducir todo el trabajo de limpieza, transporte y elevaci\u00f3n despu\u00e9s del pulido por nuestra m\u00e1quina pulidora rotativa. Personalizamos las l\u00edneas de producci\u00f3n en el espacio de sus plantas, combin\u00e1ndolas con nuestra m\u00e1quina de pulido de cer\u00e1mica, y entonces usted tendr\u00e1 un taller de producci\u00f3n de pulido completamente autom\u00e1tico.<\/p>\n<p><strong>Despu\u00e9s de la limpieza, la superficie no contiene polvo de aluminio, aditivo de fluido de corte, aceite u otros residuos.<\/strong><\/p>\n<p>Esta m\u00e1quina de limpieza es un equipo de limpieza continua controlado por PLC durante todo el proceso. Consta de una entrada con transportador de rodillos, c\u00e1maras para la limpieza continua con detergente pulverizado, c\u00e1maras para el aclarado con agua del grifo, c\u00e1maras para el aclarado con agua pura, c\u00e1maras para el soplado con aire a alta presi\u00f3n, c\u00e1maras para el secado con soplador de aire calentado y una salida con transportador de rodillos.<\/p>\n<p>Esta maravilla de la ingenier\u00eda combina vibraciones ultras\u00f3nicas con agentes de limpieza avanzados para ofrecer resultados inigualables. Cada etapa del proceso se elabora meticulosamente para abordar requisitos de limpieza espec\u00edficos, garantizando la minuciosidad y la uniformidad. Desde el desengrase y la desincrustaci\u00f3n hasta la limpieza de precisi\u00f3n de las ruedas, su interfaz intuitiva permite un funcionamiento sin problemas, mientras que su robusta construcci\u00f3n garantiza durabilidad y longevidad incluso en los entornos industriales m\u00e1s exigentes. Gracias a su capacidad para mejorar la productividad y mantener estrictas normas de calidad, la m\u00e1quina de limpieza industrial por ultrasonidos multietapa se erige como un activo indispensable en los procesos de fabricaci\u00f3n modernos, impulsando la eficiencia y la excelencia con cada ciclo.<\/p>\n<p>&nbsp;<\/p>\n<p><strong>Proceso de pulido de muelas sugerido con nuestra rectificadora y l\u00ednea de lavado: <\/strong><\/p>\n<ol>\n<li>Rectificado grueso<\/li>\n<li>L\u00ednea de limpieza por ultrasonidos<\/li>\n<li>Pulido medio<\/li>\n<li>Pulido fino<\/li>\n<li>L\u00ednea de limpieza por ultrasonidos Dry &amp; Clean<\/li>\n<\/ol>\n<h3 style=\"text-align: center;\"><strong>Antes:<\/strong><\/h3>\n<p><img decoding=\"async\" class=\"aligncenter wp-image-5741\" src=\"https:\/\/hq-ym.com\/wp-content\/uploads\/2024\/05\/forged-rims-after-cleaning-2.png\" alt=\"forged rims after cleaning \" width=\"800\" height=\"529\" srcset=\"https:\/\/hq-ym.com\/wp-content\/uploads\/2024\/05\/forged-rims-after-cleaning-2.png 776w, https:\/\/hq-ym.com\/wp-content\/uploads\/2024\/05\/forged-rims-after-cleaning-2-750x496.png 750w, https:\/\/hq-ym.com\/wp-content\/uploads\/2024\/05\/forged-rims-after-cleaning-2-300x198.png 300w, https:\/\/hq-ym.com\/wp-content\/uploads\/2024\/05\/forged-rims-after-cleaning-2-768x508.png 768w, https:\/\/hq-ym.com\/wp-content\/uploads\/2024\/05\/forged-rims-after-cleaning-2-18x12.png 18w\" sizes=\"(max-width: 800px) 100vw, 800px\" \/><\/p>\n<h3 style=\"text-align: center;\"><strong>Despu\u00e9s:<\/strong><\/h3>\n<p style=\"text-align: center;\"><img decoding=\"async\" class=\"aligncenter wp-image-5740\" src=\"https:\/\/hq-ym.com\/wp-content\/uploads\/2024\/05\/forged-rims-after-cleaning-1.png\" alt=\"forged rims after cleaning (1)\" width=\"800\" height=\"527\" srcset=\"https:\/\/hq-ym.com\/wp-content\/uploads\/2024\/05\/forged-rims-after-cleaning-1.png 688w, https:\/\/hq-ym.com\/wp-content\/uploads\/2024\/05\/forged-rims-after-cleaning-1-300x198.png 300w, https:\/\/hq-ym.com\/wp-content\/uploads\/2024\/05\/forged-rims-after-cleaning-1-18x12.png 18w\" sizes=\"(max-width: 800px) 100vw, 800px\" \/><\/p>\n<p style=\"text-align: center;\"><div class=\"lyte-wrapper\" style=\"width:853px;max-width:100%;margin:5px auto;\"><div class=\"lyMe hidef\" id=\"WYL_txs4Ub5LZ3g\"><div id=\"lyte_txs4Ub5LZ3g\" data-src=\"\/\/i.ytimg.com\/vi\/txs4Ub5LZ3g\/maxresdefault.jpg\" class=\"pL\"><div class=\"tC\"><div class=\"tT\"><\/div><\/div><div class=\"play\"><\/div><div class=\"ctrl\"><div class=\"Lctrl\"><\/div><div class=\"Rctrl\"><\/div><\/div><\/div><noscript><a href=\"https:\/\/youtu.be\/txs4Ub5LZ3g\" rel=\"nofollow\"><img loading=\"lazy\" decoding=\"async\" src=\"https:\/\/i.ytimg.com\/vi\/txs4Ub5LZ3g\/0.jpg\" alt=\"\" width=\"853\" height=\"460\" \/><br \/>Watch this video on YouTube<\/a><\/noscript><\/div><\/div><div class=\"lL\" style=\"max-width:100%;width:853px;margin:5px auto;\"><\/div><\/p>\n<p><img loading=\"lazy\" decoding=\"async\" class=\"aligncenter wp-image-5206\" src=\"https:\/\/hq-ym.com\/wp-content\/uploads\/2024\/05\/ultrasonic-cleaning-line.jpg\" alt=\"ultrasonic cleaning line\" width=\"800\" height=\"600\" srcset=\"https:\/\/hq-ym.com\/wp-content\/uploads\/2024\/05\/ultrasonic-cleaning-line.jpg 1000w, https:\/\/hq-ym.com\/wp-content\/uploads\/2024\/05\/ultrasonic-cleaning-line-750x563.jpg 750w, https:\/\/hq-ym.com\/wp-content\/uploads\/2024\/05\/ultrasonic-cleaning-line-300x225.jpg 300w, https:\/\/hq-ym.com\/wp-content\/uploads\/2024\/05\/ultrasonic-cleaning-line-768x576.jpg 768w, https:\/\/hq-ym.com\/wp-content\/uploads\/2024\/05\/ultrasonic-cleaning-line-16x12.jpg 16w\" sizes=\"(max-width: 800px) 100vw, 800px\" \/><\/p>\n<p style=\"text-align: center;\"><img loading=\"lazy\" decoding=\"async\" class=\"aligncenter wp-image-5207\" src=\"https:\/\/hq-ym.com\/wp-content\/uploads\/2024\/05\/ultrasonic-cleaning-lines.jpg\" alt=\"ultrasonic cleaning lines\" width=\"800\" height=\"600\" srcset=\"https:\/\/hq-ym.com\/wp-content\/uploads\/2024\/05\/ultrasonic-cleaning-lines.jpg 1000w, https:\/\/hq-ym.com\/wp-content\/uploads\/2024\/05\/ultrasonic-cleaning-lines-750x563.jpg 750w, https:\/\/hq-ym.com\/wp-content\/uploads\/2024\/05\/ultrasonic-cleaning-lines-300x225.jpg 300w, https:\/\/hq-ym.com\/wp-content\/uploads\/2024\/05\/ultrasonic-cleaning-lines-768x576.jpg 768w, https:\/\/hq-ym.com\/wp-content\/uploads\/2024\/05\/ultrasonic-cleaning-lines-16x12.jpg 16w\" sizes=\"(max-width: 800px) 100vw, 800px\" \/><\/p>\n<p><img loading=\"lazy\" decoding=\"async\" class=\"wp-image-4954 aligncenter\" src=\"https:\/\/hq-ym.com\/wp-content\/uploads\/2024\/05\/\u8f6e\u6bc2\u5207\u524a\u540e\u6e05\u6d17.jpg\" alt=\"ultrasonic cleaning production line for wheels\" width=\"800\" height=\"600\" srcset=\"https:\/\/hq-ym.com\/wp-content\/uploads\/2024\/05\/\u8f6e\u6bc2\u5207\u524a\u540e\u6e05\u6d17.jpg 1706w, https:\/\/hq-ym.com\/wp-content\/uploads\/2024\/05\/\u8f6e\u6bc2\u5207\u524a\u540e\u6e05\u6d17-1000x750.jpg 1000w, https:\/\/hq-ym.com\/wp-content\/uploads\/2024\/05\/\u8f6e\u6bc2\u5207\u524a\u540e\u6e05\u6d17-750x562.jpg 750w, https:\/\/hq-ym.com\/wp-content\/uploads\/2024\/05\/\u8f6e\u6bc2\u5207\u524a\u540e\u6e05\u6d17-300x225.jpg 300w, https:\/\/hq-ym.com\/wp-content\/uploads\/2024\/05\/\u8f6e\u6bc2\u5207\u524a\u540e\u6e05\u6d17-1024x768.jpg 1024w, https:\/\/hq-ym.com\/wp-content\/uploads\/2024\/05\/\u8f6e\u6bc2\u5207\u524a\u540e\u6e05\u6d17-768x576.jpg 768w, https:\/\/hq-ym.com\/wp-content\/uploads\/2024\/05\/\u8f6e\u6bc2\u5207\u524a\u540e\u6e05\u6d17-1536x1152.jpg 1536w, https:\/\/hq-ym.com\/wp-content\/uploads\/2024\/05\/\u8f6e\u6bc2\u5207\u524a\u540e\u6e05\u6d17-16x12.jpg 16w\" sizes=\"(max-width: 800px) 100vw, 800px\" \/><\/p>\n<p><img loading=\"lazy\" decoding=\"async\" class=\"aligncenter wp-image-4956\" src=\"https:\/\/hq-ym.com\/wp-content\/uploads\/2024\/05\/\u8f6e\u6bc2\u6e05\u6d17\u951f\u9053-1024x768.jpg\" alt=\"automatic ultrasonic cleaning line\" width=\"800\" height=\"600\" srcset=\"https:\/\/hq-ym.com\/wp-content\/uploads\/2024\/05\/\u8f6e\u6bc2\u6e05\u6d17\u951f\u9053-1024x768.jpg 1024w, https:\/\/hq-ym.com\/wp-content\/uploads\/2024\/05\/\u8f6e\u6bc2\u6e05\u6d17\u951f\u9053-1000x750.jpg 1000w, https:\/\/hq-ym.com\/wp-content\/uploads\/2024\/05\/\u8f6e\u6bc2\u6e05\u6d17\u951f\u9053-750x562.jpg 750w, https:\/\/hq-ym.com\/wp-content\/uploads\/2024\/05\/\u8f6e\u6bc2\u6e05\u6d17\u951f\u9053-300x225.jpg 300w, https:\/\/hq-ym.com\/wp-content\/uploads\/2024\/05\/\u8f6e\u6bc2\u6e05\u6d17\u951f\u9053-768x576.jpg 768w, https:\/\/hq-ym.com\/wp-content\/uploads\/2024\/05\/\u8f6e\u6bc2\u6e05\u6d17\u951f\u9053-1536x1152.jpg 1536w, https:\/\/hq-ym.com\/wp-content\/uploads\/2024\/05\/\u8f6e\u6bc2\u6e05\u6d17\u951f\u9053-16x12.jpg 16w, https:\/\/hq-ym.com\/wp-content\/uploads\/2024\/05\/\u8f6e\u6bc2\u6e05\u6d17\u951f\u9053.jpg 1706w\" sizes=\"(max-width: 800px) 100vw, 800px\" \/><\/p>\n<p style=\"text-align: center;\">todas las etapas de limpieza pueden sustituirse por nuestra l\u00ednea autom\u00e1tica de limpieza por ultrasonidos.<\/p>\n<p>&nbsp;<\/p>\n<p>&nbsp;<\/p>\n<p>&nbsp;<\/p>\n<ol>\n<li>\n<h5><a href=\"https:\/\/hq-ym.com\/es\/condimentum-odvenenatis-vestibulum-dapibus\/\">Encu\u00e9ntrenos en el Sal\u00f3n Internacional del Autom\u00f3vil de Hannover, Alemania 2024<\/a><\/h5>\n<\/li>\n<li>\n<h5><a href=\"https:\/\/hq-ym.com\/es\/we-will-be-at-us-sema-show-2024-meet-us-at-las-vegas\/\">Estaremos en US SEMA SHOW 2024, \u00a1\u00a1\u00a1Re\u00fanase con nosotros en Las Vegas en noviembre!!!<\/a><\/h5>\n<\/li>\n<li>\n<h5><a href=\"https:\/\/hq-ym.com\/es\/basic-stages-of-ceramic-machine-polishing-for-wheels\/\">Etapas b\u00e1sicas de la pulidora cer\u00e1mica para ruedas<\/a><\/h5>\n<\/li>\n<\/ol>\n<p>&nbsp;<\/p>\n<p>&nbsp;<\/p>\n<p>&nbsp;<\/p>\n<p>&nbsp;<\/p>\n<p>&nbsp;<\/p>","protected":false},"excerpt":{"rendered":"<p>La l\u00ednea de lavado y secado por ultrasonidos est\u00e1 dise\u00f1ada para reducir todo el trabajo de transporte y elevaci\u00f3n mientras se pulen las llantas. Podemos personalizar la l\u00ednea de producci\u00f3n de lavado y secado seg\u00fan el espacio de sus talleres, y combinarlas con nuestra m\u00e1quina pulidora de cer\u00e1mica, entonces tendr\u00e1 un taller de producci\u00f3n de pulido completamente autom\u00e1tico.<\/p>\n<p>&nbsp;<\/p>","protected":false},"featured_media":5206,"template":"","meta":[],"product_cat":[23,34],"product_tag":[],"class_list":{"0":"post-5746","1":"product","2":"type-product","3":"status-publish","4":"has-post-thumbnail","6":"product_cat-wheel-polishing-machines","7":"product_cat-ultrasonic-cleaning-line","9":"first","10":"instock","11":"shipping-taxable","12":"product-type-simple"},"yoast_head":"<!-- This site is optimized with the Yoast SEO Premium plugin v22.3 (Yoast SEO v22.3) - https:\/\/yoast.com\/wordpress\/plugins\/seo\/ -->\n<title>Multistage Ultrasonic Spray Cleaning Massive Production Industrial Washing Machine - Hua Qing Grinding Technology (Shenzhen) Co., Ltd<\/title>\n<meta name=\"description\" content=\"This automatic ultrasonic cleaner equipment is provided for wheel mass production cleaning and drying, wheels come out dry and clean easily.\" \/>\n<meta name=\"robots\" content=\"index, follow, max-snippet:-1, max-image-preview:large, max-video-preview:-1\" \/>\n<link rel=\"canonical\" href=\"https:\/\/hq-ym.com\/es\/producto\/multistage-ultrasonic-spray-cleaning-massive-production-industrial-washing-machine\/\" \/>\n<meta property=\"og:locale\" content=\"es_ES\" \/>\n<meta property=\"og:type\" content=\"article\" \/>\n<meta property=\"og:title\" content=\"Multistage Ultrasonic Spray Cleaning Massive Production Industrial Washing Machine\" \/>\n<meta property=\"og:description\" content=\"This automatic ultrasonic cleaner equipment is provided for wheel mass production cleaning and drying, wheels come out dry and clean easily.\" \/>\n<meta property=\"og:url\" content=\"https:\/\/hq-ym.com\/es\/producto\/multistage-ultrasonic-spray-cleaning-massive-production-industrial-washing-machine\/\" \/>\n<meta property=\"og:site_name\" content=\"Hua Qing Grinding Technology (Shenzhen) Co., Ltd\" \/>\n<meta property=\"article:modified_time\" content=\"2024-12-31T01:21:34+00:00\" \/>\n<meta property=\"og:image\" content=\"https:\/\/hq-ym.com\/wp-content\/uploads\/2024\/05\/ultrasonic-cleaning-line.jpg\" \/>\n\t<meta property=\"og:image:width\" content=\"1000\" \/>\n\t<meta property=\"og:image:height\" content=\"750\" \/>\n\t<meta property=\"og:image:type\" content=\"image\/jpeg\" \/>\n<meta name=\"twitter:card\" content=\"summary_large_image\" \/>\n<meta name=\"twitter:label1\" content=\"Tiempo de lectura\" \/>\n\t<meta name=\"twitter:data1\" content=\"3 minutos\" \/>\n<script type=\"application\/ld+json\" class=\"yoast-schema-graph\">{\"@context\":\"https:\/\/schema.org\",\"@graph\":[{\"@type\":\"WebPage\",\"@id\":\"https:\/\/hq-ym.com\/product\/multistage-ultrasonic-spray-cleaning-massive-production-industrial-washing-machine\/\",\"url\":\"https:\/\/hq-ym.com\/product\/multistage-ultrasonic-spray-cleaning-massive-production-industrial-washing-machine\/\",\"name\":\"Multistage Ultrasonic Spray Cleaning Massive Production Industrial Washing Machine - Hua Qing Grinding Technology (Shenzhen) Co., Ltd\",\"isPartOf\":{\"@id\":\"https:\/\/hq-ym.com\/#website\"},\"primaryImageOfPage\":{\"@id\":\"https:\/\/hq-ym.com\/product\/multistage-ultrasonic-spray-cleaning-massive-production-industrial-washing-machine\/#primaryimage\"},\"image\":{\"@id\":\"https:\/\/hq-ym.com\/product\/multistage-ultrasonic-spray-cleaning-massive-production-industrial-washing-machine\/#primaryimage\"},\"thumbnailUrl\":\"https:\/\/hq-ym.com\/wp-content\/uploads\/2024\/05\/ultrasonic-cleaning-line.jpg\",\"datePublished\":\"2024-07-31T07:25:24+00:00\",\"dateModified\":\"2024-12-31T01:21:34+00:00\",\"description\":\"This automatic ultrasonic cleaner equipment is provided for wheel mass production cleaning and drying, wheels come out dry and clean easily.\",\"breadcrumb\":{\"@id\":\"https:\/\/hq-ym.com\/product\/multistage-ultrasonic-spray-cleaning-massive-production-industrial-washing-machine\/#breadcrumb\"},\"inLanguage\":\"es\",\"potentialAction\":[{\"@type\":\"ReadAction\",\"target\":[\"https:\/\/hq-ym.com\/product\/multistage-ultrasonic-spray-cleaning-massive-production-industrial-washing-machine\/\"]}]},{\"@type\":\"ImageObject\",\"inLanguage\":\"es\",\"@id\":\"https:\/\/hq-ym.com\/product\/multistage-ultrasonic-spray-cleaning-massive-production-industrial-washing-machine\/#primaryimage\",\"url\":\"https:\/\/hq-ym.com\/wp-content\/uploads\/2024\/05\/ultrasonic-cleaning-line.jpg\",\"contentUrl\":\"https:\/\/hq-ym.com\/wp-content\/uploads\/2024\/05\/ultrasonic-cleaning-line.jpg\",\"width\":1000,\"height\":750,\"caption\":\"ultrasonic cleaning line\"},{\"@type\":\"BreadcrumbList\",\"@id\":\"https:\/\/hq-ym.com\/product\/multistage-ultrasonic-spray-cleaning-massive-production-industrial-washing-machine\/#breadcrumb\",\"itemListElement\":[{\"@type\":\"ListItem\",\"position\":1,\"name\":\"\u9996\u9875\",\"item\":\"https:\/\/hq-ym.com\/\"},{\"@type\":\"ListItem\",\"position\":2,\"name\":\"Products\",\"item\":\"https:\/\/hq-ym.com\/products\/\"},{\"@type\":\"ListItem\",\"position\":3,\"name\":\"Multistage Ultrasonic Spray Cleaning Massive Production Industrial Washing Machine\"}]},{\"@type\":\"WebSite\",\"@id\":\"https:\/\/hq-ym.com\/#website\",\"url\":\"https:\/\/hq-ym.com\/\",\"name\":\"Hua Qing Grinding Technology (Shenzhen) Co., Ltd\",\"description\":\"Sales of the rotary rim polishing machines, media and compounds. Polishing wheels from raw-deep machining marks to a mirror finish without hand polishing.\",\"publisher\":{\"@id\":\"https:\/\/hq-ym.com\/#organization\"},\"potentialAction\":[{\"@type\":\"SearchAction\",\"target\":{\"@type\":\"EntryPoint\",\"urlTemplate\":\"https:\/\/hq-ym.com\/?s={search_term_string}\"},\"query-input\":\"required name=search_term_string\"}],\"inLanguage\":\"es\"},{\"@type\":\"Organization\",\"@id\":\"https:\/\/hq-ym.com\/#organization\",\"name\":\"Hua Qing Grinding Technology (Shenzhen) Co., Ltd\",\"url\":\"https:\/\/hq-ym.com\/\",\"logo\":{\"@type\":\"ImageObject\",\"inLanguage\":\"es\",\"@id\":\"https:\/\/hq-ym.com\/#\/schema\/logo\/image\/\",\"url\":\"https:\/\/hq-ym.com\/wp-content\/uploads\/2024\/11\/Huaqing-grinding-logo-bl_11zon.webp\",\"contentUrl\":\"https:\/\/hq-ym.com\/wp-content\/uploads\/2024\/11\/Huaqing-grinding-logo-bl_11zon.webp\",\"width\":1067,\"height\":254,\"caption\":\"Hua Qing Grinding Technology (Shenzhen) Co., Ltd\"},\"image\":{\"@id\":\"https:\/\/hq-ym.com\/#\/schema\/logo\/image\/\"},\"sameAs\":[\"https:\/\/www.instagram.com\/hua_qing_polishing\/\",\"https:\/\/www.linkedin.com\/company\/104088516\/admin\/dashboard\/\"]}]}<\/script>\n<!-- \/ Yoast SEO Premium plugin. -->","yoast_head_json":{"title":"Multistage Ultrasonic Spray Cleaning Massive Production Industrial Washing Machine - Hua Qing Grinding Technology (Shenzhen) Co., Ltd","description":"This automatic ultrasonic cleaner equipment is provided for wheel mass production cleaning and drying, wheels come out dry and clean easily.","robots":{"index":"index","follow":"follow","max-snippet":"max-snippet:-1","max-image-preview":"max-image-preview:large","max-video-preview":"max-video-preview:-1"},"canonical":"https:\/\/hq-ym.com\/es\/producto\/multistage-ultrasonic-spray-cleaning-massive-production-industrial-washing-machine\/","og_locale":"es_ES","og_type":"article","og_title":"Multistage Ultrasonic Spray Cleaning Massive Production Industrial Washing Machine","og_description":"This automatic ultrasonic cleaner equipment is provided for wheel mass production cleaning and drying, wheels come out dry and clean easily.","og_url":"https:\/\/hq-ym.com\/es\/producto\/multistage-ultrasonic-spray-cleaning-massive-production-industrial-washing-machine\/","og_site_name":"Hua Qing Grinding Technology (Shenzhen) Co., Ltd","article_modified_time":"2024-12-31T01:21:34+00:00","og_image":[{"width":1000,"height":750,"url":"https:\/\/hq-ym.com\/wp-content\/uploads\/2024\/05\/ultrasonic-cleaning-line.jpg","type":"image\/jpeg"}],"twitter_card":"summary_large_image","twitter_misc":{"Tiempo de lectura":"3 minutos"},"schema":{"@context":"https:\/\/schema.org","@graph":[{"@type":"WebPage","@id":"https:\/\/hq-ym.com\/product\/multistage-ultrasonic-spray-cleaning-massive-production-industrial-washing-machine\/","url":"https:\/\/hq-ym.com\/product\/multistage-ultrasonic-spray-cleaning-massive-production-industrial-washing-machine\/","name":"Multistage Ultrasonic Spray Cleaning Massive Production Industrial Washing Machine - Hua Qing Grinding Technology (Shenzhen) Co., Ltd","isPartOf":{"@id":"https:\/\/hq-ym.com\/#website"},"primaryImageOfPage":{"@id":"https:\/\/hq-ym.com\/product\/multistage-ultrasonic-spray-cleaning-massive-production-industrial-washing-machine\/#primaryimage"},"image":{"@id":"https:\/\/hq-ym.com\/product\/multistage-ultrasonic-spray-cleaning-massive-production-industrial-washing-machine\/#primaryimage"},"thumbnailUrl":"https:\/\/hq-ym.com\/wp-content\/uploads\/2024\/05\/ultrasonic-cleaning-line.jpg","datePublished":"2024-07-31T07:25:24+00:00","dateModified":"2024-12-31T01:21:34+00:00","description":"This automatic ultrasonic cleaner equipment is provided for wheel mass production cleaning and drying, wheels come out dry and clean easily.","breadcrumb":{"@id":"https:\/\/hq-ym.com\/product\/multistage-ultrasonic-spray-cleaning-massive-production-industrial-washing-machine\/#breadcrumb"},"inLanguage":"es","potentialAction":[{"@type":"ReadAction","target":["https:\/\/hq-ym.com\/product\/multistage-ultrasonic-spray-cleaning-massive-production-industrial-washing-machine\/"]}]},{"@type":"ImageObject","inLanguage":"es","@id":"https:\/\/hq-ym.com\/product\/multistage-ultrasonic-spray-cleaning-massive-production-industrial-washing-machine\/#primaryimage","url":"https:\/\/hq-ym.com\/wp-content\/uploads\/2024\/05\/ultrasonic-cleaning-line.jpg","contentUrl":"https:\/\/hq-ym.com\/wp-content\/uploads\/2024\/05\/ultrasonic-cleaning-line.jpg","width":1000,"height":750,"caption":"ultrasonic cleaning line"},{"@type":"BreadcrumbList","@id":"https:\/\/hq-ym.com\/product\/multistage-ultrasonic-spray-cleaning-massive-production-industrial-washing-machine\/#breadcrumb","itemListElement":[{"@type":"ListItem","position":1,"name":"\u9996\u9875","item":"https:\/\/hq-ym.com\/"},{"@type":"ListItem","position":2,"name":"Products","item":"https:\/\/hq-ym.com\/products\/"},{"@type":"ListItem","position":3,"name":"Multistage Ultrasonic Spray Cleaning Massive Production Industrial Washing Machine"}]},{"@type":"WebSite","@id":"https:\/\/hq-ym.com\/#website","url":"https:\/\/hq-ym.com\/","name":"Hua Qing Grinding Technology (Shenzhen) Co., Ltd","description":"Sales of the rotary rim polishing machines, media and compounds. Polishing wheels from raw-deep machining marks to a mirror finish without hand polishing.","publisher":{"@id":"https:\/\/hq-ym.com\/#organization"},"potentialAction":[{"@type":"SearchAction","target":{"@type":"EntryPoint","urlTemplate":"https:\/\/hq-ym.com\/?s={search_term_string}"},"query-input":"required name=search_term_string"}],"inLanguage":"es"},{"@type":"Organization","@id":"https:\/\/hq-ym.com\/#organization","name":"Hua Qing Grinding Technology (Shenzhen) Co., Ltd","url":"https:\/\/hq-ym.com\/","logo":{"@type":"ImageObject","inLanguage":"es","@id":"https:\/\/hq-ym.com\/#\/schema\/logo\/image\/","url":"https:\/\/hq-ym.com\/wp-content\/uploads\/2024\/11\/Huaqing-grinding-logo-bl_11zon.webp","contentUrl":"https:\/\/hq-ym.com\/wp-content\/uploads\/2024\/11\/Huaqing-grinding-logo-bl_11zon.webp","width":1067,"height":254,"caption":"Hua Qing Grinding Technology (Shenzhen) Co., Ltd"},"image":{"@id":"https:\/\/hq-ym.com\/#\/schema\/logo\/image\/"},"sameAs":["https:\/\/www.instagram.com\/hua_qing_polishing\/","https:\/\/www.linkedin.com\/company\/104088516\/admin\/dashboard\/"]}]}},"_links":{"self":[{"href":"https:\/\/hq-ym.com\/es\/wp-json\/wp\/v2\/product\/5746"}],"collection":[{"href":"https:\/\/hq-ym.com\/es\/wp-json\/wp\/v2\/product"}],"about":[{"href":"https:\/\/hq-ym.com\/es\/wp-json\/wp\/v2\/types\/product"}],"version-history":[{"count":3,"href":"https:\/\/hq-ym.com\/es\/wp-json\/wp\/v2\/product\/5746\/revisions"}],"predecessor-version":[{"id":6047,"href":"https:\/\/hq-ym.com\/es\/wp-json\/wp\/v2\/product\/5746\/revisions\/6047"}],"wp:featuredmedia":[{"embeddable":true,"href":"https:\/\/hq-ym.com\/es\/wp-json\/wp\/v2\/media\/5206"}],"wp:attachment":[{"href":"https:\/\/hq-ym.com\/es\/wp-json\/wp\/v2\/media?parent=5746"}],"wp:term":[{"taxonomy":"product_cat","embeddable":true,"href":"https:\/\/hq-ym.com\/es\/wp-json\/wp\/v2\/product_cat?post=5746"},{"taxonomy":"product_tag","embeddable":true,"href":"https:\/\/hq-ym.com\/es\/wp-json\/wp\/v2\/product_tag?post=5746"}],"curies":[{"name":"wp","href":"https:\/\/api.w.org\/{rel}","templated":true}]}}