{"id":81,"date":"2021-12-15T13:27:47","date_gmt":"2021-12-15T13:27:47","guid":{"rendered":"https:\/\/demo.creativethemes.com\/blocksy\/garderobe\/?page_id=81"},"modified":"2024-06-07T09:01:58","modified_gmt":"2024-06-07T09:01:58","slug":"products","status":"publish","type":"page","link":"https:\/\/hq-ym.com\/fr\/products\/","title":{"rendered":"Produits"},"content":{"rendered":"","protected":false},"excerpt":{"rendered":"<p>Inovatec propose des machines de finition vibratoire de conception personnalis\u00e9e pour diverses industries. Que vous ayez des pi\u00e8ces d\u00e9coup\u00e9es au laser \u00e0 \u00e9bavurer ou des pi\u00e8ces \u00e0 galvaniser, nous avons la solution de finition de masse qu'il vous faut.<\/p>","protected":false},"author":1,"featured_media":5023,"parent":0,"menu_order":0,"comment_status":"closed","ping_status":"closed","template":"","meta":{"footnotes":""},"class_list":["post-81","page","type-page","status-publish","has-post-thumbnail","hentry"],"blocksy_meta":[],"yoast_head":"<!-- This site is optimized with the Yoast SEO Premium plugin v22.3 (Yoast SEO v22.3) - https:\/\/yoast.com\/wordpress\/plugins\/seo\/ -->\n<title>Products - Hua Qing Grinding Technology (Shenzhen) Co., Ltd<\/title>\n<meta name=\"description\" content=\"We offer the best polishing machine solutions for rim manufacturers, upgrading workplaces, and expanding production capacity mean while saving costs for the long run.\" \/>\n<meta name=\"robots\" content=\"index, follow, max-snippet:-1, max-image-preview:large, max-video-preview:-1\" \/>\n<link rel=\"canonical\" href=\"https:\/\/hq-ym.com\/fr\/products\/\" \/>\n<meta property=\"og:locale\" content=\"fr_FR\" \/>\n<meta property=\"og:type\" content=\"article\" \/>\n<meta property=\"og:title\" content=\"Products\" \/>\n<meta property=\"og:description\" content=\"We offer the best polishing machine solutions for rim manufacturers, upgrading workplaces, and expanding production capacity mean while saving costs for the long run.\" \/>\n<meta property=\"og:url\" content=\"https:\/\/hq-ym.com\/fr\/products\/\" \/>\n<meta property=\"og:site_name\" content=\"Hua Qing Grinding Technology (Shenzhen) Co., Ltd\" \/>\n<meta property=\"article:modified_time\" content=\"2024-06-07T09:01:58+00:00\" \/>\n<meta property=\"og:image\" content=\"https:\/\/hq-ym.com\/wp-content\/uploads\/2024\/05\/ceramic-polish-machine-2-station-1.jpg\" \/>\n\t<meta property=\"og:image:width\" content=\"1000\" \/>\n\t<meta property=\"og:image:height\" content=\"1000\" \/>\n\t<meta property=\"og:image:type\" content=\"image\/jpeg\" \/>\n<meta name=\"twitter:card\" content=\"summary_large_image\" \/>\n<meta name=\"twitter:label1\" content=\"Dur\u00e9e de lecture estim\u00e9e\" \/>\n\t<meta name=\"twitter:data1\" content=\"1 minute\" \/>\n<script type=\"application\/ld+json\" class=\"yoast-schema-graph\">{\"@context\":\"https:\/\/schema.org\",\"@graph\":[{\"@type\":\"WebPage\",\"@id\":\"https:\/\/hq-ym.com\/products\/\",\"url\":\"https:\/\/hq-ym.com\/products\/\",\"name\":\"Products - Hua Qing Grinding Technology (Shenzhen) Co., Ltd\",\"isPartOf\":{\"@id\":\"https:\/\/hq-ym.com\/#website\"},\"primaryImageOfPage\":{\"@id\":\"https:\/\/hq-ym.com\/products\/#primaryimage\"},\"image\":{\"@id\":\"https:\/\/hq-ym.com\/products\/#primaryimage\"},\"thumbnailUrl\":\"https:\/\/hq-ym.com\/wp-content\/uploads\/2024\/05\/ceramic-polish-machine-2-station-1.jpg\",\"datePublished\":\"2021-12-15T13:27:47+00:00\",\"dateModified\":\"2024-06-07T09:01:58+00:00\",\"description\":\"We offer the best polishing machine solutions for rim manufacturers, upgrading workplaces, and expanding production capacity mean while saving costs for the long run.\",\"breadcrumb\":{\"@id\":\"https:\/\/hq-ym.com\/products\/#breadcrumb\"},\"inLanguage\":\"fr-FR\",\"potentialAction\":[{\"@type\":\"ReadAction\",\"target\":[\"https:\/\/hq-ym.com\/products\/\"]}]},{\"@type\":\"ImageObject\",\"inLanguage\":\"fr-FR\",\"@id\":\"https:\/\/hq-ym.com\/products\/#primaryimage\",\"url\":\"https:\/\/hq-ym.com\/wp-content\/uploads\/2024\/05\/ceramic-polish-machine-2-station-1.jpg\",\"contentUrl\":\"https:\/\/hq-ym.com\/wp-content\/uploads\/2024\/05\/ceramic-polish-machine-2-station-1.jpg\",\"width\":1000,\"height\":1000},{\"@type\":\"BreadcrumbList\",\"@id\":\"https:\/\/hq-ym.com\/products\/#breadcrumb\",\"itemListElement\":[{\"@type\":\"ListItem\",\"position\":1,\"name\":\"\u9996\u9875\",\"item\":\"https:\/\/hq-ym.com\/\"},{\"@type\":\"ListItem\",\"position\":2,\"name\":\"Products\"}]},{\"@type\":\"WebSite\",\"@id\":\"https:\/\/hq-ym.com\/#website\",\"url\":\"https:\/\/hq-ym.com\/\",\"name\":\"Hua Qing Grinding Technology (Shenzhen) Co., Ltd\",\"description\":\"Sales of the rotary rim polishing machines, media and compounds. Polishing wheels from raw-deep machining marks to a mirror finish without hand polishing.\",\"publisher\":{\"@id\":\"https:\/\/hq-ym.com\/#organization\"},\"potentialAction\":[{\"@type\":\"SearchAction\",\"target\":{\"@type\":\"EntryPoint\",\"urlTemplate\":\"https:\/\/hq-ym.com\/?s={search_term_string}\"},\"query-input\":\"required name=search_term_string\"}],\"inLanguage\":\"fr-FR\"},{\"@type\":\"Organization\",\"@id\":\"https:\/\/hq-ym.com\/#organization\",\"name\":\"Hua Qing Grinding Technology (Shenzhen) Co., Ltd\",\"url\":\"https:\/\/hq-ym.com\/\",\"logo\":{\"@type\":\"ImageObject\",\"inLanguage\":\"fr-FR\",\"@id\":\"https:\/\/hq-ym.com\/#\/schema\/logo\/image\/\",\"url\":\"https:\/\/hq-ym.com\/wp-content\/uploads\/2024\/11\/Huaqing-grinding-logo-bl_11zon.webp\",\"contentUrl\":\"https:\/\/hq-ym.com\/wp-content\/uploads\/2024\/11\/Huaqing-grinding-logo-bl_11zon.webp\",\"width\":1067,\"height\":254,\"caption\":\"Hua Qing Grinding Technology (Shenzhen) Co., Ltd\"},\"image\":{\"@id\":\"https:\/\/hq-ym.com\/#\/schema\/logo\/image\/\"},\"sameAs\":[\"https:\/\/www.instagram.com\/hua_qing_polishing\/\",\"https:\/\/www.linkedin.com\/company\/104088516\/admin\/dashboard\/\"]}]}<\/script>\n<!-- \/ Yoast SEO Premium plugin. -->","yoast_head_json":{"title":"Products - Hua Qing Grinding Technology (Shenzhen) Co., Ltd","description":"We offer the best polishing machine solutions for rim manufacturers, upgrading workplaces, and expanding production capacity mean while saving costs for the long run.","robots":{"index":"index","follow":"follow","max-snippet":"max-snippet:-1","max-image-preview":"max-image-preview:large","max-video-preview":"max-video-preview:-1"},"canonical":"https:\/\/hq-ym.com\/fr\/products\/","og_locale":"fr_FR","og_type":"article","og_title":"Products","og_description":"We offer the best polishing machine solutions for rim manufacturers, upgrading workplaces, and expanding production capacity mean while saving costs for the long run.","og_url":"https:\/\/hq-ym.com\/fr\/products\/","og_site_name":"Hua Qing Grinding Technology (Shenzhen) Co., Ltd","article_modified_time":"2024-06-07T09:01:58+00:00","og_image":[{"width":1000,"height":1000,"url":"https:\/\/hq-ym.com\/wp-content\/uploads\/2024\/05\/ceramic-polish-machine-2-station-1.jpg","type":"image\/jpeg"}],"twitter_card":"summary_large_image","twitter_misc":{"Dur\u00e9e de lecture estim\u00e9e":"1 minute"},"schema":{"@context":"https:\/\/schema.org","@graph":[{"@type":"WebPage","@id":"https:\/\/hq-ym.com\/products\/","url":"https:\/\/hq-ym.com\/products\/","name":"Products - Hua Qing Grinding Technology (Shenzhen) Co., Ltd","isPartOf":{"@id":"https:\/\/hq-ym.com\/#website"},"primaryImageOfPage":{"@id":"https:\/\/hq-ym.com\/products\/#primaryimage"},"image":{"@id":"https:\/\/hq-ym.com\/products\/#primaryimage"},"thumbnailUrl":"https:\/\/hq-ym.com\/wp-content\/uploads\/2024\/05\/ceramic-polish-machine-2-station-1.jpg","datePublished":"2021-12-15T13:27:47+00:00","dateModified":"2024-06-07T09:01:58+00:00","description":"We offer the best polishing machine solutions for rim manufacturers, upgrading workplaces, and expanding production capacity mean while saving costs for the long run.","breadcrumb":{"@id":"https:\/\/hq-ym.com\/products\/#breadcrumb"},"inLanguage":"fr-FR","potentialAction":[{"@type":"ReadAction","target":["https:\/\/hq-ym.com\/products\/"]}]},{"@type":"ImageObject","inLanguage":"fr-FR","@id":"https:\/\/hq-ym.com\/products\/#primaryimage","url":"https:\/\/hq-ym.com\/wp-content\/uploads\/2024\/05\/ceramic-polish-machine-2-station-1.jpg","contentUrl":"https:\/\/hq-ym.com\/wp-content\/uploads\/2024\/05\/ceramic-polish-machine-2-station-1.jpg","width":1000,"height":1000},{"@type":"BreadcrumbList","@id":"https:\/\/hq-ym.com\/products\/#breadcrumb","itemListElement":[{"@type":"ListItem","position":1,"name":"\u9996\u9875","item":"https:\/\/hq-ym.com\/"},{"@type":"ListItem","position":2,"name":"Products"}]},{"@type":"WebSite","@id":"https:\/\/hq-ym.com\/#website","url":"https:\/\/hq-ym.com\/","name":"Hua Qing Grinding Technology (Shenzhen) Co., Ltd","description":"Sales of the rotary rim polishing machines, media and compounds. Polishing wheels from raw-deep machining marks to a mirror finish without hand polishing.","publisher":{"@id":"https:\/\/hq-ym.com\/#organization"},"potentialAction":[{"@type":"SearchAction","target":{"@type":"EntryPoint","urlTemplate":"https:\/\/hq-ym.com\/?s={search_term_string}"},"query-input":"required name=search_term_string"}],"inLanguage":"fr-FR"},{"@type":"Organization","@id":"https:\/\/hq-ym.com\/#organization","name":"Hua Qing Grinding Technology (Shenzhen) Co., Ltd","url":"https:\/\/hq-ym.com\/","logo":{"@type":"ImageObject","inLanguage":"fr-FR","@id":"https:\/\/hq-ym.com\/#\/schema\/logo\/image\/","url":"https:\/\/hq-ym.com\/wp-content\/uploads\/2024\/11\/Huaqing-grinding-logo-bl_11zon.webp","contentUrl":"https:\/\/hq-ym.com\/wp-content\/uploads\/2024\/11\/Huaqing-grinding-logo-bl_11zon.webp","width":1067,"height":254,"caption":"Hua Qing Grinding Technology (Shenzhen) Co., Ltd"},"image":{"@id":"https:\/\/hq-ym.com\/#\/schema\/logo\/image\/"},"sameAs":["https:\/\/www.instagram.com\/hua_qing_polishing\/","https:\/\/www.linkedin.com\/company\/104088516\/admin\/dashboard\/"]}]}},"_links":{"self":[{"href":"https:\/\/hq-ym.com\/fr\/wp-json\/wp\/v2\/pages\/81"}],"collection":[{"href":"https:\/\/hq-ym.com\/fr\/wp-json\/wp\/v2\/pages"}],"about":[{"href":"https:\/\/hq-ym.com\/fr\/wp-json\/wp\/v2\/types\/page"}],"author":[{"embeddable":true,"href":"https:\/\/hq-ym.com\/fr\/wp-json\/wp\/v2\/users\/1"}],"replies":[{"embeddable":true,"href":"https:\/\/hq-ym.com\/fr\/wp-json\/wp\/v2\/comments?post=81"}],"version-history":[{"count":0,"href":"https:\/\/hq-ym.com\/fr\/wp-json\/wp\/v2\/pages\/81\/revisions"}],"wp:featuredmedia":[{"embeddable":true,"href":"https:\/\/hq-ym.com\/fr\/wp-json\/wp\/v2\/media\/5023"}],"wp:attachment":[{"href":"https:\/\/hq-ym.com\/fr\/wp-json\/wp\/v2\/media?parent=81"}],"curies":[{"name":"wp","href":"https:\/\/api.w.org\/{rel}","templated":true}]}}