{"id":4430,"date":"2024-05-10T03:54:13","date_gmt":"2024-05-10T03:54:13","guid":{"rendered":"https:\/\/hq-ym.com\/?post_type=product&#038;p=4430"},"modified":"2024-05-16T02:59:27","modified_gmt":"2024-05-16T02:59:27","slug":"ceramic-wheel-rim-polishing-media","status":"publish","type":"product","link":"https:\/\/hq-ym.com\/fr\/produit\/ceramic-wheel-rim-polishing-media\/","title":{"rendered":"Billes en c\u00e9ramique pour le polissage des jantes"},"content":{"rendered":"<p>Pour obtenir une finition hautement polie, les roues peuvent passer par trois \u00e9tapes de traitement :<\/p>\n<p>\u00c9tape 1 : Les meules abrasives grossi\u00e8res passent par le processus de meulage en utilisant un support de 6*6 mm qui est un nettoyant concentr\u00e9 et un compos\u00e9 de polissage. En fonction de l'\u00e9tat initial de la surface, le processus peut durer entre 0,5 et 2 heures.<\/p>\n<p>\u00c9tape 2 : Lissage Apr\u00e8s avoir \u00e9t\u00e9 d\u00e9coup\u00e9e, la surface doit \u00eatre liss\u00e9e et pr\u00e9par\u00e9e pour l'\u00e9tape du polissage. Pour ce faire, on utilise un support de 4*4 mm et de la p\u00e2te \u00e0 polir. Le temps n\u00e9cessaire \u00e0 cette op\u00e9ration peut varier de 15 \u00e0 30 minutes.<\/p>\n<p>\u00c9tape 3 : Polissage L'\u00e9tape finale consiste \u00e0 polir les roues \u00e0 l'aide d'un support de 2*3 mm et d'une p\u00e2te \u00e0 polir. Le processus peut durer de 6 \u00e0 15 minutes. Ce m\u00e9dia est id\u00e9al pour obtenir une finition brillante et hautement polie.<\/p>\n<p>&nbsp;<\/p>\n<p>* Il s'agit uniquement d'une indication et la dur\u00e9e du processus de finition peut d\u00e9pendre de l'\u00e9tat initial des roues.<\/p>\n<p>** La taille et la forme du support seront s\u00e9lectionn\u00e9es pour s'adapter \u00e0 la g\u00e9om\u00e9trie de la pi\u00e8ce et \u00e9viter tout blocage du support.<\/p>\n<p>***En fonction de l'\u00e9tat initial de la surface, certaines roues peuvent ne n\u00e9cessiter que les deux derni\u00e8res \u00e9tapes.<\/p>","protected":false},"excerpt":{"rendered":"<p>To achieve a highly polished finish wheels can go through 3 processing steps: Step 1: Coarse Grinding Wheels go through the grinding process using media 6*6mm which is a concentrated cleaner and polishing compound . Depending on the initial condition of the surface the process time can take between 0.5 to 2 hours. Step 2: [&hellip;]<\/p>","protected":false},"featured_media":5013,"template":"","meta":[],"product_cat":[20,35],"product_tag":[],"class_list":{"0":"post-4430","1":"product","2":"type-product","3":"status-publish","4":"has-post-thumbnail","6":"product_cat-consumables","7":"product_cat-media","9":"first","10":"instock","11":"shipping-taxable","12":"product-type-simple"},"yoast_head":"<!-- This site is optimized with the Yoast SEO Premium plugin v22.3 (Yoast SEO v22.3) - https:\/\/yoast.com\/wordpress\/plugins\/seo\/ -->\n<title>Ceramic Media Balls for Wheel Rim Polishing - Hua Qing Grinding Technology (Shenzhen) Co., Ltd<\/title>\n<meta name=\"robots\" content=\"index, follow, max-snippet:-1, max-image-preview:large, max-video-preview:-1\" \/>\n<link rel=\"canonical\" href=\"https:\/\/hq-ym.com\/fr\/produit\/ceramic-wheel-rim-polishing-media\/\" \/>\n<meta property=\"og:locale\" content=\"fr_FR\" \/>\n<meta property=\"og:type\" content=\"article\" \/>\n<meta property=\"og:title\" content=\"Ceramic Media Balls for Wheel Rim Polishing\" \/>\n<meta property=\"og:description\" content=\"To achieve a highly polished finish wheels can go through 3 processing steps: Step 1: Coarse Grinding Wheels go through the grinding process using media 6*6mm which is a concentrated cleaner and polishing compound . Depending on the initial condition of the surface the process time can take between 0.5 to 2 hours. Step 2: [&hellip;]\" \/>\n<meta property=\"og:url\" content=\"https:\/\/hq-ym.com\/fr\/produit\/ceramic-wheel-rim-polishing-media\/\" \/>\n<meta property=\"og:site_name\" content=\"Hua Qing Grinding Technology (Shenzhen) Co., Ltd\" \/>\n<meta property=\"article:modified_time\" content=\"2024-05-16T02:59:27+00:00\" \/>\n<meta property=\"og:image\" content=\"https:\/\/i0.wp.com\/hq-ym.com\/wp-content\/uploads\/2024\/05\/polish-media-3-1.jpg?fit=1000%2C1000&ssl=1\" \/>\n\t<meta property=\"og:image:width\" content=\"1000\" \/>\n\t<meta property=\"og:image:height\" content=\"1000\" \/>\n\t<meta property=\"og:image:type\" content=\"image\/jpeg\" \/>\n<meta name=\"twitter:card\" content=\"summary_large_image\" \/>\n<meta name=\"twitter:label1\" content=\"Dur\u00e9e de lecture estim\u00e9e\" \/>\n\t<meta name=\"twitter:data1\" content=\"1 minute\" \/>\n<script type=\"application\/ld+json\" class=\"yoast-schema-graph\">{\"@context\":\"https:\/\/schema.org\",\"@graph\":[{\"@type\":\"WebPage\",\"@id\":\"https:\/\/hq-ym.com\/product\/ceramic-wheel-rim-polishing-media\/\",\"url\":\"https:\/\/hq-ym.com\/product\/ceramic-wheel-rim-polishing-media\/\",\"name\":\"Ceramic Media Balls for Wheel Rim Polishing - Hua Qing Grinding Technology (Shenzhen) Co., Ltd\",\"isPartOf\":{\"@id\":\"https:\/\/hq-ym.com\/#website\"},\"primaryImageOfPage\":{\"@id\":\"https:\/\/hq-ym.com\/product\/ceramic-wheel-rim-polishing-media\/#primaryimage\"},\"image\":{\"@id\":\"https:\/\/hq-ym.com\/product\/ceramic-wheel-rim-polishing-media\/#primaryimage\"},\"thumbnailUrl\":\"https:\/\/hq-ym.com\/wp-content\/uploads\/2024\/05\/polish-media-3-1.jpg\",\"datePublished\":\"2024-05-10T03:54:13+00:00\",\"dateModified\":\"2024-05-16T02:59:27+00:00\",\"breadcrumb\":{\"@id\":\"https:\/\/hq-ym.com\/product\/ceramic-wheel-rim-polishing-media\/#breadcrumb\"},\"inLanguage\":\"fr-FR\",\"potentialAction\":[{\"@type\":\"ReadAction\",\"target\":[\"https:\/\/hq-ym.com\/product\/ceramic-wheel-rim-polishing-media\/\"]}]},{\"@type\":\"ImageObject\",\"inLanguage\":\"fr-FR\",\"@id\":\"https:\/\/hq-ym.com\/product\/ceramic-wheel-rim-polishing-media\/#primaryimage\",\"url\":\"https:\/\/hq-ym.com\/wp-content\/uploads\/2024\/05\/polish-media-3-1.jpg\",\"contentUrl\":\"https:\/\/hq-ym.com\/wp-content\/uploads\/2024\/05\/polish-media-3-1.jpg\",\"width\":1000,\"height\":1000,\"caption\":\"ceramic polishing media\"},{\"@type\":\"BreadcrumbList\",\"@id\":\"https:\/\/hq-ym.com\/product\/ceramic-wheel-rim-polishing-media\/#breadcrumb\",\"itemListElement\":[{\"@type\":\"ListItem\",\"position\":1,\"name\":\"\u9996\u9875\",\"item\":\"https:\/\/hq-ym.com\/\"},{\"@type\":\"ListItem\",\"position\":2,\"name\":\"Products\",\"item\":\"https:\/\/hq-ym.com\/products\/\"},{\"@type\":\"ListItem\",\"position\":3,\"name\":\"Ceramic Media Balls for Wheel Rim Polishing\"}]},{\"@type\":\"WebSite\",\"@id\":\"https:\/\/hq-ym.com\/#website\",\"url\":\"https:\/\/hq-ym.com\/\",\"name\":\"Hua Qing Grinding Technology (Shenzhen) Co., Ltd\",\"description\":\"Sales of the rotary rim polishing machines, media and compounds. Polishing wheels from raw-deep machining marks to a mirror finish without hand polishing.\",\"publisher\":{\"@id\":\"https:\/\/hq-ym.com\/#organization\"},\"potentialAction\":[{\"@type\":\"SearchAction\",\"target\":{\"@type\":\"EntryPoint\",\"urlTemplate\":\"https:\/\/hq-ym.com\/?s={search_term_string}\"},\"query-input\":\"required name=search_term_string\"}],\"inLanguage\":\"fr-FR\"},{\"@type\":\"Organization\",\"@id\":\"https:\/\/hq-ym.com\/#organization\",\"name\":\"Hua Qing Grinding Technology (Shenzhen) Co., Ltd\",\"url\":\"https:\/\/hq-ym.com\/\",\"logo\":{\"@type\":\"ImageObject\",\"inLanguage\":\"fr-FR\",\"@id\":\"https:\/\/hq-ym.com\/#\/schema\/logo\/image\/\",\"url\":\"https:\/\/hq-ym.com\/wp-content\/uploads\/2024\/11\/Huaqing-grinding-logo-bl_11zon.webp\",\"contentUrl\":\"https:\/\/hq-ym.com\/wp-content\/uploads\/2024\/11\/Huaqing-grinding-logo-bl_11zon.webp\",\"width\":1067,\"height\":254,\"caption\":\"Hua Qing Grinding Technology (Shenzhen) Co., Ltd\"},\"image\":{\"@id\":\"https:\/\/hq-ym.com\/#\/schema\/logo\/image\/\"},\"sameAs\":[\"https:\/\/www.instagram.com\/hua_qing_polishing\/\",\"https:\/\/www.linkedin.com\/company\/104088516\/admin\/dashboard\/\"]}]}<\/script>\n<!-- \/ Yoast SEO Premium plugin. -->","yoast_head_json":{"title":"Ceramic Media Balls for Wheel Rim Polishing - Hua Qing Grinding Technology (Shenzhen) Co., Ltd","robots":{"index":"index","follow":"follow","max-snippet":"max-snippet:-1","max-image-preview":"max-image-preview:large","max-video-preview":"max-video-preview:-1"},"canonical":"https:\/\/hq-ym.com\/fr\/produit\/ceramic-wheel-rim-polishing-media\/","og_locale":"fr_FR","og_type":"article","og_title":"Ceramic Media Balls for Wheel Rim Polishing","og_description":"To achieve a highly polished finish wheels can go through 3 processing steps: Step 1: Coarse Grinding Wheels go through the grinding process using media 6*6mm which is a concentrated cleaner and polishing compound . Depending on the initial condition of the surface the process time can take between 0.5 to 2 hours. Step 2: [&hellip;]","og_url":"https:\/\/hq-ym.com\/fr\/produit\/ceramic-wheel-rim-polishing-media\/","og_site_name":"Hua Qing Grinding Technology (Shenzhen) Co., Ltd","article_modified_time":"2024-05-16T02:59:27+00:00","og_image":[{"width":1000,"height":1000,"url":"https:\/\/i0.wp.com\/hq-ym.com\/wp-content\/uploads\/2024\/05\/polish-media-3-1.jpg?fit=1000%2C1000&ssl=1","type":"image\/jpeg"}],"twitter_card":"summary_large_image","twitter_misc":{"Dur\u00e9e de lecture estim\u00e9e":"1 minute"},"schema":{"@context":"https:\/\/schema.org","@graph":[{"@type":"WebPage","@id":"https:\/\/hq-ym.com\/product\/ceramic-wheel-rim-polishing-media\/","url":"https:\/\/hq-ym.com\/product\/ceramic-wheel-rim-polishing-media\/","name":"Ceramic Media Balls for Wheel Rim Polishing - Hua Qing Grinding Technology (Shenzhen) Co., Ltd","isPartOf":{"@id":"https:\/\/hq-ym.com\/#website"},"primaryImageOfPage":{"@id":"https:\/\/hq-ym.com\/product\/ceramic-wheel-rim-polishing-media\/#primaryimage"},"image":{"@id":"https:\/\/hq-ym.com\/product\/ceramic-wheel-rim-polishing-media\/#primaryimage"},"thumbnailUrl":"https:\/\/hq-ym.com\/wp-content\/uploads\/2024\/05\/polish-media-3-1.jpg","datePublished":"2024-05-10T03:54:13+00:00","dateModified":"2024-05-16T02:59:27+00:00","breadcrumb":{"@id":"https:\/\/hq-ym.com\/product\/ceramic-wheel-rim-polishing-media\/#breadcrumb"},"inLanguage":"fr-FR","potentialAction":[{"@type":"ReadAction","target":["https:\/\/hq-ym.com\/product\/ceramic-wheel-rim-polishing-media\/"]}]},{"@type":"ImageObject","inLanguage":"fr-FR","@id":"https:\/\/hq-ym.com\/product\/ceramic-wheel-rim-polishing-media\/#primaryimage","url":"https:\/\/hq-ym.com\/wp-content\/uploads\/2024\/05\/polish-media-3-1.jpg","contentUrl":"https:\/\/hq-ym.com\/wp-content\/uploads\/2024\/05\/polish-media-3-1.jpg","width":1000,"height":1000,"caption":"ceramic polishing media"},{"@type":"BreadcrumbList","@id":"https:\/\/hq-ym.com\/product\/ceramic-wheel-rim-polishing-media\/#breadcrumb","itemListElement":[{"@type":"ListItem","position":1,"name":"\u9996\u9875","item":"https:\/\/hq-ym.com\/"},{"@type":"ListItem","position":2,"name":"Products","item":"https:\/\/hq-ym.com\/products\/"},{"@type":"ListItem","position":3,"name":"Ceramic Media Balls for Wheel Rim Polishing"}]},{"@type":"WebSite","@id":"https:\/\/hq-ym.com\/#website","url":"https:\/\/hq-ym.com\/","name":"Hua Qing Grinding Technology (Shenzhen) Co., Ltd","description":"Sales of the rotary rim polishing machines, media and compounds. Polishing wheels from raw-deep machining marks to a mirror finish without hand polishing.","publisher":{"@id":"https:\/\/hq-ym.com\/#organization"},"potentialAction":[{"@type":"SearchAction","target":{"@type":"EntryPoint","urlTemplate":"https:\/\/hq-ym.com\/?s={search_term_string}"},"query-input":"required name=search_term_string"}],"inLanguage":"fr-FR"},{"@type":"Organization","@id":"https:\/\/hq-ym.com\/#organization","name":"Hua Qing Grinding Technology (Shenzhen) Co., Ltd","url":"https:\/\/hq-ym.com\/","logo":{"@type":"ImageObject","inLanguage":"fr-FR","@id":"https:\/\/hq-ym.com\/#\/schema\/logo\/image\/","url":"https:\/\/hq-ym.com\/wp-content\/uploads\/2024\/11\/Huaqing-grinding-logo-bl_11zon.webp","contentUrl":"https:\/\/hq-ym.com\/wp-content\/uploads\/2024\/11\/Huaqing-grinding-logo-bl_11zon.webp","width":1067,"height":254,"caption":"Hua Qing Grinding Technology (Shenzhen) Co., Ltd"},"image":{"@id":"https:\/\/hq-ym.com\/#\/schema\/logo\/image\/"},"sameAs":["https:\/\/www.instagram.com\/hua_qing_polishing\/","https:\/\/www.linkedin.com\/company\/104088516\/admin\/dashboard\/"]}]}},"_links":{"self":[{"href":"https:\/\/hq-ym.com\/fr\/wp-json\/wp\/v2\/product\/4430"}],"collection":[{"href":"https:\/\/hq-ym.com\/fr\/wp-json\/wp\/v2\/product"}],"about":[{"href":"https:\/\/hq-ym.com\/fr\/wp-json\/wp\/v2\/types\/product"}],"version-history":[{"count":0,"href":"https:\/\/hq-ym.com\/fr\/wp-json\/wp\/v2\/product\/4430\/revisions"}],"wp:featuredmedia":[{"embeddable":true,"href":"https:\/\/hq-ym.com\/fr\/wp-json\/wp\/v2\/media\/5013"}],"wp:attachment":[{"href":"https:\/\/hq-ym.com\/fr\/wp-json\/wp\/v2\/media?parent=4430"}],"wp:term":[{"taxonomy":"product_cat","embeddable":true,"href":"https:\/\/hq-ym.com\/fr\/wp-json\/wp\/v2\/product_cat?post=4430"},{"taxonomy":"product_tag","embeddable":true,"href":"https:\/\/hq-ym.com\/fr\/wp-json\/wp\/v2\/product_tag?post=4430"}],"curies":[{"name":"wp","href":"https:\/\/api.w.org\/{rel}","templated":true}]}}