{"id":4951,"date":"2024-05-15T06:02:34","date_gmt":"2024-05-15T06:02:34","guid":{"rendered":"https:\/\/hq-ym.com\/?post_type=product&#038;p=4951"},"modified":"2024-10-19T10:13:42","modified_gmt":"2024-10-19T10:13:42","slug":"truck-rim-replica-polishing-machine","status":"publish","type":"product","link":"https:\/\/hq-ym.com\/fr\/produit\/truck-rim-replica-polishing-machine\/","title":{"rendered":"Machine \u00e0 polir les jantes de camions Polissage de la forme de la jante"},"content":{"rendered":"<h3 style=\"text-align: center;\"><strong>Machine \u00e0 polir les r\u00e9pliques de jantes de camions<\/strong><\/h3>\n<h4 style=\"text-align: center;\"><b>TOUS LES PROC\u00c9D\u00c9S DE POLISSAGE \u00c0 LA MAIN PEUVENT \u00caTRE REMPLAC\u00c9S PAR NOS MACHINES CI-DESSOUS<\/b><\/h4>\n<p style=\"text-align: center;\">Vise \u00e0 remplacer le processus de polissage manuel des roues de camions par des machines, et offre les meilleures performances de polissage.<\/p>\n<p style=\"text-align: center;\"><img fetchpriority=\"high\" decoding=\"async\" class=\"aligncenter wp-image-5893\" src=\"https:\/\/hq-ym.com\/wp-content\/uploads\/2024\/05\/polishing-truck-wheels-1-768x1024.webp\" alt=\"polishing truck wheels (7) (1)\" width=\"600\" height=\"800\" srcset=\"https:\/\/hq-ym.com\/wp-content\/uploads\/2024\/05\/polishing-truck-wheels-1-768x1024.webp 768w, https:\/\/hq-ym.com\/wp-content\/uploads\/2024\/05\/polishing-truck-wheels-1-225x300.webp 225w, https:\/\/hq-ym.com\/wp-content\/uploads\/2024\/05\/polishing-truck-wheels-1-1152x1536.webp 1152w, https:\/\/hq-ym.com\/wp-content\/uploads\/2024\/05\/polishing-truck-wheels-1-1536x2048.webp 1536w, https:\/\/hq-ym.com\/wp-content\/uploads\/2024\/05\/polishing-truck-wheels-1-9x12.webp 9w, https:\/\/hq-ym.com\/wp-content\/uploads\/2024\/05\/polishing-truck-wheels-1-750x1000.webp 750w, https:\/\/hq-ym.com\/wp-content\/uploads\/2024\/05\/polishing-truck-wheels-1-1000x1333.webp 1000w, https:\/\/hq-ym.com\/wp-content\/uploads\/2024\/05\/polishing-truck-wheels-1-scaled.webp 1920w\" sizes=\"(max-width: 600px) 100vw, 600px\" \/> <img decoding=\"async\" class=\"aligncenter wp-image-5892\" src=\"https:\/\/hq-ym.com\/wp-content\/uploads\/2024\/05\/polishing-truck-wheels-2-1024x768.webp\" alt=\"polishing truck wheels (7) (1)\" width=\"600\" height=\"450\" srcset=\"https:\/\/hq-ym.com\/wp-content\/uploads\/2024\/05\/polishing-truck-wheels-2-1024x768.webp 1024w, https:\/\/hq-ym.com\/wp-content\/uploads\/2024\/05\/polishing-truck-wheels-2-300x225.webp 300w, https:\/\/hq-ym.com\/wp-content\/uploads\/2024\/05\/polishing-truck-wheels-2-768x576.webp 768w, https:\/\/hq-ym.com\/wp-content\/uploads\/2024\/05\/polishing-truck-wheels-2-1536x1152.webp 1536w, https:\/\/hq-ym.com\/wp-content\/uploads\/2024\/05\/polishing-truck-wheels-2-2048x1536.webp 2048w, https:\/\/hq-ym.com\/wp-content\/uploads\/2024\/05\/polishing-truck-wheels-2-16x12.webp 16w, https:\/\/hq-ym.com\/wp-content\/uploads\/2024\/05\/polishing-truck-wheels-2-750x563.webp 750w, https:\/\/hq-ym.com\/wp-content\/uploads\/2024\/05\/polishing-truck-wheels-2-1000x750.webp 1000w\" sizes=\"(max-width: 600px) 100vw, 600px\" \/> <img decoding=\"async\" class=\"aligncenter wp-image-5891\" src=\"https:\/\/hq-ym.com\/wp-content\/uploads\/2024\/05\/polishing-truck-wheels-6-1024x768.webp\" alt=\"polishing truck wheels (7) (1)\" width=\"600\" height=\"450\" srcset=\"https:\/\/hq-ym.com\/wp-content\/uploads\/2024\/05\/polishing-truck-wheels-6-1024x768.webp 1024w, https:\/\/hq-ym.com\/wp-content\/uploads\/2024\/05\/polishing-truck-wheels-6-300x225.webp 300w, https:\/\/hq-ym.com\/wp-content\/uploads\/2024\/05\/polishing-truck-wheels-6-768x576.webp 768w, https:\/\/hq-ym.com\/wp-content\/uploads\/2024\/05\/polishing-truck-wheels-6-1536x1152.webp 1536w, https:\/\/hq-ym.com\/wp-content\/uploads\/2024\/05\/polishing-truck-wheels-6-2048x1536.webp 2048w, https:\/\/hq-ym.com\/wp-content\/uploads\/2024\/05\/polishing-truck-wheels-6-16x12.webp 16w, https:\/\/hq-ym.com\/wp-content\/uploads\/2024\/05\/polishing-truck-wheels-6-750x563.webp 750w, https:\/\/hq-ym.com\/wp-content\/uploads\/2024\/05\/polishing-truck-wheels-6-1000x750.webp 1000w\" sizes=\"(max-width: 600px) 100vw, 600px\" \/> <img loading=\"lazy\" decoding=\"async\" class=\"aligncenter wp-image-5889\" src=\"https:\/\/hq-ym.com\/wp-content\/uploads\/2024\/05\/polishing-truck-wheels-7-1-768x1024.webp\" alt=\"polishing truck wheels (7) \" width=\"600\" height=\"800\" srcset=\"https:\/\/hq-ym.com\/wp-content\/uploads\/2024\/05\/polishing-truck-wheels-7-1-768x1024.webp 768w, https:\/\/hq-ym.com\/wp-content\/uploads\/2024\/05\/polishing-truck-wheels-7-1-225x300.webp 225w, https:\/\/hq-ym.com\/wp-content\/uploads\/2024\/05\/polishing-truck-wheels-7-1-1152x1536.webp 1152w, https:\/\/hq-ym.com\/wp-content\/uploads\/2024\/05\/polishing-truck-wheels-7-1-1536x2048.webp 1536w, https:\/\/hq-ym.com\/wp-content\/uploads\/2024\/05\/polishing-truck-wheels-7-1-9x12.webp 9w, https:\/\/hq-ym.com\/wp-content\/uploads\/2024\/05\/polishing-truck-wheels-7-1-750x1000.webp 750w, https:\/\/hq-ym.com\/wp-content\/uploads\/2024\/05\/polishing-truck-wheels-7-1-1000x1333.webp 1000w, https:\/\/hq-ym.com\/wp-content\/uploads\/2024\/05\/polishing-truck-wheels-7-1-scaled.webp 1920w\" sizes=\"(max-width: 600px) 100vw, 600px\" \/><\/p>\n<h5><\/h5>\n<p style=\"text-align: center;\"><div class=\"lyte-wrapper\" style=\"width:853px;max-width:100%;margin:5px auto;\"><div class=\"lyMe hidef\" id=\"WYL_gReZGctACs4\"><div id=\"lyte_gReZGctACs4\" data-src=\"\/\/i.ytimg.com\/vi\/gReZGctACs4\/maxresdefault.jpg\" class=\"pL\"><div class=\"tC\"><div class=\"tT\"><\/div><\/div><div class=\"play\"><\/div><div class=\"ctrl\"><div class=\"Lctrl\"><\/div><div class=\"Rctrl\"><\/div><\/div><\/div><noscript><a href=\"https:\/\/youtu.be\/gReZGctACs4\" rel=\"nofollow\"><img loading=\"lazy\" decoding=\"async\" src=\"https:\/\/i.ytimg.com\/vi\/gReZGctACs4\/0.jpg\" alt=\"\" width=\"853\" height=\"460\" \/><br \/>Watch this video on YouTube<\/a><\/noscript><\/div><\/div><div class=\"lL\" style=\"max-width:100%;width:853px;margin:5px auto;\"><\/div><\/p>\n<p style=\"text-align: center;\"><div class=\"lyte-wrapper\" style=\"width:853px;max-width:100%;margin:5px auto;\"><div class=\"lyMe hidef\" id=\"WYL_2fqz22QQruk\"><div id=\"lyte_2fqz22QQruk\" data-src=\"\/\/i.ytimg.com\/vi\/2fqz22QQruk\/maxresdefault.jpg\" class=\"pL\"><div class=\"tC\"><div class=\"tT\"><\/div><\/div><div class=\"play\"><\/div><div class=\"ctrl\"><div class=\"Lctrl\"><\/div><div class=\"Rctrl\"><\/div><\/div><\/div><noscript><a href=\"https:\/\/youtu.be\/2fqz22QQruk\" rel=\"nofollow\"><img loading=\"lazy\" decoding=\"async\" src=\"https:\/\/i.ytimg.com\/vi\/2fqz22QQruk\/0.jpg\" alt=\"\" width=\"853\" height=\"460\" \/><br \/>Watch this video on YouTube<\/a><\/noscript><\/div><\/div><div class=\"lL\" style=\"max-width:100%;width:853px;margin:5px auto;\"><\/div><\/p>\n<p style=\"text-align: center;\"><div class=\"lyte-wrapper\" style=\"width:853px;max-width:100%;margin:5px auto;\"><div class=\"lyMe hidef\" id=\"WYL_k_mFeNWuQXI\"><div id=\"lyte_k_mFeNWuQXI\" data-src=\"\/\/i.ytimg.com\/vi\/k_mFeNWuQXI\/maxresdefault.jpg\" class=\"pL\"><div class=\"tC\"><div class=\"tT\"><\/div><\/div><div class=\"play\"><\/div><div class=\"ctrl\"><div class=\"Lctrl\"><\/div><div class=\"Rctrl\"><\/div><\/div><\/div><noscript><a href=\"https:\/\/youtu.be\/k_mFeNWuQXI\" rel=\"nofollow\"><img loading=\"lazy\" decoding=\"async\" src=\"https:\/\/i.ytimg.com\/vi\/k_mFeNWuQXI\/0.jpg\" alt=\"\" width=\"853\" height=\"460\" \/><br \/>Watch this video on YouTube<\/a><\/noscript><\/div><\/div><div class=\"lL\" style=\"max-width:100%;width:853px;margin:5px auto;\"><\/div><\/p>\n<p>&nbsp;<\/p>\n<p>&nbsp;<\/p>\n<p>&nbsp;<\/p>\n<p>1.\u00a0\u00a0<a href=\"https:\/\/hq-ym.com\/fr\/produit\/2-station-rim-polishing-machine-for-16-to-24-wheels\/\">Machine \u00e0 polir les jantes en aluminium \u00e0 2 stations<\/a><\/p>\n<p>2.\u00a0<a href=\"https:\/\/hq-ym.com\/fr\/we-will-be-at-us-sema-show-2024-meet-us-at-las-vegas\/\">Nous serons pr\u00e9sents \u00e0 l'US SEMA SHOW 2024, rendez-vous \u00e0 Las Vegas en novembre !<\/a><\/p>\n<p>3.\u00a0<a href=\"https:\/\/hq-ym.com\/fr\/basic-stages-of-ceramic-machine-polishing-for-wheels\/\">\u00c9tapes de base de la machine \u00e0 polir les jantes en c\u00e9ramique<\/a><\/p>\n<p>&nbsp;<\/p>\n<p>&nbsp;<\/p>","protected":false},"excerpt":{"rendered":"<p>Essorage : La machine utilise un tampon en polyester personnalis\u00e9 combin\u00e9 \u00e0 des compos\u00e9s de polissage sp\u00e9ciaux pour essorer les jantes de mani\u00e8re r\u00e9p\u00e9t\u00e9e pendant qu'elles vibrent.<\/p>\n<p>Polissage en deux \u00e9tapes : le processus fait appel \u00e0 deux tampons diff\u00e9rents. Le premier tampon est utilis\u00e9 pour le pon\u00e7age initial afin d'\u00e9liminer les imperfections, et le second tampon polit la jante afin d'obtenir une finition brillante et \u00e9clatante.<\/p>\n<p>Combinez avec l'\u00e9tape de polissage fin : Apr\u00e8s l'\u00e9tape finale de polissage miroir sur notre machine \u00e0 polir les meules en c\u00e9ramique, le mat\u00e9riau atteindra sa luminosit\u00e9 maximale.<\/p>","protected":false},"featured_media":5880,"template":"","meta":[],"product_cat":[23,33,32],"product_tag":[],"class_list":{"0":"post-4951","1":"product","2":"type-product","3":"status-publish","4":"has-post-thumbnail","6":"product_cat-wheel-polishing-machines","7":"product_cat-truck-rim-polish-machine","8":"product_cat-rim-polish-machine","10":"first","11":"instock","12":"shipping-taxable","13":"product-type-simple"},"yoast_head":"<!-- This site is optimized with the Yoast SEO Premium plugin v22.3 (Yoast SEO v22.3) - https:\/\/yoast.com\/wordpress\/plugins\/seo\/ -->\n<title>Truck Wheel Polishing Machine Replica Rim Shape Polishing - Hua Qing Grinding Technology (Shenzhen) Co., Ltd<\/title>\n<meta name=\"description\" content=\"This is a machine use for truck and bus wheel polishing usage, it can polish a rim into a mirror shine without human labor.\" \/>\n<meta name=\"robots\" content=\"index, follow, max-snippet:-1, max-image-preview:large, max-video-preview:-1\" \/>\n<link rel=\"canonical\" href=\"https:\/\/hq-ym.com\/fr\/produit\/truck-rim-replica-polishing-machine\/\" \/>\n<meta property=\"og:locale\" content=\"fr_FR\" \/>\n<meta property=\"og:type\" content=\"article\" \/>\n<meta property=\"og:title\" content=\"Truck Wheel Polishing Machine Replica Rim Shape Polishing\" \/>\n<meta property=\"og:description\" content=\"This is a machine use for truck and bus wheel polishing usage, it can polish a rim into a mirror shine without human labor.\" \/>\n<meta property=\"og:url\" content=\"https:\/\/hq-ym.com\/fr\/produit\/truck-rim-replica-polishing-machine\/\" \/>\n<meta property=\"og:site_name\" content=\"Hua Qing Grinding Technology (Shenzhen) Co., Ltd\" \/>\n<meta property=\"article:modified_time\" content=\"2024-10-19T10:13:42+00:00\" \/>\n<meta property=\"og:image\" content=\"https:\/\/hq-ym.com\/wp-content\/uploads\/2024\/05\/\u5361\u5df4\u8f6e\u56fe\u7247.webp\" \/>\n\t<meta property=\"og:image:width\" content=\"1412\" \/>\n\t<meta property=\"og:image:height\" content=\"1413\" \/>\n\t<meta property=\"og:image:type\" content=\"image\/webp\" \/>\n<meta name=\"twitter:card\" content=\"summary_large_image\" \/>\n<meta name=\"twitter:label1\" content=\"Dur\u00e9e de lecture estim\u00e9e\" \/>\n\t<meta name=\"twitter:data1\" content=\"2 minutes\" \/>\n<script type=\"application\/ld+json\" class=\"yoast-schema-graph\">{\"@context\":\"https:\/\/schema.org\",\"@graph\":[{\"@type\":\"WebPage\",\"@id\":\"https:\/\/hq-ym.com\/product\/truck-rim-replica-polishing-machine\/\",\"url\":\"https:\/\/hq-ym.com\/product\/truck-rim-replica-polishing-machine\/\",\"name\":\"Truck Wheel Polishing Machine Replica Rim Shape Polishing - Hua Qing Grinding Technology (Shenzhen) Co., Ltd\",\"isPartOf\":{\"@id\":\"https:\/\/hq-ym.com\/#website\"},\"primaryImageOfPage\":{\"@id\":\"https:\/\/hq-ym.com\/product\/truck-rim-replica-polishing-machine\/#primaryimage\"},\"image\":{\"@id\":\"https:\/\/hq-ym.com\/product\/truck-rim-replica-polishing-machine\/#primaryimage\"},\"thumbnailUrl\":\"https:\/\/hq-ym.com\/wp-content\/uploads\/2024\/05\/\u5361\u5df4\u8f6e\u56fe\u7247.webp\",\"datePublished\":\"2024-05-15T06:02:34+00:00\",\"dateModified\":\"2024-10-19T10:13:42+00:00\",\"description\":\"This is a machine use for truck and bus wheel polishing usage, it can polish a rim into a mirror shine without human labor.\",\"breadcrumb\":{\"@id\":\"https:\/\/hq-ym.com\/product\/truck-rim-replica-polishing-machine\/#breadcrumb\"},\"inLanguage\":\"fr-FR\",\"potentialAction\":[{\"@type\":\"ReadAction\",\"target\":[\"https:\/\/hq-ym.com\/product\/truck-rim-replica-polishing-machine\/\"]}]},{\"@type\":\"ImageObject\",\"inLanguage\":\"fr-FR\",\"@id\":\"https:\/\/hq-ym.com\/product\/truck-rim-replica-polishing-machine\/#primaryimage\",\"url\":\"https:\/\/hq-ym.com\/wp-content\/uploads\/2024\/05\/\u5361\u5df4\u8f6e\u56fe\u7247.webp\",\"contentUrl\":\"https:\/\/hq-ym.com\/wp-content\/uploads\/2024\/05\/\u5361\u5df4\u8f6e\u56fe\u7247.webp\",\"width\":1412,\"height\":1413,\"caption\":\"truck wheel polish machine\"},{\"@type\":\"BreadcrumbList\",\"@id\":\"https:\/\/hq-ym.com\/product\/truck-rim-replica-polishing-machine\/#breadcrumb\",\"itemListElement\":[{\"@type\":\"ListItem\",\"position\":1,\"name\":\"\u9996\u9875\",\"item\":\"https:\/\/hq-ym.com\/\"},{\"@type\":\"ListItem\",\"position\":2,\"name\":\"Products\",\"item\":\"https:\/\/hq-ym.com\/products\/\"},{\"@type\":\"ListItem\",\"position\":3,\"name\":\"Truck Wheel Polishing Machine Replica Rim Shape Polishing\"}]},{\"@type\":\"WebSite\",\"@id\":\"https:\/\/hq-ym.com\/#website\",\"url\":\"https:\/\/hq-ym.com\/\",\"name\":\"Hua Qing Grinding Technology (Shenzhen) Co., Ltd\",\"description\":\"Sales of the rotary rim polishing machines, media and compounds. Polishing wheels from raw-deep machining marks to a mirror finish without hand polishing.\",\"publisher\":{\"@id\":\"https:\/\/hq-ym.com\/#organization\"},\"potentialAction\":[{\"@type\":\"SearchAction\",\"target\":{\"@type\":\"EntryPoint\",\"urlTemplate\":\"https:\/\/hq-ym.com\/?s={search_term_string}\"},\"query-input\":\"required name=search_term_string\"}],\"inLanguage\":\"fr-FR\"},{\"@type\":\"Organization\",\"@id\":\"https:\/\/hq-ym.com\/#organization\",\"name\":\"Hua Qing Grinding Technology (Shenzhen) Co., Ltd\",\"url\":\"https:\/\/hq-ym.com\/\",\"logo\":{\"@type\":\"ImageObject\",\"inLanguage\":\"fr-FR\",\"@id\":\"https:\/\/hq-ym.com\/#\/schema\/logo\/image\/\",\"url\":\"https:\/\/hq-ym.com\/wp-content\/uploads\/2024\/11\/Huaqing-grinding-logo-bl_11zon.webp\",\"contentUrl\":\"https:\/\/hq-ym.com\/wp-content\/uploads\/2024\/11\/Huaqing-grinding-logo-bl_11zon.webp\",\"width\":1067,\"height\":254,\"caption\":\"Hua Qing Grinding Technology (Shenzhen) Co., Ltd\"},\"image\":{\"@id\":\"https:\/\/hq-ym.com\/#\/schema\/logo\/image\/\"},\"sameAs\":[\"https:\/\/www.instagram.com\/hua_qing_polishing\/\",\"https:\/\/www.linkedin.com\/company\/104088516\/admin\/dashboard\/\"]}]}<\/script>\n<!-- \/ Yoast SEO Premium plugin. -->","yoast_head_json":{"title":"Truck Wheel Polishing Machine Replica Rim Shape Polishing - Hua Qing Grinding Technology (Shenzhen) Co., Ltd","description":"This is a machine use for truck and bus wheel polishing usage, it can polish a rim into a mirror shine without human labor.","robots":{"index":"index","follow":"follow","max-snippet":"max-snippet:-1","max-image-preview":"max-image-preview:large","max-video-preview":"max-video-preview:-1"},"canonical":"https:\/\/hq-ym.com\/fr\/produit\/truck-rim-replica-polishing-machine\/","og_locale":"fr_FR","og_type":"article","og_title":"Truck Wheel Polishing Machine Replica Rim Shape Polishing","og_description":"This is a machine use for truck and bus wheel polishing usage, it can polish a rim into a mirror shine without human labor.","og_url":"https:\/\/hq-ym.com\/fr\/produit\/truck-rim-replica-polishing-machine\/","og_site_name":"Hua Qing Grinding Technology (Shenzhen) Co., Ltd","article_modified_time":"2024-10-19T10:13:42+00:00","og_image":[{"width":1412,"height":1413,"url":"https:\/\/hq-ym.com\/wp-content\/uploads\/2024\/05\/\u5361\u5df4\u8f6e\u56fe\u7247.webp","type":"image\/webp"}],"twitter_card":"summary_large_image","twitter_misc":{"Dur\u00e9e de lecture estim\u00e9e":"2 minutes"},"schema":{"@context":"https:\/\/schema.org","@graph":[{"@type":"WebPage","@id":"https:\/\/hq-ym.com\/product\/truck-rim-replica-polishing-machine\/","url":"https:\/\/hq-ym.com\/product\/truck-rim-replica-polishing-machine\/","name":"Truck Wheel Polishing Machine Replica Rim Shape Polishing - Hua Qing Grinding Technology (Shenzhen) Co., Ltd","isPartOf":{"@id":"https:\/\/hq-ym.com\/#website"},"primaryImageOfPage":{"@id":"https:\/\/hq-ym.com\/product\/truck-rim-replica-polishing-machine\/#primaryimage"},"image":{"@id":"https:\/\/hq-ym.com\/product\/truck-rim-replica-polishing-machine\/#primaryimage"},"thumbnailUrl":"https:\/\/hq-ym.com\/wp-content\/uploads\/2024\/05\/\u5361\u5df4\u8f6e\u56fe\u7247.webp","datePublished":"2024-05-15T06:02:34+00:00","dateModified":"2024-10-19T10:13:42+00:00","description":"This is a machine use for truck and bus wheel polishing usage, it can polish a rim into a mirror shine without human labor.","breadcrumb":{"@id":"https:\/\/hq-ym.com\/product\/truck-rim-replica-polishing-machine\/#breadcrumb"},"inLanguage":"fr-FR","potentialAction":[{"@type":"ReadAction","target":["https:\/\/hq-ym.com\/product\/truck-rim-replica-polishing-machine\/"]}]},{"@type":"ImageObject","inLanguage":"fr-FR","@id":"https:\/\/hq-ym.com\/product\/truck-rim-replica-polishing-machine\/#primaryimage","url":"https:\/\/hq-ym.com\/wp-content\/uploads\/2024\/05\/\u5361\u5df4\u8f6e\u56fe\u7247.webp","contentUrl":"https:\/\/hq-ym.com\/wp-content\/uploads\/2024\/05\/\u5361\u5df4\u8f6e\u56fe\u7247.webp","width":1412,"height":1413,"caption":"truck wheel polish machine"},{"@type":"BreadcrumbList","@id":"https:\/\/hq-ym.com\/product\/truck-rim-replica-polishing-machine\/#breadcrumb","itemListElement":[{"@type":"ListItem","position":1,"name":"\u9996\u9875","item":"https:\/\/hq-ym.com\/"},{"@type":"ListItem","position":2,"name":"Products","item":"https:\/\/hq-ym.com\/products\/"},{"@type":"ListItem","position":3,"name":"Truck Wheel Polishing Machine Replica Rim Shape Polishing"}]},{"@type":"WebSite","@id":"https:\/\/hq-ym.com\/#website","url":"https:\/\/hq-ym.com\/","name":"Hua Qing Grinding Technology (Shenzhen) Co., Ltd","description":"Sales of the rotary rim polishing machines, media and compounds. Polishing wheels from raw-deep machining marks to a mirror finish without hand polishing.","publisher":{"@id":"https:\/\/hq-ym.com\/#organization"},"potentialAction":[{"@type":"SearchAction","target":{"@type":"EntryPoint","urlTemplate":"https:\/\/hq-ym.com\/?s={search_term_string}"},"query-input":"required name=search_term_string"}],"inLanguage":"fr-FR"},{"@type":"Organization","@id":"https:\/\/hq-ym.com\/#organization","name":"Hua Qing Grinding Technology (Shenzhen) Co., Ltd","url":"https:\/\/hq-ym.com\/","logo":{"@type":"ImageObject","inLanguage":"fr-FR","@id":"https:\/\/hq-ym.com\/#\/schema\/logo\/image\/","url":"https:\/\/hq-ym.com\/wp-content\/uploads\/2024\/11\/Huaqing-grinding-logo-bl_11zon.webp","contentUrl":"https:\/\/hq-ym.com\/wp-content\/uploads\/2024\/11\/Huaqing-grinding-logo-bl_11zon.webp","width":1067,"height":254,"caption":"Hua Qing Grinding Technology (Shenzhen) Co., Ltd"},"image":{"@id":"https:\/\/hq-ym.com\/#\/schema\/logo\/image\/"},"sameAs":["https:\/\/www.instagram.com\/hua_qing_polishing\/","https:\/\/www.linkedin.com\/company\/104088516\/admin\/dashboard\/"]}]}},"_links":{"self":[{"href":"https:\/\/hq-ym.com\/fr\/wp-json\/wp\/v2\/product\/4951"}],"collection":[{"href":"https:\/\/hq-ym.com\/fr\/wp-json\/wp\/v2\/product"}],"about":[{"href":"https:\/\/hq-ym.com\/fr\/wp-json\/wp\/v2\/types\/product"}],"version-history":[{"count":4,"href":"https:\/\/hq-ym.com\/fr\/wp-json\/wp\/v2\/product\/4951\/revisions"}],"predecessor-version":[{"id":5894,"href":"https:\/\/hq-ym.com\/fr\/wp-json\/wp\/v2\/product\/4951\/revisions\/5894"}],"wp:featuredmedia":[{"embeddable":true,"href":"https:\/\/hq-ym.com\/fr\/wp-json\/wp\/v2\/media\/5880"}],"wp:attachment":[{"href":"https:\/\/hq-ym.com\/fr\/wp-json\/wp\/v2\/media?parent=4951"}],"wp:term":[{"taxonomy":"product_cat","embeddable":true,"href":"https:\/\/hq-ym.com\/fr\/wp-json\/wp\/v2\/product_cat?post=4951"},{"taxonomy":"product_tag","embeddable":true,"href":"https:\/\/hq-ym.com\/fr\/wp-json\/wp\/v2\/product_tag?post=4951"}],"curies":[{"name":"wp","href":"https:\/\/api.w.org\/{rel}","templated":true}]}}