{"id":4971,"date":"2024-05-15T07:12:26","date_gmt":"2024-05-15T07:12:26","guid":{"rendered":"https:\/\/hq-ym.com\/?post_type=product&#038;p=4971"},"modified":"2024-07-31T07:39:32","modified_gmt":"2024-07-31T07:39:32","slug":"automatic-ultrasonic-cleaning-and-drying-for-wheel-production","status":"publish","type":"product","link":"https:\/\/hq-ym.com\/fr\/produit\/automatic-ultrasonic-cleaning-and-drying-for-wheel-production\/","title":{"rendered":"\u00c9quipement de nettoyage et de lavage par pulv\u00e9risation ultrasonique pour la production industrielle de masse"},"content":{"rendered":"<p style=\"text-align: center;\"><div class=\"lyte-wrapper\" style=\"width:853px;max-width:100%;margin:5px auto;\"><div class=\"lyMe hidef\" id=\"WYL_GXE91P5i9zE\"><div id=\"lyte_GXE91P5i9zE\" data-src=\"\/\/i.ytimg.com\/vi\/GXE91P5i9zE\/maxresdefault.jpg\" class=\"pL\"><div class=\"tC\"><div class=\"tT\"><\/div><\/div><div class=\"play\"><\/div><div class=\"ctrl\"><div class=\"Lctrl\"><\/div><div class=\"Rctrl\"><\/div><\/div><\/div><noscript><a href=\"https:\/\/youtu.be\/GXE91P5i9zE\" rel=\"nofollow\"><img fetchpriority=\"high\" decoding=\"async\" src=\"https:\/\/i.ytimg.com\/vi\/GXE91P5i9zE\/0.jpg\" alt=\"\" width=\"853\" height=\"460\" \/><br \/>Watch this video on YouTube<\/a><\/noscript><\/div><\/div><div class=\"lL\" style=\"max-width:100%;width:853px;margin:5px auto;\"><\/div><\/p>\n<p>La ligne de production ultrasonique de nettoyage et de s\u00e9chage est con\u00e7ue pour r\u00e9duire tous les travaux de nettoyage, de transport et de levage apr\u00e8s le polissage par notre machine de polissage rotative. Nous adaptons les lignes de production \u00e0 l'espace de vos usines, en les combinant avec notre machine \u00e0 polir la c\u00e9ramique, et vous aurez alors un atelier de production de polissage enti\u00e8rement automatique.<\/p>\n<p><strong>Apr\u00e8s le nettoyage avec la machine \u00e0 laver industrielle \u00e0 ultrasons, la surface est compl\u00e8tement d\u00e9barrass\u00e9e de la poudre d'aluminium, des additifs du liquide de coupe, de l'huile et d'autres r\u00e9sidus.<\/strong><\/p>\n<p>Cette machine de nettoyage est un \u00e9quipement de nettoyage continu contr\u00f4l\u00e9 par PLC tout au long du processus, compos\u00e9 d'un convoyeur \u00e0 rouleaux \u00e0 l'entr\u00e9e, de chambres de nettoyage par pulv\u00e9risation continue de d\u00e9tergent, d'une chambre de rin\u00e7age \u00e0 l'eau du robinet, d'une chambre de rin\u00e7age \u00e0 l'eau pure, d'une chambre de soufflage d'air \u00e0 haute pression, d'une chambre de s\u00e9chage par soufflage d'air chauff\u00e9 et d'un convoyeur \u00e0 rouleaux \u00e0 la sortie.<\/p>\n<p><strong>Processus de polissage de la jante : <\/strong><\/p>\n<ol>\n<li>Broyage grossier<\/li>\n<li>Ligne de nettoyage par ultrasons<\/li>\n<li>Polissage moyen<\/li>\n<li>Polissage fin<\/li>\n<li>Ligne de nettoyage par ultrasons Dry &amp; Clean<\/li>\n<\/ol>\n<h3 style=\"text-align: center;\"><strong>Avant :<\/strong><\/h3>\n<p><img decoding=\"async\" class=\"aligncenter wp-image-5741\" src=\"https:\/\/hq-ym.com\/wp-content\/uploads\/2024\/05\/forged-rims-after-cleaning-2.png\" alt=\"forged rims after cleaning \" width=\"800\" height=\"529\" srcset=\"https:\/\/hq-ym.com\/wp-content\/uploads\/2024\/05\/forged-rims-after-cleaning-2.png 776w, https:\/\/hq-ym.com\/wp-content\/uploads\/2024\/05\/forged-rims-after-cleaning-2-750x496.png 750w, https:\/\/hq-ym.com\/wp-content\/uploads\/2024\/05\/forged-rims-after-cleaning-2-300x198.png 300w, https:\/\/hq-ym.com\/wp-content\/uploads\/2024\/05\/forged-rims-after-cleaning-2-768x508.png 768w, https:\/\/hq-ym.com\/wp-content\/uploads\/2024\/05\/forged-rims-after-cleaning-2-18x12.png 18w\" sizes=\"(max-width: 800px) 100vw, 800px\" \/><\/p>\n<h3 style=\"text-align: center;\"><strong>Apr\u00e8s :<\/strong><\/h3>\n<p style=\"text-align: center;\"><img decoding=\"async\" class=\"aligncenter wp-image-5740\" src=\"https:\/\/hq-ym.com\/wp-content\/uploads\/2024\/05\/forged-rims-after-cleaning-1.png\" alt=\"forged rims after cleaning (1)\" width=\"800\" height=\"527\" srcset=\"https:\/\/hq-ym.com\/wp-content\/uploads\/2024\/05\/forged-rims-after-cleaning-1.png 688w, https:\/\/hq-ym.com\/wp-content\/uploads\/2024\/05\/forged-rims-after-cleaning-1-300x198.png 300w, https:\/\/hq-ym.com\/wp-content\/uploads\/2024\/05\/forged-rims-after-cleaning-1-18x12.png 18w\" sizes=\"(max-width: 800px) 100vw, 800px\" \/><\/p>\n<p style=\"text-align: center;\"><div class=\"lyte-wrapper\" style=\"width:853px;max-width:100%;margin:5px auto;\"><div class=\"lyMe hidef\" id=\"WYL_txs4Ub5LZ3g\"><div id=\"lyte_txs4Ub5LZ3g\" data-src=\"\/\/i.ytimg.com\/vi\/txs4Ub5LZ3g\/maxresdefault.jpg\" class=\"pL\"><div class=\"tC\"><div class=\"tT\"><\/div><\/div><div class=\"play\"><\/div><div class=\"ctrl\"><div class=\"Lctrl\"><\/div><div class=\"Rctrl\"><\/div><\/div><\/div><noscript><a href=\"https:\/\/youtu.be\/txs4Ub5LZ3g\" rel=\"nofollow\"><img loading=\"lazy\" decoding=\"async\" src=\"https:\/\/i.ytimg.com\/vi\/txs4Ub5LZ3g\/0.jpg\" alt=\"\" width=\"853\" height=\"460\" \/><br \/>Watch this video on YouTube<\/a><\/noscript><\/div><\/div><div class=\"lL\" style=\"max-width:100%;width:853px;margin:5px auto;\"><\/div><\/p>\n<p><img loading=\"lazy\" decoding=\"async\" class=\"aligncenter wp-image-5206\" src=\"https:\/\/hq-ym.com\/wp-content\/uploads\/2024\/05\/ultrasonic-cleaning-line.jpg\" alt=\"ultrasonic cleaning line\" width=\"800\" height=\"600\" srcset=\"https:\/\/hq-ym.com\/wp-content\/uploads\/2024\/05\/ultrasonic-cleaning-line.jpg 1000w, https:\/\/hq-ym.com\/wp-content\/uploads\/2024\/05\/ultrasonic-cleaning-line-750x563.jpg 750w, https:\/\/hq-ym.com\/wp-content\/uploads\/2024\/05\/ultrasonic-cleaning-line-300x225.jpg 300w, https:\/\/hq-ym.com\/wp-content\/uploads\/2024\/05\/ultrasonic-cleaning-line-768x576.jpg 768w, https:\/\/hq-ym.com\/wp-content\/uploads\/2024\/05\/ultrasonic-cleaning-line-16x12.jpg 16w\" sizes=\"(max-width: 800px) 100vw, 800px\" \/><\/p>\n<p style=\"text-align: center;\"><img loading=\"lazy\" decoding=\"async\" class=\"aligncenter wp-image-5207\" src=\"https:\/\/hq-ym.com\/wp-content\/uploads\/2024\/05\/ultrasonic-cleaning-lines.jpg\" alt=\"ultrasonic cleaning lines\" width=\"800\" height=\"600\" srcset=\"https:\/\/hq-ym.com\/wp-content\/uploads\/2024\/05\/ultrasonic-cleaning-lines.jpg 1000w, https:\/\/hq-ym.com\/wp-content\/uploads\/2024\/05\/ultrasonic-cleaning-lines-750x563.jpg 750w, https:\/\/hq-ym.com\/wp-content\/uploads\/2024\/05\/ultrasonic-cleaning-lines-300x225.jpg 300w, https:\/\/hq-ym.com\/wp-content\/uploads\/2024\/05\/ultrasonic-cleaning-lines-768x576.jpg 768w, https:\/\/hq-ym.com\/wp-content\/uploads\/2024\/05\/ultrasonic-cleaning-lines-16x12.jpg 16w\" sizes=\"(max-width: 800px) 100vw, 800px\" \/><\/p>\n<p><img loading=\"lazy\" decoding=\"async\" class=\"wp-image-4954 aligncenter\" src=\"https:\/\/hq-ym.com\/wp-content\/uploads\/2024\/05\/\u8f6e\u6bc2\u5207\u524a\u540e\u6e05\u6d17.jpg\" alt=\"ultrasonic cleaning production line for wheels\" width=\"800\" height=\"600\" srcset=\"https:\/\/hq-ym.com\/wp-content\/uploads\/2024\/05\/\u8f6e\u6bc2\u5207\u524a\u540e\u6e05\u6d17.jpg 1706w, https:\/\/hq-ym.com\/wp-content\/uploads\/2024\/05\/\u8f6e\u6bc2\u5207\u524a\u540e\u6e05\u6d17-1000x750.jpg 1000w, https:\/\/hq-ym.com\/wp-content\/uploads\/2024\/05\/\u8f6e\u6bc2\u5207\u524a\u540e\u6e05\u6d17-750x562.jpg 750w, https:\/\/hq-ym.com\/wp-content\/uploads\/2024\/05\/\u8f6e\u6bc2\u5207\u524a\u540e\u6e05\u6d17-300x225.jpg 300w, https:\/\/hq-ym.com\/wp-content\/uploads\/2024\/05\/\u8f6e\u6bc2\u5207\u524a\u540e\u6e05\u6d17-1024x768.jpg 1024w, https:\/\/hq-ym.com\/wp-content\/uploads\/2024\/05\/\u8f6e\u6bc2\u5207\u524a\u540e\u6e05\u6d17-768x576.jpg 768w, https:\/\/hq-ym.com\/wp-content\/uploads\/2024\/05\/\u8f6e\u6bc2\u5207\u524a\u540e\u6e05\u6d17-1536x1152.jpg 1536w, https:\/\/hq-ym.com\/wp-content\/uploads\/2024\/05\/\u8f6e\u6bc2\u5207\u524a\u540e\u6e05\u6d17-16x12.jpg 16w\" sizes=\"(max-width: 800px) 100vw, 800px\" \/><\/p>\n<p><img loading=\"lazy\" decoding=\"async\" class=\"aligncenter wp-image-4956\" src=\"https:\/\/hq-ym.com\/wp-content\/uploads\/2024\/05\/\u8f6e\u6bc2\u6e05\u6d17\u951f\u9053-1024x768.jpg\" alt=\"automatic ultrasonic cleaning line\" width=\"800\" height=\"600\" srcset=\"https:\/\/hq-ym.com\/wp-content\/uploads\/2024\/05\/\u8f6e\u6bc2\u6e05\u6d17\u951f\u9053-1024x768.jpg 1024w, https:\/\/hq-ym.com\/wp-content\/uploads\/2024\/05\/\u8f6e\u6bc2\u6e05\u6d17\u951f\u9053-1000x750.jpg 1000w, https:\/\/hq-ym.com\/wp-content\/uploads\/2024\/05\/\u8f6e\u6bc2\u6e05\u6d17\u951f\u9053-750x562.jpg 750w, https:\/\/hq-ym.com\/wp-content\/uploads\/2024\/05\/\u8f6e\u6bc2\u6e05\u6d17\u951f\u9053-300x225.jpg 300w, https:\/\/hq-ym.com\/wp-content\/uploads\/2024\/05\/\u8f6e\u6bc2\u6e05\u6d17\u951f\u9053-768x576.jpg 768w, https:\/\/hq-ym.com\/wp-content\/uploads\/2024\/05\/\u8f6e\u6bc2\u6e05\u6d17\u951f\u9053-1536x1152.jpg 1536w, https:\/\/hq-ym.com\/wp-content\/uploads\/2024\/05\/\u8f6e\u6bc2\u6e05\u6d17\u951f\u9053-16x12.jpg 16w, https:\/\/hq-ym.com\/wp-content\/uploads\/2024\/05\/\u8f6e\u6bc2\u6e05\u6d17\u951f\u9053.jpg 1706w\" sizes=\"(max-width: 800px) 100vw, 800px\" \/><\/p>\n<p style=\"text-align: center;\">toutes les \u00e9tapes de nettoyage peuvent \u00eatre remplac\u00e9es par notre ligne de nettoyage automatique par ultrasons.<\/p>\n<p>&nbsp;<\/p>\n<p>&nbsp;<\/p>\n<p>&nbsp;<\/p>\n<ol>\n<li>\n<h3><a href=\"https:\/\/hq-ym.com\/fr\/condimentum-odvenenatis-vestibulum-dapibus\/\">Rencontrez-nous au Salon international de l'automobile, Hanovre Allemagne 2024<\/a><\/h3>\n<\/li>\n<li>\n<h3><a href=\"https:\/\/hq-ym.com\/fr\/we-will-be-at-us-sema-show-2024-meet-us-at-las-vegas\/\">Nous serons pr\u00e9sents \u00e0 l'US SEMA SHOW 2024, rendez-vous \u00e0 Las Vegas en novembre !<\/a><\/h3>\n<\/li>\n<li>\n<h3><a href=\"https:\/\/hq-ym.com\/fr\/basic-stages-of-ceramic-machine-polishing-for-wheels\/\">\u00c9tapes de base de la machine \u00e0 polir les jantes en c\u00e9ramique<\/a><\/h3>\n<\/li>\n<\/ol>\n<p>&nbsp;<\/p>\n<p>&nbsp;<\/p>\n<p>&nbsp;<\/p>\n<p>&nbsp;<\/p>\n<p>&nbsp;<\/p>","protected":false},"excerpt":{"rendered":"<div class=\"flex-shrink-0 flex flex-col relative items-end\">\n<div>\n<div class=\"pt-0\">\n<div class=\"gizmo-bot-avatar flex h-8 w-8 items-center justify-center overflow-hidden rounded-full\">\n<div class=\"relative p-1 rounded-sm flex items-center justify-center bg-token-main-surface-primary text-token-text-primary h-8 w-8\">Cette machine \u00e0 laver industrielle \u00e0 ultrasons de haute qualit\u00e9 et durable est con\u00e7ue pour le lavage et le nettoyage par pulv\u00e9risation de la production de masse.<\/div>\n<\/div>\n<\/div>\n<\/div>\n<\/div>\n<div class=\"group\/conversation-turn relative flex w-full min-w-0 flex-col agent-turn\">\n<div class=\"flex-col gap-1 md:gap-3\">\n<div class=\"flex flex-grow flex-col max-w-full\">\n<div class=\"min-h-[20px] text-message flex w-full flex-col items-end gap-2 whitespace-pre-wrap break-words [.text-message+&amp;]:mt-5 overflow-x-auto\" dir=\"auto\" data-message-author-role=\"assistant\" data-message-id=\"20d2eccf-7f74-4df9-b6ce-f8bc774891df\">\n<div class=\"flex w-full flex-col gap-1 empty:hidden first:pt-[3px]\">\n<div class=\"markdown prose w-full break-words dark:prose-invert light\">\n<p>Notre ligne de nettoyage et de s\u00e9chage par ultrasons minimise le besoin de transport et de levage manuel pendant le processus de polissage des jantes. Nous pouvons personnaliser l'installation en fonction de l'espace disponible dans votre atelier et l'int\u00e9grer de mani\u00e8re transparente \u00e0 notre machine de polissage de la c\u00e9ramique. Cette combinaison permet d'obtenir un atelier de production de polissage enti\u00e8rement automatis\u00e9.<\/p>\n<\/div>\n<\/div>\n<\/div>\n<\/div>\n<\/div>\n<\/div>\n<p>&nbsp;<\/p>","protected":false},"featured_media":5747,"template":"","meta":[],"product_cat":[23,34],"product_tag":[],"class_list":{"0":"post-4971","1":"product","2":"type-product","3":"status-publish","4":"has-post-thumbnail","6":"product_cat-wheel-polishing-machines","7":"product_cat-ultrasonic-cleaning-line","9":"first","10":"instock","11":"shipping-taxable","12":"product-type-simple"},"yoast_head":"<!-- This site is optimized with the Yoast SEO Premium plugin v22.3 (Yoast SEO v22.3) - https:\/\/yoast.com\/wordpress\/plugins\/seo\/ -->\n<title>Industrial Mass Production Ultrasonic Spray Cleaning and Washing Equipment - Hua Qing Grinding Technology (Shenzhen) Co., Ltd<\/title>\n<meta name=\"description\" content=\"This automatic ultrasonic cleaner equipment is provided for wheel mass production cleaning and drying, wheels come out dry and clean easily.\" \/>\n<meta name=\"robots\" content=\"index, follow, max-snippet:-1, max-image-preview:large, max-video-preview:-1\" \/>\n<link rel=\"canonical\" href=\"https:\/\/hq-ym.com\/fr\/produit\/automatic-ultrasonic-cleaning-and-drying-for-wheel-production\/\" \/>\n<meta property=\"og:locale\" content=\"fr_FR\" \/>\n<meta property=\"og:type\" content=\"article\" \/>\n<meta property=\"og:title\" content=\"Industrial Mass Production Ultrasonic Spray Cleaning and Washing Equipment\" \/>\n<meta property=\"og:description\" content=\"This automatic ultrasonic cleaner equipment is provided for wheel mass production cleaning and drying, wheels come out dry and clean easily.\" \/>\n<meta property=\"og:url\" content=\"https:\/\/hq-ym.com\/fr\/produit\/automatic-ultrasonic-cleaning-and-drying-for-wheel-production\/\" \/>\n<meta property=\"og:site_name\" content=\"Hua Qing Grinding Technology (Shenzhen) Co., Ltd\" \/>\n<meta property=\"article:modified_time\" content=\"2024-07-31T07:39:32+00:00\" \/>\n<meta property=\"og:image\" content=\"https:\/\/hq-ym.com\/wp-content\/uploads\/2024\/05\/wheel-washing-machine.jpg\" \/>\n\t<meta property=\"og:image:width\" content=\"1000\" \/>\n\t<meta property=\"og:image:height\" content=\"1000\" \/>\n\t<meta property=\"og:image:type\" content=\"image\/jpeg\" \/>\n<meta name=\"twitter:card\" content=\"summary_large_image\" \/>\n<meta name=\"twitter:label1\" content=\"Dur\u00e9e de lecture estim\u00e9e\" \/>\n\t<meta name=\"twitter:data1\" content=\"3 minutes\" \/>\n<script type=\"application\/ld+json\" class=\"yoast-schema-graph\">{\"@context\":\"https:\/\/schema.org\",\"@graph\":[{\"@type\":\"WebPage\",\"@id\":\"https:\/\/hq-ym.com\/product\/automatic-ultrasonic-cleaning-and-drying-for-wheel-production\/\",\"url\":\"https:\/\/hq-ym.com\/product\/automatic-ultrasonic-cleaning-and-drying-for-wheel-production\/\",\"name\":\"Industrial Mass Production Ultrasonic Spray Cleaning and Washing Equipment - Hua Qing Grinding Technology (Shenzhen) Co., Ltd\",\"isPartOf\":{\"@id\":\"https:\/\/hq-ym.com\/#website\"},\"primaryImageOfPage\":{\"@id\":\"https:\/\/hq-ym.com\/product\/automatic-ultrasonic-cleaning-and-drying-for-wheel-production\/#primaryimage\"},\"image\":{\"@id\":\"https:\/\/hq-ym.com\/product\/automatic-ultrasonic-cleaning-and-drying-for-wheel-production\/#primaryimage\"},\"thumbnailUrl\":\"https:\/\/hq-ym.com\/wp-content\/uploads\/2024\/05\/wheel-washing-machine.jpg\",\"datePublished\":\"2024-05-15T07:12:26+00:00\",\"dateModified\":\"2024-07-31T07:39:32+00:00\",\"description\":\"This automatic ultrasonic cleaner equipment is provided for wheel mass production cleaning and drying, wheels come out dry and clean easily.\",\"breadcrumb\":{\"@id\":\"https:\/\/hq-ym.com\/product\/automatic-ultrasonic-cleaning-and-drying-for-wheel-production\/#breadcrumb\"},\"inLanguage\":\"fr-FR\",\"potentialAction\":[{\"@type\":\"ReadAction\",\"target\":[\"https:\/\/hq-ym.com\/product\/automatic-ultrasonic-cleaning-and-drying-for-wheel-production\/\"]}]},{\"@type\":\"ImageObject\",\"inLanguage\":\"fr-FR\",\"@id\":\"https:\/\/hq-ym.com\/product\/automatic-ultrasonic-cleaning-and-drying-for-wheel-production\/#primaryimage\",\"url\":\"https:\/\/hq-ym.com\/wp-content\/uploads\/2024\/05\/wheel-washing-machine.jpg\",\"contentUrl\":\"https:\/\/hq-ym.com\/wp-content\/uploads\/2024\/05\/wheel-washing-machine.jpg\",\"width\":1000,\"height\":1000,\"caption\":\"wheel washing machine\"},{\"@type\":\"BreadcrumbList\",\"@id\":\"https:\/\/hq-ym.com\/product\/automatic-ultrasonic-cleaning-and-drying-for-wheel-production\/#breadcrumb\",\"itemListElement\":[{\"@type\":\"ListItem\",\"position\":1,\"name\":\"\u9996\u9875\",\"item\":\"https:\/\/hq-ym.com\/\"},{\"@type\":\"ListItem\",\"position\":2,\"name\":\"Products\",\"item\":\"https:\/\/hq-ym.com\/products\/\"},{\"@type\":\"ListItem\",\"position\":3,\"name\":\"Industrial Mass Production Ultrasonic Spray Cleaning and Washing Equipment\"}]},{\"@type\":\"WebSite\",\"@id\":\"https:\/\/hq-ym.com\/#website\",\"url\":\"https:\/\/hq-ym.com\/\",\"name\":\"Hua Qing Grinding Technology (Shenzhen) Co., Ltd\",\"description\":\"Sales of the rotary rim polishing machines, media and compounds. Polishing wheels from raw-deep machining marks to a mirror finish without hand polishing.\",\"publisher\":{\"@id\":\"https:\/\/hq-ym.com\/#organization\"},\"potentialAction\":[{\"@type\":\"SearchAction\",\"target\":{\"@type\":\"EntryPoint\",\"urlTemplate\":\"https:\/\/hq-ym.com\/?s={search_term_string}\"},\"query-input\":\"required name=search_term_string\"}],\"inLanguage\":\"fr-FR\"},{\"@type\":\"Organization\",\"@id\":\"https:\/\/hq-ym.com\/#organization\",\"name\":\"Hua Qing Grinding Technology (Shenzhen) Co., Ltd\",\"url\":\"https:\/\/hq-ym.com\/\",\"logo\":{\"@type\":\"ImageObject\",\"inLanguage\":\"fr-FR\",\"@id\":\"https:\/\/hq-ym.com\/#\/schema\/logo\/image\/\",\"url\":\"https:\/\/hq-ym.com\/wp-content\/uploads\/2024\/11\/Huaqing-grinding-logo-bl_11zon.webp\",\"contentUrl\":\"https:\/\/hq-ym.com\/wp-content\/uploads\/2024\/11\/Huaqing-grinding-logo-bl_11zon.webp\",\"width\":1067,\"height\":254,\"caption\":\"Hua Qing Grinding Technology (Shenzhen) Co., Ltd\"},\"image\":{\"@id\":\"https:\/\/hq-ym.com\/#\/schema\/logo\/image\/\"},\"sameAs\":[\"https:\/\/www.instagram.com\/hua_qing_polishing\/\",\"https:\/\/www.linkedin.com\/company\/104088516\/admin\/dashboard\/\"]}]}<\/script>\n<!-- \/ Yoast SEO Premium plugin. -->","yoast_head_json":{"title":"Industrial Mass Production Ultrasonic Spray Cleaning and Washing Equipment - Hua Qing Grinding Technology (Shenzhen) Co., Ltd","description":"This automatic ultrasonic cleaner equipment is provided for wheel mass production cleaning and drying, wheels come out dry and clean easily.","robots":{"index":"index","follow":"follow","max-snippet":"max-snippet:-1","max-image-preview":"max-image-preview:large","max-video-preview":"max-video-preview:-1"},"canonical":"https:\/\/hq-ym.com\/fr\/produit\/automatic-ultrasonic-cleaning-and-drying-for-wheel-production\/","og_locale":"fr_FR","og_type":"article","og_title":"Industrial Mass Production Ultrasonic Spray Cleaning and Washing Equipment","og_description":"This automatic ultrasonic cleaner equipment is provided for wheel mass production cleaning and drying, wheels come out dry and clean easily.","og_url":"https:\/\/hq-ym.com\/fr\/produit\/automatic-ultrasonic-cleaning-and-drying-for-wheel-production\/","og_site_name":"Hua Qing Grinding Technology (Shenzhen) Co., Ltd","article_modified_time":"2024-07-31T07:39:32+00:00","og_image":[{"width":1000,"height":1000,"url":"https:\/\/hq-ym.com\/wp-content\/uploads\/2024\/05\/wheel-washing-machine.jpg","type":"image\/jpeg"}],"twitter_card":"summary_large_image","twitter_misc":{"Dur\u00e9e de lecture estim\u00e9e":"3 minutes"},"schema":{"@context":"https:\/\/schema.org","@graph":[{"@type":"WebPage","@id":"https:\/\/hq-ym.com\/product\/automatic-ultrasonic-cleaning-and-drying-for-wheel-production\/","url":"https:\/\/hq-ym.com\/product\/automatic-ultrasonic-cleaning-and-drying-for-wheel-production\/","name":"Industrial Mass Production Ultrasonic Spray Cleaning and Washing Equipment - Hua Qing Grinding Technology (Shenzhen) Co., Ltd","isPartOf":{"@id":"https:\/\/hq-ym.com\/#website"},"primaryImageOfPage":{"@id":"https:\/\/hq-ym.com\/product\/automatic-ultrasonic-cleaning-and-drying-for-wheel-production\/#primaryimage"},"image":{"@id":"https:\/\/hq-ym.com\/product\/automatic-ultrasonic-cleaning-and-drying-for-wheel-production\/#primaryimage"},"thumbnailUrl":"https:\/\/hq-ym.com\/wp-content\/uploads\/2024\/05\/wheel-washing-machine.jpg","datePublished":"2024-05-15T07:12:26+00:00","dateModified":"2024-07-31T07:39:32+00:00","description":"This automatic ultrasonic cleaner equipment is provided for wheel mass production cleaning and drying, wheels come out dry and clean easily.","breadcrumb":{"@id":"https:\/\/hq-ym.com\/product\/automatic-ultrasonic-cleaning-and-drying-for-wheel-production\/#breadcrumb"},"inLanguage":"fr-FR","potentialAction":[{"@type":"ReadAction","target":["https:\/\/hq-ym.com\/product\/automatic-ultrasonic-cleaning-and-drying-for-wheel-production\/"]}]},{"@type":"ImageObject","inLanguage":"fr-FR","@id":"https:\/\/hq-ym.com\/product\/automatic-ultrasonic-cleaning-and-drying-for-wheel-production\/#primaryimage","url":"https:\/\/hq-ym.com\/wp-content\/uploads\/2024\/05\/wheel-washing-machine.jpg","contentUrl":"https:\/\/hq-ym.com\/wp-content\/uploads\/2024\/05\/wheel-washing-machine.jpg","width":1000,"height":1000,"caption":"wheel washing machine"},{"@type":"BreadcrumbList","@id":"https:\/\/hq-ym.com\/product\/automatic-ultrasonic-cleaning-and-drying-for-wheel-production\/#breadcrumb","itemListElement":[{"@type":"ListItem","position":1,"name":"\u9996\u9875","item":"https:\/\/hq-ym.com\/"},{"@type":"ListItem","position":2,"name":"Products","item":"https:\/\/hq-ym.com\/products\/"},{"@type":"ListItem","position":3,"name":"Industrial Mass Production Ultrasonic Spray Cleaning and Washing Equipment"}]},{"@type":"WebSite","@id":"https:\/\/hq-ym.com\/#website","url":"https:\/\/hq-ym.com\/","name":"Hua Qing Grinding Technology (Shenzhen) Co., Ltd","description":"Sales of the rotary rim polishing machines, media and compounds. Polishing wheels from raw-deep machining marks to a mirror finish without hand polishing.","publisher":{"@id":"https:\/\/hq-ym.com\/#organization"},"potentialAction":[{"@type":"SearchAction","target":{"@type":"EntryPoint","urlTemplate":"https:\/\/hq-ym.com\/?s={search_term_string}"},"query-input":"required name=search_term_string"}],"inLanguage":"fr-FR"},{"@type":"Organization","@id":"https:\/\/hq-ym.com\/#organization","name":"Hua Qing Grinding Technology (Shenzhen) Co., Ltd","url":"https:\/\/hq-ym.com\/","logo":{"@type":"ImageObject","inLanguage":"fr-FR","@id":"https:\/\/hq-ym.com\/#\/schema\/logo\/image\/","url":"https:\/\/hq-ym.com\/wp-content\/uploads\/2024\/11\/Huaqing-grinding-logo-bl_11zon.webp","contentUrl":"https:\/\/hq-ym.com\/wp-content\/uploads\/2024\/11\/Huaqing-grinding-logo-bl_11zon.webp","width":1067,"height":254,"caption":"Hua Qing Grinding Technology (Shenzhen) Co., Ltd"},"image":{"@id":"https:\/\/hq-ym.com\/#\/schema\/logo\/image\/"},"sameAs":["https:\/\/www.instagram.com\/hua_qing_polishing\/","https:\/\/www.linkedin.com\/company\/104088516\/admin\/dashboard\/"]}]}},"_links":{"self":[{"href":"https:\/\/hq-ym.com\/fr\/wp-json\/wp\/v2\/product\/4971"}],"collection":[{"href":"https:\/\/hq-ym.com\/fr\/wp-json\/wp\/v2\/product"}],"about":[{"href":"https:\/\/hq-ym.com\/fr\/wp-json\/wp\/v2\/types\/product"}],"version-history":[{"count":0,"href":"https:\/\/hq-ym.com\/fr\/wp-json\/wp\/v2\/product\/4971\/revisions"}],"wp:featuredmedia":[{"embeddable":true,"href":"https:\/\/hq-ym.com\/fr\/wp-json\/wp\/v2\/media\/5747"}],"wp:attachment":[{"href":"https:\/\/hq-ym.com\/fr\/wp-json\/wp\/v2\/media?parent=4971"}],"wp:term":[{"taxonomy":"product_cat","embeddable":true,"href":"https:\/\/hq-ym.com\/fr\/wp-json\/wp\/v2\/product_cat?post=4971"},{"taxonomy":"product_tag","embeddable":true,"href":"https:\/\/hq-ym.com\/fr\/wp-json\/wp\/v2\/product_tag?post=4971"}],"curies":[{"name":"wp","href":"https:\/\/api.w.org\/{rel}","templated":true}]}}