{"id":4985,"date":"2024-05-15T09:04:21","date_gmt":"2024-05-15T09:04:21","guid":{"rendered":"https:\/\/hq-ym.com\/?post_type=product&#038;p=4985"},"modified":"2024-06-28T10:49:42","modified_gmt":"2024-06-28T10:49:42","slug":"chemical-compound-for-ceramic-wheel-polishing-machine","status":"publish","type":"product","link":"https:\/\/hq-ym.com\/fr\/produit\/chemical-compound-for-ceramic-wheel-polishing-machine\/","title":{"rendered":"Compos\u00e9 chimique pour machine \u00e0 polir les meules c\u00e9ramiques rotatives"},"content":{"rendered":"<p>&nbsp;<\/p>\n<p>Nous avons trois \u00e9tapes de polissage : grossier, moyen et fin\/chrom\u00e9, en utilisant diff\u00e9rentes billes de c\u00e9ramique et concentrations de compos\u00e9s,<\/p>\n<p>vous pouvez ensuite r\u00e9gler le temps de travail en fonction de la performance des jantes. (normalement 10 \u00e0 30 minutes en fonction de la conception et de la texture de la surface de la jante).<\/p>\n<p>Pour obtenir la surface chrom\u00e9e, il faut d'abord que la jante soit compl\u00e8tement lisse, et les premi\u00e8res \u00e9tapes grossi\u00e8res ou moyennes vous aideront \u00e0 la rendre aussi lisse que vous le souhaitez.<\/p>\n<p><img fetchpriority=\"high\" decoding=\"async\" class=\"wp-image-5122\" src=\"https:\/\/hq-ym.com\/wp-content\/uploads\/2024\/05\/ceramic-polishing-machine-3-steps.jpg\" alt=\"ceramic polishing machine 3 steps\" width=\"600\" height=\"541\" srcset=\"https:\/\/hq-ym.com\/wp-content\/uploads\/2024\/05\/ceramic-polishing-machine-3-steps.jpg 837w, https:\/\/hq-ym.com\/wp-content\/uploads\/2024\/05\/ceramic-polishing-machine-3-steps-750x677.jpg 750w, https:\/\/hq-ym.com\/wp-content\/uploads\/2024\/05\/ceramic-polishing-machine-3-steps-300x271.jpg 300w, https:\/\/hq-ym.com\/wp-content\/uploads\/2024\/05\/ceramic-polishing-machine-3-steps-768x693.jpg 768w, https:\/\/hq-ym.com\/wp-content\/uploads\/2024\/05\/ceramic-polishing-machine-3-steps-13x12.jpg 13w\" sizes=\"(max-width: 600px) 100vw, 600px\" \/><\/p>\n<p style=\"color: #494242; text-align: center;\">*Il s'agit uniquement d'une indication, la dur\u00e9e du processus de finition peut d\u00e9pendre de l'\u00e9tat initial de la roue.<\/p>\n<p style=\"color: #494242; text-align: center;\">** La taille et la forme du support seront s\u00e9lectionn\u00e9es pour s'adapter \u00e0 la g\u00e9om\u00e9trie de la pi\u00e8ce et \u00e9viter tout pi\u00e9geage du support.<\/p>\n<p style=\"color: #494242; text-align: center;\">***Certaines roues peuvent ne n\u00e9cessiter que les deux derni\u00e8res \u00e9tapes en fonction de l'\u00e9tat initial de la surface.<\/p>\n<p><img decoding=\"async\" class=\"aligncenter wp-image-4505\" src=\"https:\/\/hq-ym.com\/wp-content\/uploads\/2024\/05\/huaqing-polishing-factory-8-1024x768.jpg\" alt=\"\" width=\"600\" height=\"450\" srcset=\"https:\/\/hq-ym.com\/wp-content\/uploads\/2024\/05\/huaqing-polishing-factory-8-1024x768.jpg 1024w, https:\/\/hq-ym.com\/wp-content\/uploads\/2024\/05\/huaqing-polishing-factory-8-scaled-1000x750.jpg 1000w, https:\/\/hq-ym.com\/wp-content\/uploads\/2024\/05\/huaqing-polishing-factory-8-scaled-750x563.jpg 750w, https:\/\/hq-ym.com\/wp-content\/uploads\/2024\/05\/huaqing-polishing-factory-8-300x225.jpg 300w, https:\/\/hq-ym.com\/wp-content\/uploads\/2024\/05\/huaqing-polishing-factory-8-768x576.jpg 768w, https:\/\/hq-ym.com\/wp-content\/uploads\/2024\/05\/huaqing-polishing-factory-8-1536x1152.jpg 1536w, https:\/\/hq-ym.com\/wp-content\/uploads\/2024\/05\/huaqing-polishing-factory-8-2048x1536.jpg 2048w, https:\/\/hq-ym.com\/wp-content\/uploads\/2024\/05\/huaqing-polishing-factory-8-16x12.jpg 16w\" sizes=\"(max-width: 600px) 100vw, 600px\" \/><\/p>\n<p><img decoding=\"async\" class=\"aligncenter wp-image-4507\" src=\"https:\/\/hq-ym.com\/wp-content\/uploads\/2024\/05\/huaqing-polishing-factory-10-1024x768.jpg\" alt=\"compound warehouse\" width=\"600\" height=\"450\" srcset=\"https:\/\/hq-ym.com\/wp-content\/uploads\/2024\/05\/huaqing-polishing-factory-10-1024x768.jpg 1024w, https:\/\/hq-ym.com\/wp-content\/uploads\/2024\/05\/huaqing-polishing-factory-10-scaled-1000x750.jpg 1000w, https:\/\/hq-ym.com\/wp-content\/uploads\/2024\/05\/huaqing-polishing-factory-10-scaled-750x563.jpg 750w, https:\/\/hq-ym.com\/wp-content\/uploads\/2024\/05\/huaqing-polishing-factory-10-300x225.jpg 300w, https:\/\/hq-ym.com\/wp-content\/uploads\/2024\/05\/huaqing-polishing-factory-10-768x576.jpg 768w, https:\/\/hq-ym.com\/wp-content\/uploads\/2024\/05\/huaqing-polishing-factory-10-1536x1152.jpg 1536w, https:\/\/hq-ym.com\/wp-content\/uploads\/2024\/05\/huaqing-polishing-factory-10-2048x1536.jpg 2048w, https:\/\/hq-ym.com\/wp-content\/uploads\/2024\/05\/huaqing-polishing-factory-10-16x12.jpg 16w\" sizes=\"(max-width: 600px) 100vw, 600px\" \/><\/p>\n<p><img loading=\"lazy\" decoding=\"async\" class=\"aligncenter wp-image-4500\" src=\"https:\/\/hq-ym.com\/wp-content\/uploads\/2024\/05\/huaqing-polishing-factory-6-1024x768.jpg\" alt=\"\" width=\"600\" height=\"450\" srcset=\"https:\/\/hq-ym.com\/wp-content\/uploads\/2024\/05\/huaqing-polishing-factory-6-1024x768.jpg 1024w, https:\/\/hq-ym.com\/wp-content\/uploads\/2024\/05\/huaqing-polishing-factory-6-scaled-1000x750.jpg 1000w, https:\/\/hq-ym.com\/wp-content\/uploads\/2024\/05\/huaqing-polishing-factory-6-scaled-750x563.jpg 750w, https:\/\/hq-ym.com\/wp-content\/uploads\/2024\/05\/huaqing-polishing-factory-6-300x225.jpg 300w, https:\/\/hq-ym.com\/wp-content\/uploads\/2024\/05\/huaqing-polishing-factory-6-768x576.jpg 768w, https:\/\/hq-ym.com\/wp-content\/uploads\/2024\/05\/huaqing-polishing-factory-6-1536x1152.jpg 1536w, https:\/\/hq-ym.com\/wp-content\/uploads\/2024\/05\/huaqing-polishing-factory-6-2048x1536.jpg 2048w, https:\/\/hq-ym.com\/wp-content\/uploads\/2024\/05\/huaqing-polishing-factory-6-16x12.jpg 16w\" sizes=\"(max-width: 600px) 100vw, 600px\" \/><\/p>\n<p>&nbsp;<\/p>","protected":false},"excerpt":{"rendered":"<p>Nous d\u00e9veloppons, testons et am\u00e9liorons continuellement la formulation de nos compos\u00e9s liquides, en poudre et en p\u00e2te dans nos installations. C'est \u00e9galement l\u00e0 que nous fabriquons nos compos\u00e9s. Tous les compos\u00e9s Huaqing sont respectueux de l'environnement et sont formul\u00e9s pour notre machine de polissage \u00e0 haute \u00e9nergie.<\/p>\n<p>Mise en suspension de la salet\u00e9, des huiles et des r\u00e9sidus de m\u00e9dias et rin\u00e7age du syst\u00e8me.<\/p>\n<p>Le fait de maintenir les composants et les supports propres apporte de la stabilit\u00e9 au processus.<\/p>\n<p>L'inhibition de la corrosion, l'\u00e9claircissement de diff\u00e9rents mat\u00e9riaux et l'\u00e9limination de la calamine apr\u00e8s le traitement thermique. Le compos\u00e9 agissant comme un lubrifiant, il prolonge la dur\u00e9e de vie du m\u00e9dia.<\/p>","protected":false},"featured_media":4999,"template":"","meta":[],"product_cat":[36,20],"product_tag":[],"class_list":{"0":"post-4985","1":"product","2":"type-product","3":"status-publish","4":"has-post-thumbnail","6":"product_cat-compound","7":"product_cat-consumables","9":"first","10":"instock","11":"shipping-taxable","12":"product-type-simple"},"yoast_head":"<!-- This site is optimized with the Yoast SEO Premium plugin v22.3 (Yoast SEO v22.3) - https:\/\/yoast.com\/wordpress\/plugins\/seo\/ -->\n<title>Chemical Compound For Rotary Ceramic Wheel Polishing Machine - Hua Qing Grinding Technology (Shenzhen) Co., Ltd<\/title>\n<meta name=\"description\" content=\"during polishing, the compound helps suspend the dirt, oils, and media residues and flush them from the system, Keeping the components and media clean, brings stability to the process.\" \/>\n<meta name=\"robots\" content=\"index, follow, max-snippet:-1, max-image-preview:large, max-video-preview:-1\" \/>\n<link rel=\"canonical\" href=\"https:\/\/hq-ym.com\/fr\/produit\/chemical-compound-for-ceramic-wheel-polishing-machine\/\" \/>\n<meta property=\"og:locale\" content=\"fr_FR\" \/>\n<meta property=\"og:type\" content=\"article\" \/>\n<meta property=\"og:title\" content=\"Chemical Compound For Rotary Ceramic Wheel Polishing Machine\" \/>\n<meta property=\"og:description\" content=\"during polishing, the compound helps suspend the dirt, oils, and media residues and flush them from the system, Keeping the components and media clean, brings stability to the process.\" \/>\n<meta property=\"og:url\" content=\"https:\/\/hq-ym.com\/fr\/produit\/chemical-compound-for-ceramic-wheel-polishing-machine\/\" \/>\n<meta property=\"og:site_name\" content=\"Hua Qing Grinding Technology (Shenzhen) Co., Ltd\" \/>\n<meta property=\"article:modified_time\" content=\"2024-06-28T10:49:42+00:00\" \/>\n<meta property=\"og:image\" content=\"https:\/\/hq-ym.com\/wp-content\/uploads\/2024\/05\/\u56fe\u72471-1.jpg\" \/>\n\t<meta property=\"og:image:width\" content=\"704\" \/>\n\t<meta property=\"og:image:height\" content=\"704\" \/>\n\t<meta property=\"og:image:type\" content=\"image\/jpeg\" \/>\n<meta name=\"twitter:card\" content=\"summary_large_image\" \/>\n<meta name=\"twitter:label1\" content=\"Dur\u00e9e de lecture estim\u00e9e\" \/>\n\t<meta name=\"twitter:data1\" content=\"2 minutes\" \/>\n<script type=\"application\/ld+json\" class=\"yoast-schema-graph\">{\"@context\":\"https:\/\/schema.org\",\"@graph\":[{\"@type\":\"WebPage\",\"@id\":\"https:\/\/hq-ym.com\/product\/chemical-compound-for-ceramic-wheel-polishing-machine\/\",\"url\":\"https:\/\/hq-ym.com\/product\/chemical-compound-for-ceramic-wheel-polishing-machine\/\",\"name\":\"Chemical Compound For Rotary Ceramic Wheel Polishing Machine - Hua Qing Grinding Technology (Shenzhen) Co., Ltd\",\"isPartOf\":{\"@id\":\"https:\/\/hq-ym.com\/#website\"},\"primaryImageOfPage\":{\"@id\":\"https:\/\/hq-ym.com\/product\/chemical-compound-for-ceramic-wheel-polishing-machine\/#primaryimage\"},\"image\":{\"@id\":\"https:\/\/hq-ym.com\/product\/chemical-compound-for-ceramic-wheel-polishing-machine\/#primaryimage\"},\"thumbnailUrl\":\"https:\/\/hq-ym.com\/wp-content\/uploads\/2024\/05\/\u56fe\u72471-1.jpg\",\"datePublished\":\"2024-05-15T09:04:21+00:00\",\"dateModified\":\"2024-06-28T10:49:42+00:00\",\"description\":\"during polishing, the compound helps suspend the dirt, oils, and media residues and flush them from the system, Keeping the components and media clean, brings stability to the process.\",\"breadcrumb\":{\"@id\":\"https:\/\/hq-ym.com\/product\/chemical-compound-for-ceramic-wheel-polishing-machine\/#breadcrumb\"},\"inLanguage\":\"fr-FR\",\"potentialAction\":[{\"@type\":\"ReadAction\",\"target\":[\"https:\/\/hq-ym.com\/product\/chemical-compound-for-ceramic-wheel-polishing-machine\/\"]}]},{\"@type\":\"ImageObject\",\"inLanguage\":\"fr-FR\",\"@id\":\"https:\/\/hq-ym.com\/product\/chemical-compound-for-ceramic-wheel-polishing-machine\/#primaryimage\",\"url\":\"https:\/\/hq-ym.com\/wp-content\/uploads\/2024\/05\/\u56fe\u72471-1.jpg\",\"contentUrl\":\"https:\/\/hq-ym.com\/wp-content\/uploads\/2024\/05\/\u56fe\u72471-1.jpg\",\"width\":704,\"height\":704},{\"@type\":\"BreadcrumbList\",\"@id\":\"https:\/\/hq-ym.com\/product\/chemical-compound-for-ceramic-wheel-polishing-machine\/#breadcrumb\",\"itemListElement\":[{\"@type\":\"ListItem\",\"position\":1,\"name\":\"\u9996\u9875\",\"item\":\"https:\/\/hq-ym.com\/\"},{\"@type\":\"ListItem\",\"position\":2,\"name\":\"Products\",\"item\":\"https:\/\/hq-ym.com\/products\/\"},{\"@type\":\"ListItem\",\"position\":3,\"name\":\"Chemical Compound For Rotary Ceramic Wheel Polishing Machine\"}]},{\"@type\":\"WebSite\",\"@id\":\"https:\/\/hq-ym.com\/#website\",\"url\":\"https:\/\/hq-ym.com\/\",\"name\":\"Hua Qing Grinding Technology (Shenzhen) Co., Ltd\",\"description\":\"Sales of the rotary rim polishing machines, media and compounds. Polishing wheels from raw-deep machining marks to a mirror finish without hand polishing.\",\"publisher\":{\"@id\":\"https:\/\/hq-ym.com\/#organization\"},\"potentialAction\":[{\"@type\":\"SearchAction\",\"target\":{\"@type\":\"EntryPoint\",\"urlTemplate\":\"https:\/\/hq-ym.com\/?s={search_term_string}\"},\"query-input\":\"required name=search_term_string\"}],\"inLanguage\":\"fr-FR\"},{\"@type\":\"Organization\",\"@id\":\"https:\/\/hq-ym.com\/#organization\",\"name\":\"Hua Qing Grinding Technology (Shenzhen) Co., Ltd\",\"url\":\"https:\/\/hq-ym.com\/\",\"logo\":{\"@type\":\"ImageObject\",\"inLanguage\":\"fr-FR\",\"@id\":\"https:\/\/hq-ym.com\/#\/schema\/logo\/image\/\",\"url\":\"https:\/\/hq-ym.com\/wp-content\/uploads\/2024\/11\/Huaqing-grinding-logo-bl_11zon.webp\",\"contentUrl\":\"https:\/\/hq-ym.com\/wp-content\/uploads\/2024\/11\/Huaqing-grinding-logo-bl_11zon.webp\",\"width\":1067,\"height\":254,\"caption\":\"Hua Qing Grinding Technology (Shenzhen) Co., Ltd\"},\"image\":{\"@id\":\"https:\/\/hq-ym.com\/#\/schema\/logo\/image\/\"},\"sameAs\":[\"https:\/\/www.instagram.com\/hua_qing_polishing\/\",\"https:\/\/www.linkedin.com\/company\/104088516\/admin\/dashboard\/\"]}]}<\/script>\n<!-- \/ Yoast SEO Premium plugin. -->","yoast_head_json":{"title":"Chemical Compound For Rotary Ceramic Wheel Polishing Machine - Hua Qing Grinding Technology (Shenzhen) Co., Ltd","description":"during polishing, the compound helps suspend the dirt, oils, and media residues and flush them from the system, Keeping the components and media clean, brings stability to the process.","robots":{"index":"index","follow":"follow","max-snippet":"max-snippet:-1","max-image-preview":"max-image-preview:large","max-video-preview":"max-video-preview:-1"},"canonical":"https:\/\/hq-ym.com\/fr\/produit\/chemical-compound-for-ceramic-wheel-polishing-machine\/","og_locale":"fr_FR","og_type":"article","og_title":"Chemical Compound For Rotary Ceramic Wheel Polishing Machine","og_description":"during polishing, the compound helps suspend the dirt, oils, and media residues and flush them from the system, Keeping the components and media clean, brings stability to the process.","og_url":"https:\/\/hq-ym.com\/fr\/produit\/chemical-compound-for-ceramic-wheel-polishing-machine\/","og_site_name":"Hua Qing Grinding Technology (Shenzhen) Co., Ltd","article_modified_time":"2024-06-28T10:49:42+00:00","og_image":[{"width":704,"height":704,"url":"https:\/\/hq-ym.com\/wp-content\/uploads\/2024\/05\/\u56fe\u72471-1.jpg","type":"image\/jpeg"}],"twitter_card":"summary_large_image","twitter_misc":{"Dur\u00e9e de lecture estim\u00e9e":"2 minutes"},"schema":{"@context":"https:\/\/schema.org","@graph":[{"@type":"WebPage","@id":"https:\/\/hq-ym.com\/product\/chemical-compound-for-ceramic-wheel-polishing-machine\/","url":"https:\/\/hq-ym.com\/product\/chemical-compound-for-ceramic-wheel-polishing-machine\/","name":"Chemical Compound For Rotary Ceramic Wheel Polishing Machine - Hua Qing Grinding Technology (Shenzhen) Co., Ltd","isPartOf":{"@id":"https:\/\/hq-ym.com\/#website"},"primaryImageOfPage":{"@id":"https:\/\/hq-ym.com\/product\/chemical-compound-for-ceramic-wheel-polishing-machine\/#primaryimage"},"image":{"@id":"https:\/\/hq-ym.com\/product\/chemical-compound-for-ceramic-wheel-polishing-machine\/#primaryimage"},"thumbnailUrl":"https:\/\/hq-ym.com\/wp-content\/uploads\/2024\/05\/\u56fe\u72471-1.jpg","datePublished":"2024-05-15T09:04:21+00:00","dateModified":"2024-06-28T10:49:42+00:00","description":"during polishing, the compound helps suspend the dirt, oils, and media residues and flush them from the system, Keeping the components and media clean, brings stability to the process.","breadcrumb":{"@id":"https:\/\/hq-ym.com\/product\/chemical-compound-for-ceramic-wheel-polishing-machine\/#breadcrumb"},"inLanguage":"fr-FR","potentialAction":[{"@type":"ReadAction","target":["https:\/\/hq-ym.com\/product\/chemical-compound-for-ceramic-wheel-polishing-machine\/"]}]},{"@type":"ImageObject","inLanguage":"fr-FR","@id":"https:\/\/hq-ym.com\/product\/chemical-compound-for-ceramic-wheel-polishing-machine\/#primaryimage","url":"https:\/\/hq-ym.com\/wp-content\/uploads\/2024\/05\/\u56fe\u72471-1.jpg","contentUrl":"https:\/\/hq-ym.com\/wp-content\/uploads\/2024\/05\/\u56fe\u72471-1.jpg","width":704,"height":704},{"@type":"BreadcrumbList","@id":"https:\/\/hq-ym.com\/product\/chemical-compound-for-ceramic-wheel-polishing-machine\/#breadcrumb","itemListElement":[{"@type":"ListItem","position":1,"name":"\u9996\u9875","item":"https:\/\/hq-ym.com\/"},{"@type":"ListItem","position":2,"name":"Products","item":"https:\/\/hq-ym.com\/products\/"},{"@type":"ListItem","position":3,"name":"Chemical Compound For Rotary Ceramic Wheel Polishing Machine"}]},{"@type":"WebSite","@id":"https:\/\/hq-ym.com\/#website","url":"https:\/\/hq-ym.com\/","name":"Hua Qing Grinding Technology (Shenzhen) Co., Ltd","description":"Sales of the rotary rim polishing machines, media and compounds. Polishing wheels from raw-deep machining marks to a mirror finish without hand polishing.","publisher":{"@id":"https:\/\/hq-ym.com\/#organization"},"potentialAction":[{"@type":"SearchAction","target":{"@type":"EntryPoint","urlTemplate":"https:\/\/hq-ym.com\/?s={search_term_string}"},"query-input":"required name=search_term_string"}],"inLanguage":"fr-FR"},{"@type":"Organization","@id":"https:\/\/hq-ym.com\/#organization","name":"Hua Qing Grinding Technology (Shenzhen) Co., Ltd","url":"https:\/\/hq-ym.com\/","logo":{"@type":"ImageObject","inLanguage":"fr-FR","@id":"https:\/\/hq-ym.com\/#\/schema\/logo\/image\/","url":"https:\/\/hq-ym.com\/wp-content\/uploads\/2024\/11\/Huaqing-grinding-logo-bl_11zon.webp","contentUrl":"https:\/\/hq-ym.com\/wp-content\/uploads\/2024\/11\/Huaqing-grinding-logo-bl_11zon.webp","width":1067,"height":254,"caption":"Hua Qing Grinding Technology (Shenzhen) Co., Ltd"},"image":{"@id":"https:\/\/hq-ym.com\/#\/schema\/logo\/image\/"},"sameAs":["https:\/\/www.instagram.com\/hua_qing_polishing\/","https:\/\/www.linkedin.com\/company\/104088516\/admin\/dashboard\/"]}]}},"_links":{"self":[{"href":"https:\/\/hq-ym.com\/fr\/wp-json\/wp\/v2\/product\/4985"}],"collection":[{"href":"https:\/\/hq-ym.com\/fr\/wp-json\/wp\/v2\/product"}],"about":[{"href":"https:\/\/hq-ym.com\/fr\/wp-json\/wp\/v2\/types\/product"}],"version-history":[{"count":0,"href":"https:\/\/hq-ym.com\/fr\/wp-json\/wp\/v2\/product\/4985\/revisions"}],"wp:featuredmedia":[{"embeddable":true,"href":"https:\/\/hq-ym.com\/fr\/wp-json\/wp\/v2\/media\/4999"}],"wp:attachment":[{"href":"https:\/\/hq-ym.com\/fr\/wp-json\/wp\/v2\/media?parent=4985"}],"wp:term":[{"taxonomy":"product_cat","embeddable":true,"href":"https:\/\/hq-ym.com\/fr\/wp-json\/wp\/v2\/product_cat?post=4985"},{"taxonomy":"product_tag","embeddable":true,"href":"https:\/\/hq-ym.com\/fr\/wp-json\/wp\/v2\/product_tag?post=4985"}],"curies":[{"name":"wp","href":"https:\/\/api.w.org\/{rel}","templated":true}]}}