{"id":5016,"date":"2024-05-16T03:03:28","date_gmt":"2024-05-16T03:03:28","guid":{"rendered":"https:\/\/hq-ym.com\/?post_type=product&#038;p=5016"},"modified":"2024-05-16T03:05:34","modified_gmt":"2024-05-16T03:05:34","slug":"coarse-polishing-ceramic-media-balls","status":"publish","type":"product","link":"https:\/\/hq-ym.com\/fr\/produit\/coarse-polishing-ceramic-media-balls\/","title":{"rendered":"Billes c\u00e9ramiques de polissage grossier"},"content":{"rendered":"<p style=\"color: #494242;\" data-sider-select-id=\"e2c83c0c-39d8-40f3-a324-f2a6db790846\">La finition hautement polie du moyeu de roue peut passer par trois \u00e9tapes de traitement :<\/p>\n<p style=\"color: #494242;\">\u00c9tape 1 : La meule grossi\u00e8re utilise un nettoyant concentr\u00e9 de 6*6 mm et un agent de polissage pour le processus de meulage. En fonction de l'\u00e9tat initial de la surface, le traitement peut durer de 0,5 \u00e0 2 heures.<\/p>\n<p style=\"color: #494242;\">\u00c9tape 2 : Lissage Apr\u00e8s avoir \u00e9t\u00e9 d\u00e9coup\u00e9e, la surface doit \u00eatre liss\u00e9e et pr\u00e9par\u00e9e pour l'\u00e9tape de polissage. Pour ce faire, on utilise des supports de 4*4 mm et des mat\u00e9riaux composites. La dur\u00e9e de ce processus peut varier de 15 \u00e0 30 minutes.<\/p>\n<p style=\"color: #494242;\">\u00c9tape 3 : Polissage L'\u00e9tape finale consiste \u00e0 polir la roue \u00e0 l'aide d'un support de 2*3 mm et d'un compos\u00e9. Le temps de traitement peut prendre de 6 \u00e0 15 minutes. Ce support est id\u00e9al pour obtenir une surface brillante et hautement polie.<\/p>\n<p><img fetchpriority=\"high\" decoding=\"async\" class=\"alignnone wp-image-4896\" src=\"https:\/\/hq-ym.com\/wp-content\/uploads\/2024\/05\/polishing-process-1024x709.jpg\" alt=\"\" width=\"764\" height=\"571\" \/><\/p>\n<p style=\"color: #494242;\">*Il s'agit uniquement d'une indication, la dur\u00e9e du processus de finition peut d\u00e9pendre de l'\u00e9tat initial de la roue.<\/p>\n<p style=\"color: #494242;\">** La taille et la forme du support seront s\u00e9lectionn\u00e9es pour s'adapter \u00e0 la g\u00e9om\u00e9trie de la pi\u00e8ce et \u00e9viter tout pi\u00e9geage du support.<\/p>\n<p style=\"color: #494242;\">***Certaines roues peuvent ne n\u00e9cessiter que les deux derni\u00e8res \u00e9tapes en fonction de l'\u00e9tat initial de la surface.<\/p>\n<p>&nbsp;<\/p>\n<p>&nbsp;<\/p>\n<p>&nbsp;<\/p>\n<figure id=\"attachment_4924\" aria-describedby=\"caption-attachment-4924\" style=\"width: 942px\" class=\"wp-caption alignnone\"><img decoding=\"async\" class=\"wp-image-4924\" src=\"https:\/\/hq-ym.com\/wp-content\/uploads\/2024\/05\/machine-rim-polishing-onsite-1.jpg\" alt=\"machine rim polishing onsite\" width=\"942\" height=\"529\" srcset=\"https:\/\/hq-ym.com\/wp-content\/uploads\/2024\/05\/machine-rim-polishing-onsite-1.jpg 1049w, https:\/\/hq-ym.com\/wp-content\/uploads\/2024\/05\/machine-rim-polishing-onsite-1-1000x561.jpg 1000w, https:\/\/hq-ym.com\/wp-content\/uploads\/2024\/05\/machine-rim-polishing-onsite-1-750x421.jpg 750w, https:\/\/hq-ym.com\/wp-content\/uploads\/2024\/05\/machine-rim-polishing-onsite-1-300x168.jpg 300w, https:\/\/hq-ym.com\/wp-content\/uploads\/2024\/05\/machine-rim-polishing-onsite-1-1024x575.jpg 1024w, https:\/\/hq-ym.com\/wp-content\/uploads\/2024\/05\/machine-rim-polishing-onsite-1-768x431.jpg 768w, https:\/\/hq-ym.com\/wp-content\/uploads\/2024\/05\/machine-rim-polishing-onsite-1-18x10.jpg 18w\" sizes=\"(max-width: 942px) 100vw, 942px\" \/><figcaption id=\"caption-attachment-4924\" class=\"wp-caption-text\">machine \u00e0 polir les jantes sur place<\/figcaption><\/figure>\n<p>&nbsp;<\/p>\n<p>&nbsp;<\/p>\n<p>&nbsp;<\/p>\n<p>&nbsp;<\/p>","protected":false},"excerpt":{"rendered":"<p>Achieving the highly polished finish of the wheel hub can go through 3 processing steps: Step 1: The coarse grinding wheel uses 6*6mm concentrated cleaner and polishing agent media for the grinding process. Depending on the initial condition of the surface, treatment time may take 0.5 to 2 hours. Step 2: Smoothing After the surface [&hellip;]<\/p>","protected":false},"featured_media":5012,"template":"","meta":[],"product_cat":[20,35],"product_tag":[],"class_list":{"0":"post-5016","1":"product","2":"type-product","3":"status-publish","4":"has-post-thumbnail","6":"product_cat-consumables","7":"product_cat-media","9":"first","10":"instock","11":"shipping-taxable","12":"product-type-simple"},"yoast_head":"<!-- This site is optimized with the Yoast SEO Premium plugin v22.3 (Yoast SEO v22.3) - https:\/\/yoast.com\/wordpress\/plugins\/seo\/ -->\n<title>Coarse Polishing Ceramic Media Balls - Hua Qing Grinding Technology (Shenzhen) Co., Ltd<\/title>\n<meta name=\"robots\" content=\"index, follow, max-snippet:-1, max-image-preview:large, max-video-preview:-1\" \/>\n<link rel=\"canonical\" href=\"https:\/\/hq-ym.com\/fr\/produit\/coarse-polishing-ceramic-media-balls\/\" \/>\n<meta property=\"og:locale\" content=\"fr_FR\" \/>\n<meta property=\"og:type\" content=\"article\" \/>\n<meta property=\"og:title\" content=\"Coarse Polishing Ceramic Media Balls\" \/>\n<meta property=\"og:description\" content=\"Achieving the highly polished finish of the wheel hub can go through 3 processing steps: Step 1: The coarse grinding wheel uses 6*6mm concentrated cleaner and polishing agent media for the grinding process. Depending on the initial condition of the surface, treatment time may take 0.5 to 2 hours. Step 2: Smoothing After the surface [&hellip;]\" \/>\n<meta property=\"og:url\" content=\"https:\/\/hq-ym.com\/fr\/produit\/coarse-polishing-ceramic-media-balls\/\" \/>\n<meta property=\"og:site_name\" content=\"Hua Qing Grinding Technology (Shenzhen) Co., Ltd\" \/>\n<meta property=\"article:modified_time\" content=\"2024-05-16T03:05:34+00:00\" \/>\n<meta property=\"og:image\" content=\"https:\/\/i0.wp.com\/hq-ym.com\/wp-content\/uploads\/2024\/05\/polish-media-2-1.jpg?fit=1000%2C1000&ssl=1\" \/>\n\t<meta property=\"og:image:width\" content=\"1000\" \/>\n\t<meta property=\"og:image:height\" content=\"1000\" \/>\n\t<meta property=\"og:image:type\" content=\"image\/jpeg\" \/>\n<meta name=\"twitter:card\" content=\"summary_large_image\" \/>\n<meta name=\"twitter:label1\" content=\"Dur\u00e9e de lecture estim\u00e9e\" \/>\n\t<meta name=\"twitter:data1\" content=\"1 minute\" \/>\n<script type=\"application\/ld+json\" class=\"yoast-schema-graph\">{\"@context\":\"https:\/\/schema.org\",\"@graph\":[{\"@type\":\"WebPage\",\"@id\":\"https:\/\/hq-ym.com\/product\/coarse-polishing-ceramic-media-balls\/\",\"url\":\"https:\/\/hq-ym.com\/product\/coarse-polishing-ceramic-media-balls\/\",\"name\":\"Coarse Polishing Ceramic Media Balls - Hua Qing Grinding Technology (Shenzhen) Co., Ltd\",\"isPartOf\":{\"@id\":\"https:\/\/hq-ym.com\/#website\"},\"primaryImageOfPage\":{\"@id\":\"https:\/\/hq-ym.com\/product\/coarse-polishing-ceramic-media-balls\/#primaryimage\"},\"image\":{\"@id\":\"https:\/\/hq-ym.com\/product\/coarse-polishing-ceramic-media-balls\/#primaryimage\"},\"thumbnailUrl\":\"https:\/\/hq-ym.com\/wp-content\/uploads\/2024\/05\/polish-media-2-1.jpg\",\"datePublished\":\"2024-05-16T03:03:28+00:00\",\"dateModified\":\"2024-05-16T03:05:34+00:00\",\"breadcrumb\":{\"@id\":\"https:\/\/hq-ym.com\/product\/coarse-polishing-ceramic-media-balls\/#breadcrumb\"},\"inLanguage\":\"fr-FR\",\"potentialAction\":[{\"@type\":\"ReadAction\",\"target\":[\"https:\/\/hq-ym.com\/product\/coarse-polishing-ceramic-media-balls\/\"]}]},{\"@type\":\"ImageObject\",\"inLanguage\":\"fr-FR\",\"@id\":\"https:\/\/hq-ym.com\/product\/coarse-polishing-ceramic-media-balls\/#primaryimage\",\"url\":\"https:\/\/hq-ym.com\/wp-content\/uploads\/2024\/05\/polish-media-2-1.jpg\",\"contentUrl\":\"https:\/\/hq-ym.com\/wp-content\/uploads\/2024\/05\/polish-media-2-1.jpg\",\"width\":1000,\"height\":1000,\"caption\":\"ceramic polish media-2\"},{\"@type\":\"BreadcrumbList\",\"@id\":\"https:\/\/hq-ym.com\/product\/coarse-polishing-ceramic-media-balls\/#breadcrumb\",\"itemListElement\":[{\"@type\":\"ListItem\",\"position\":1,\"name\":\"\u9996\u9875\",\"item\":\"https:\/\/hq-ym.com\/\"},{\"@type\":\"ListItem\",\"position\":2,\"name\":\"Products\",\"item\":\"https:\/\/hq-ym.com\/products\/\"},{\"@type\":\"ListItem\",\"position\":3,\"name\":\"Coarse Polishing Ceramic Media Balls\"}]},{\"@type\":\"WebSite\",\"@id\":\"https:\/\/hq-ym.com\/#website\",\"url\":\"https:\/\/hq-ym.com\/\",\"name\":\"Hua Qing Grinding Technology (Shenzhen) Co., Ltd\",\"description\":\"Sales of the rotary rim polishing machines, media and compounds. Polishing wheels from raw-deep machining marks to a mirror finish without hand polishing.\",\"publisher\":{\"@id\":\"https:\/\/hq-ym.com\/#organization\"},\"potentialAction\":[{\"@type\":\"SearchAction\",\"target\":{\"@type\":\"EntryPoint\",\"urlTemplate\":\"https:\/\/hq-ym.com\/?s={search_term_string}\"},\"query-input\":\"required name=search_term_string\"}],\"inLanguage\":\"fr-FR\"},{\"@type\":\"Organization\",\"@id\":\"https:\/\/hq-ym.com\/#organization\",\"name\":\"Hua Qing Grinding Technology (Shenzhen) Co., Ltd\",\"url\":\"https:\/\/hq-ym.com\/\",\"logo\":{\"@type\":\"ImageObject\",\"inLanguage\":\"fr-FR\",\"@id\":\"https:\/\/hq-ym.com\/#\/schema\/logo\/image\/\",\"url\":\"https:\/\/hq-ym.com\/wp-content\/uploads\/2024\/11\/Huaqing-grinding-logo-bl_11zon.webp\",\"contentUrl\":\"https:\/\/hq-ym.com\/wp-content\/uploads\/2024\/11\/Huaqing-grinding-logo-bl_11zon.webp\",\"width\":1067,\"height\":254,\"caption\":\"Hua Qing Grinding Technology (Shenzhen) Co., Ltd\"},\"image\":{\"@id\":\"https:\/\/hq-ym.com\/#\/schema\/logo\/image\/\"},\"sameAs\":[\"https:\/\/www.instagram.com\/hua_qing_polishing\/\",\"https:\/\/www.linkedin.com\/company\/104088516\/admin\/dashboard\/\"]}]}<\/script>\n<!-- \/ Yoast SEO Premium plugin. -->","yoast_head_json":{"title":"Coarse Polishing Ceramic Media Balls - Hua Qing Grinding Technology (Shenzhen) Co., Ltd","robots":{"index":"index","follow":"follow","max-snippet":"max-snippet:-1","max-image-preview":"max-image-preview:large","max-video-preview":"max-video-preview:-1"},"canonical":"https:\/\/hq-ym.com\/fr\/produit\/coarse-polishing-ceramic-media-balls\/","og_locale":"fr_FR","og_type":"article","og_title":"Coarse Polishing Ceramic Media Balls","og_description":"Achieving the highly polished finish of the wheel hub can go through 3 processing steps: Step 1: The coarse grinding wheel uses 6*6mm concentrated cleaner and polishing agent media for the grinding process. Depending on the initial condition of the surface, treatment time may take 0.5 to 2 hours. Step 2: Smoothing After the surface [&hellip;]","og_url":"https:\/\/hq-ym.com\/fr\/produit\/coarse-polishing-ceramic-media-balls\/","og_site_name":"Hua Qing Grinding Technology (Shenzhen) Co., Ltd","article_modified_time":"2024-05-16T03:05:34+00:00","og_image":[{"width":1000,"height":1000,"url":"https:\/\/i0.wp.com\/hq-ym.com\/wp-content\/uploads\/2024\/05\/polish-media-2-1.jpg?fit=1000%2C1000&ssl=1","type":"image\/jpeg"}],"twitter_card":"summary_large_image","twitter_misc":{"Dur\u00e9e de lecture estim\u00e9e":"1 minute"},"schema":{"@context":"https:\/\/schema.org","@graph":[{"@type":"WebPage","@id":"https:\/\/hq-ym.com\/product\/coarse-polishing-ceramic-media-balls\/","url":"https:\/\/hq-ym.com\/product\/coarse-polishing-ceramic-media-balls\/","name":"Coarse Polishing Ceramic Media Balls - Hua Qing Grinding Technology (Shenzhen) Co., Ltd","isPartOf":{"@id":"https:\/\/hq-ym.com\/#website"},"primaryImageOfPage":{"@id":"https:\/\/hq-ym.com\/product\/coarse-polishing-ceramic-media-balls\/#primaryimage"},"image":{"@id":"https:\/\/hq-ym.com\/product\/coarse-polishing-ceramic-media-balls\/#primaryimage"},"thumbnailUrl":"https:\/\/hq-ym.com\/wp-content\/uploads\/2024\/05\/polish-media-2-1.jpg","datePublished":"2024-05-16T03:03:28+00:00","dateModified":"2024-05-16T03:05:34+00:00","breadcrumb":{"@id":"https:\/\/hq-ym.com\/product\/coarse-polishing-ceramic-media-balls\/#breadcrumb"},"inLanguage":"fr-FR","potentialAction":[{"@type":"ReadAction","target":["https:\/\/hq-ym.com\/product\/coarse-polishing-ceramic-media-balls\/"]}]},{"@type":"ImageObject","inLanguage":"fr-FR","@id":"https:\/\/hq-ym.com\/product\/coarse-polishing-ceramic-media-balls\/#primaryimage","url":"https:\/\/hq-ym.com\/wp-content\/uploads\/2024\/05\/polish-media-2-1.jpg","contentUrl":"https:\/\/hq-ym.com\/wp-content\/uploads\/2024\/05\/polish-media-2-1.jpg","width":1000,"height":1000,"caption":"ceramic polish media-2"},{"@type":"BreadcrumbList","@id":"https:\/\/hq-ym.com\/product\/coarse-polishing-ceramic-media-balls\/#breadcrumb","itemListElement":[{"@type":"ListItem","position":1,"name":"\u9996\u9875","item":"https:\/\/hq-ym.com\/"},{"@type":"ListItem","position":2,"name":"Products","item":"https:\/\/hq-ym.com\/products\/"},{"@type":"ListItem","position":3,"name":"Coarse Polishing Ceramic Media Balls"}]},{"@type":"WebSite","@id":"https:\/\/hq-ym.com\/#website","url":"https:\/\/hq-ym.com\/","name":"Hua Qing Grinding Technology (Shenzhen) Co., Ltd","description":"Sales of the rotary rim polishing machines, media and compounds. Polishing wheels from raw-deep machining marks to a mirror finish without hand polishing.","publisher":{"@id":"https:\/\/hq-ym.com\/#organization"},"potentialAction":[{"@type":"SearchAction","target":{"@type":"EntryPoint","urlTemplate":"https:\/\/hq-ym.com\/?s={search_term_string}"},"query-input":"required name=search_term_string"}],"inLanguage":"fr-FR"},{"@type":"Organization","@id":"https:\/\/hq-ym.com\/#organization","name":"Hua Qing Grinding Technology (Shenzhen) Co., Ltd","url":"https:\/\/hq-ym.com\/","logo":{"@type":"ImageObject","inLanguage":"fr-FR","@id":"https:\/\/hq-ym.com\/#\/schema\/logo\/image\/","url":"https:\/\/hq-ym.com\/wp-content\/uploads\/2024\/11\/Huaqing-grinding-logo-bl_11zon.webp","contentUrl":"https:\/\/hq-ym.com\/wp-content\/uploads\/2024\/11\/Huaqing-grinding-logo-bl_11zon.webp","width":1067,"height":254,"caption":"Hua Qing Grinding Technology (Shenzhen) Co., Ltd"},"image":{"@id":"https:\/\/hq-ym.com\/#\/schema\/logo\/image\/"},"sameAs":["https:\/\/www.instagram.com\/hua_qing_polishing\/","https:\/\/www.linkedin.com\/company\/104088516\/admin\/dashboard\/"]}]}},"_links":{"self":[{"href":"https:\/\/hq-ym.com\/fr\/wp-json\/wp\/v2\/product\/5016"}],"collection":[{"href":"https:\/\/hq-ym.com\/fr\/wp-json\/wp\/v2\/product"}],"about":[{"href":"https:\/\/hq-ym.com\/fr\/wp-json\/wp\/v2\/types\/product"}],"version-history":[{"count":0,"href":"https:\/\/hq-ym.com\/fr\/wp-json\/wp\/v2\/product\/5016\/revisions"}],"wp:featuredmedia":[{"embeddable":true,"href":"https:\/\/hq-ym.com\/fr\/wp-json\/wp\/v2\/media\/5012"}],"wp:attachment":[{"href":"https:\/\/hq-ym.com\/fr\/wp-json\/wp\/v2\/media?parent=5016"}],"wp:term":[{"taxonomy":"product_cat","embeddable":true,"href":"https:\/\/hq-ym.com\/fr\/wp-json\/wp\/v2\/product_cat?post=5016"},{"taxonomy":"product_tag","embeddable":true,"href":"https:\/\/hq-ym.com\/fr\/wp-json\/wp\/v2\/product_tag?post=5016"}],"curies":[{"name":"wp","href":"https:\/\/api.w.org\/{rel}","templated":true}]}}