{"id":5018,"date":"2024-05-16T03:06:51","date_gmt":"2024-05-16T03:06:51","guid":{"rendered":"https:\/\/hq-ym.com\/?post_type=product&#038;p=5018"},"modified":"2024-11-25T09:22:18","modified_gmt":"2024-11-25T09:22:18","slug":"ceramic-wheel-rim-polishing-media-for-coarse-polishing-3","status":"publish","type":"product","link":"https:\/\/hq-ym.com\/fr\/produit\/ceramic-wheel-rim-polishing-media-for-coarse-polishing-3\/","title":{"rendered":"Supports pour l'\u00e9limination des marques d'usinage \u00e0 la meule, consommables de meulage abrasif"},"content":{"rendered":"<p>Lorsqu'il s'agit de meuler et de polir, le choix du support peut avoir un impact significatif sur la qualit\u00e9 et l'efficacit\u00e9 de votre processus.<\/p>\n<p>Coarse ceramic media stands out as an exceptional choice for demanding applications. Crafted from high-grade ceramic materials, this media offers unparalleled durability and high performance.<\/p>\n<p>Sa composition robuste lui permet de r\u00e9sister aux rigueurs des op\u00e9rations de meulage et de polissage intenses, en conservant sa forme et son efficacit\u00e9 m\u00eame dans des conditions extr\u00eames.<\/p>\n<p>La texture grossi\u00e8re du m\u00e9dia c\u00e9ramique facilite l'enl\u00e8vement agressif des mat\u00e9riaux et l'affinage rapide de la surface, ce qui en fait un outil id\u00e9al pour les t\u00e2ches difficiles.<\/p>\n<p>Que vous travailliez avec des meules coul\u00e9es ou forg\u00e9es ou d'autres mat\u00e9riaux durs, les m\u00e9dias c\u00e9ramiques grossiers fournissent des r\u00e9sultats coh\u00e9rents et fiables, am\u00e9liorant la productivit\u00e9 et permettant d'obtenir des finitions de surface sup\u00e9rieures. Sa r\u00e9sistance \u00e0 l'usure se traduit par une dur\u00e9e de vie plus longue, ce qui r\u00e9duit le besoin de remplacements fr\u00e9quents et optimise la rentabilit\u00e9.<\/p>\n<p><strong>Together with our wheel polishing machine for high-performance grinding and polishing, coarse ceramic media is the go-to solution for achieving exceptional results with the durability you can count on.<\/strong><\/p>\n<p>&nbsp;<\/p>\n<p><img fetchpriority=\"high\" decoding=\"async\" class=\"aligncenter size-large wp-image-5993\" src=\"https:\/\/hq-ym.com\/wp-content\/uploads\/2024\/11\/huaqing-polishing-wheels-1024x400.webp\" alt=\"huaqing polishing wheels\" width=\"1024\" height=\"400\" srcset=\"https:\/\/hq-ym.com\/wp-content\/uploads\/2024\/11\/huaqing-polishing-wheels-1024x400.webp 1024w, https:\/\/hq-ym.com\/wp-content\/uploads\/2024\/11\/huaqing-polishing-wheels-300x117.webp 300w, https:\/\/hq-ym.com\/wp-content\/uploads\/2024\/11\/huaqing-polishing-wheels-768x300.webp 768w, https:\/\/hq-ym.com\/wp-content\/uploads\/2024\/11\/huaqing-polishing-wheels-1536x600.webp 1536w, https:\/\/hq-ym.com\/wp-content\/uploads\/2024\/11\/huaqing-polishing-wheels-18x7.webp 18w, https:\/\/hq-ym.com\/wp-content\/uploads\/2024\/11\/huaqing-polishing-wheels-750x293.webp 750w, https:\/\/hq-ym.com\/wp-content\/uploads\/2024\/11\/huaqing-polishing-wheels-1000x391.webp 1000w, https:\/\/hq-ym.com\/wp-content\/uploads\/2024\/11\/huaqing-polishing-wheels.webp 1920w\" sizes=\"(max-width: 1024px) 100vw, 1024px\" \/><\/p>\n<p><img decoding=\"async\" class=\"aligncenter size-full wp-image-5821\" src=\"https:\/\/hq-ym.com\/wp-content\/uploads\/2024\/09\/IMG_0373-edited.webp\" alt=\"\" width=\"901\" height=\"507\" srcset=\"https:\/\/hq-ym.com\/wp-content\/uploads\/2024\/09\/IMG_0373-edited.webp 901w, https:\/\/hq-ym.com\/wp-content\/uploads\/2024\/09\/IMG_0373-edited-300x169.webp 300w, https:\/\/hq-ym.com\/wp-content\/uploads\/2024\/09\/IMG_0373-edited-768x432.webp 768w, https:\/\/hq-ym.com\/wp-content\/uploads\/2024\/09\/IMG_0373-edited-18x10.webp 18w, https:\/\/hq-ym.com\/wp-content\/uploads\/2024\/09\/IMG_0373-edited-750x422.webp 750w\" sizes=\"(max-width: 901px) 100vw, 901px\" \/><\/p>\n<p>&nbsp;<\/p>\n<p>&nbsp;<\/p>\n<h3><strong><a href=\"https:\/\/hq-ym.com\/fr\/produit\/fine-polishing-ceramic-balls-22mm-for-bright-and-chrome-finishing\/\">1. Polissage fin Billes de c\u00e9ramique 2*2mm pour finition brillante et chrom\u00e9e<\/a><\/strong><\/h3>\n<h3><strong><a href=\"https:\/\/hq-ym.com\/fr\/produit\/ceramic-wheel-rim-polishing-media-for-medium-smoothing-polishing-2\/\">2. Produit de polissage des jantes en c\u00e9ramique pour un polissage moyennement lissant<\/a><\/strong><\/h3>\n<h3><strong><a href=\"https:\/\/hq-ym.com\/fr\/produit\/chemical-compound-for-ceramic-wheel-polishing-machine\/\">3. Compos\u00e9 chimique pour machine \u00e0 polir les meules en c\u00e9ramique<\/a><\/strong><\/h3>\n<h3><strong><a href=\"https:\/\/hq-ym.com\/fr\/how-to-choose-the-machine\/\">4. Comment choisir une machine \u00e0 polir les jantes en c\u00e9ramique ?<\/a><\/strong><\/h3>\n<p>&nbsp;<\/p>\n<p>&nbsp;<\/p>\n<p>&nbsp;<\/p>\n<p>&nbsp;<\/p>","protected":false},"excerpt":{"rendered":"<p>This Media HQ-YHG6 is generally used for wheel grinding first step \u2013 coarse grinding,<\/p>\n<p>Avec les compos\u00e9s, il est possible d'\u00e9liminer les marques d'usinage CNC profondes pendant environ 10 \u00e0 40 minutes. Avec des machines \u00e0 4 stations, cela repr\u00e9sente environ 10 \u00e0 16 meules par heure.<\/p>\n<ol>\n<li>\u00c9liminer les marques d'usinage des roues de voitures\/camions<\/li>\n<li>Remise \u00e0 neuf ou restauration de roues de voitures\/camions<\/li>\n<li>Retirer rapidement la surface de coul\u00e9e de la roue.<\/li>\n<\/ol>\n<p>&nbsp;<\/p>","protected":false},"featured_media":4483,"template":"","meta":[],"product_cat":[20,35],"product_tag":[],"class_list":{"0":"post-5018","1":"product","2":"type-product","3":"status-publish","4":"has-post-thumbnail","6":"product_cat-consumables","7":"product_cat-media","9":"first","10":"instock","11":"shipping-taxable","12":"product-type-simple"},"yoast_head":"<!-- This site is optimized with the Yoast SEO Premium plugin v22.3 (Yoast SEO v22.3) - https:\/\/yoast.com\/wordpress\/plugins\/seo\/ -->\n<title>Media for Wheel Machining Marks Removal, Abrasive Grinding Consumbles - Hua Qing Grinding Technology (Shenzhen) Co., Ltd<\/title>\n<meta name=\"description\" content=\"This media is used for wheel grinding, to remove CNC machining marks and to smooth the surface.\" \/>\n<meta name=\"robots\" content=\"index, follow, max-snippet:-1, max-image-preview:large, max-video-preview:-1\" \/>\n<link rel=\"canonical\" href=\"https:\/\/hq-ym.com\/fr\/produit\/ceramic-wheel-rim-polishing-media-for-coarse-polishing-3\/\" \/>\n<meta property=\"og:locale\" content=\"fr_FR\" \/>\n<meta property=\"og:type\" content=\"article\" \/>\n<meta property=\"og:title\" content=\"Media for Wheel Machining Marks Removal, Abrasive Grinding Consumbles\" \/>\n<meta property=\"og:description\" content=\"This media is used for wheel grinding, to remove CNC machining marks and to smooth the surface.\" \/>\n<meta property=\"og:url\" content=\"https:\/\/hq-ym.com\/fr\/produit\/ceramic-wheel-rim-polishing-media-for-coarse-polishing-3\/\" \/>\n<meta property=\"og:site_name\" content=\"Hua Qing Grinding Technology (Shenzhen) Co., Ltd\" \/>\n<meta property=\"article:modified_time\" content=\"2024-11-25T09:22:18+00:00\" \/>\n<meta property=\"og:image\" content=\"https:\/\/hq-ym.com\/wp-content\/uploads\/2024\/05\/IMG_8035-2-1-scaled.jpg\" \/>\n\t<meta property=\"og:image:width\" content=\"2560\" \/>\n\t<meta property=\"og:image:height\" content=\"2560\" \/>\n\t<meta property=\"og:image:type\" content=\"image\/jpeg\" \/>\n<meta name=\"twitter:card\" content=\"summary_large_image\" \/>\n<meta name=\"twitter:label1\" content=\"Dur\u00e9e de lecture estim\u00e9e\" \/>\n\t<meta name=\"twitter:data1\" content=\"2 minutes\" \/>\n<script type=\"application\/ld+json\" class=\"yoast-schema-graph\">{\"@context\":\"https:\/\/schema.org\",\"@graph\":[{\"@type\":\"WebPage\",\"@id\":\"https:\/\/hq-ym.com\/product\/ceramic-wheel-rim-polishing-media-for-coarse-polishing-3\/\",\"url\":\"https:\/\/hq-ym.com\/product\/ceramic-wheel-rim-polishing-media-for-coarse-polishing-3\/\",\"name\":\"Media for Wheel Machining Marks Removal, Abrasive Grinding Consumbles - Hua Qing Grinding Technology (Shenzhen) Co., Ltd\",\"isPartOf\":{\"@id\":\"https:\/\/hq-ym.com\/#website\"},\"primaryImageOfPage\":{\"@id\":\"https:\/\/hq-ym.com\/product\/ceramic-wheel-rim-polishing-media-for-coarse-polishing-3\/#primaryimage\"},\"image\":{\"@id\":\"https:\/\/hq-ym.com\/product\/ceramic-wheel-rim-polishing-media-for-coarse-polishing-3\/#primaryimage\"},\"thumbnailUrl\":\"https:\/\/hq-ym.com\/wp-content\/uploads\/2024\/05\/IMG_8035-2-1-scaled.jpg\",\"datePublished\":\"2024-05-16T03:06:51+00:00\",\"dateModified\":\"2024-11-25T09:22:18+00:00\",\"description\":\"This media is used for wheel grinding, to remove CNC machining marks and to smooth the surface.\",\"breadcrumb\":{\"@id\":\"https:\/\/hq-ym.com\/product\/ceramic-wheel-rim-polishing-media-for-coarse-polishing-3\/#breadcrumb\"},\"inLanguage\":\"fr-FR\",\"potentialAction\":[{\"@type\":\"ReadAction\",\"target\":[\"https:\/\/hq-ym.com\/product\/ceramic-wheel-rim-polishing-media-for-coarse-polishing-3\/\"]}]},{\"@type\":\"ImageObject\",\"inLanguage\":\"fr-FR\",\"@id\":\"https:\/\/hq-ym.com\/product\/ceramic-wheel-rim-polishing-media-for-coarse-polishing-3\/#primaryimage\",\"url\":\"https:\/\/hq-ym.com\/wp-content\/uploads\/2024\/05\/IMG_8035-2-1-scaled.jpg\",\"contentUrl\":\"https:\/\/hq-ym.com\/wp-content\/uploads\/2024\/05\/IMG_8035-2-1-scaled.jpg\",\"width\":2560,\"height\":2560,\"caption\":\"ceramic balls\"},{\"@type\":\"BreadcrumbList\",\"@id\":\"https:\/\/hq-ym.com\/product\/ceramic-wheel-rim-polishing-media-for-coarse-polishing-3\/#breadcrumb\",\"itemListElement\":[{\"@type\":\"ListItem\",\"position\":1,\"name\":\"\u9996\u9875\",\"item\":\"https:\/\/hq-ym.com\/\"},{\"@type\":\"ListItem\",\"position\":2,\"name\":\"Products\",\"item\":\"https:\/\/hq-ym.com\/products\/\"},{\"@type\":\"ListItem\",\"position\":3,\"name\":\"Media for Wheel Machining Marks Removal, Abrasive Grinding Consumbles\"}]},{\"@type\":\"WebSite\",\"@id\":\"https:\/\/hq-ym.com\/#website\",\"url\":\"https:\/\/hq-ym.com\/\",\"name\":\"Hua Qing Grinding Technology (Shenzhen) Co., Ltd\",\"description\":\"Sales of the rotary rim polishing machines, media and compounds. Polishing wheels from raw-deep machining marks to a mirror finish without hand polishing.\",\"publisher\":{\"@id\":\"https:\/\/hq-ym.com\/#organization\"},\"potentialAction\":[{\"@type\":\"SearchAction\",\"target\":{\"@type\":\"EntryPoint\",\"urlTemplate\":\"https:\/\/hq-ym.com\/?s={search_term_string}\"},\"query-input\":\"required name=search_term_string\"}],\"inLanguage\":\"fr-FR\"},{\"@type\":\"Organization\",\"@id\":\"https:\/\/hq-ym.com\/#organization\",\"name\":\"Hua Qing Grinding Technology (Shenzhen) Co., Ltd\",\"url\":\"https:\/\/hq-ym.com\/\",\"logo\":{\"@type\":\"ImageObject\",\"inLanguage\":\"fr-FR\",\"@id\":\"https:\/\/hq-ym.com\/#\/schema\/logo\/image\/\",\"url\":\"https:\/\/hq-ym.com\/wp-content\/uploads\/2024\/11\/Huaqing-grinding-logo-bl_11zon.webp\",\"contentUrl\":\"https:\/\/hq-ym.com\/wp-content\/uploads\/2024\/11\/Huaqing-grinding-logo-bl_11zon.webp\",\"width\":1067,\"height\":254,\"caption\":\"Hua Qing Grinding Technology (Shenzhen) Co., Ltd\"},\"image\":{\"@id\":\"https:\/\/hq-ym.com\/#\/schema\/logo\/image\/\"},\"sameAs\":[\"https:\/\/www.instagram.com\/hua_qing_polishing\/\",\"https:\/\/www.linkedin.com\/company\/104088516\/admin\/dashboard\/\"]}]}<\/script>\n<!-- \/ Yoast SEO Premium plugin. -->","yoast_head_json":{"title":"Media for Wheel Machining Marks Removal, Abrasive Grinding Consumbles - Hua Qing Grinding Technology (Shenzhen) Co., Ltd","description":"This media is used for wheel grinding, to remove CNC machining marks and to smooth the surface.","robots":{"index":"index","follow":"follow","max-snippet":"max-snippet:-1","max-image-preview":"max-image-preview:large","max-video-preview":"max-video-preview:-1"},"canonical":"https:\/\/hq-ym.com\/fr\/produit\/ceramic-wheel-rim-polishing-media-for-coarse-polishing-3\/","og_locale":"fr_FR","og_type":"article","og_title":"Media for Wheel Machining Marks Removal, Abrasive Grinding Consumbles","og_description":"This media is used for wheel grinding, to remove CNC machining marks and to smooth the surface.","og_url":"https:\/\/hq-ym.com\/fr\/produit\/ceramic-wheel-rim-polishing-media-for-coarse-polishing-3\/","og_site_name":"Hua Qing Grinding Technology (Shenzhen) Co., Ltd","article_modified_time":"2024-11-25T09:22:18+00:00","og_image":[{"width":2560,"height":2560,"url":"https:\/\/hq-ym.com\/wp-content\/uploads\/2024\/05\/IMG_8035-2-1-scaled.jpg","type":"image\/jpeg"}],"twitter_card":"summary_large_image","twitter_misc":{"Dur\u00e9e de lecture estim\u00e9e":"2 minutes"},"schema":{"@context":"https:\/\/schema.org","@graph":[{"@type":"WebPage","@id":"https:\/\/hq-ym.com\/product\/ceramic-wheel-rim-polishing-media-for-coarse-polishing-3\/","url":"https:\/\/hq-ym.com\/product\/ceramic-wheel-rim-polishing-media-for-coarse-polishing-3\/","name":"Media for Wheel Machining Marks Removal, Abrasive Grinding Consumbles - Hua Qing Grinding Technology (Shenzhen) Co., Ltd","isPartOf":{"@id":"https:\/\/hq-ym.com\/#website"},"primaryImageOfPage":{"@id":"https:\/\/hq-ym.com\/product\/ceramic-wheel-rim-polishing-media-for-coarse-polishing-3\/#primaryimage"},"image":{"@id":"https:\/\/hq-ym.com\/product\/ceramic-wheel-rim-polishing-media-for-coarse-polishing-3\/#primaryimage"},"thumbnailUrl":"https:\/\/hq-ym.com\/wp-content\/uploads\/2024\/05\/IMG_8035-2-1-scaled.jpg","datePublished":"2024-05-16T03:06:51+00:00","dateModified":"2024-11-25T09:22:18+00:00","description":"This media is used for wheel grinding, to remove CNC machining marks and to smooth the surface.","breadcrumb":{"@id":"https:\/\/hq-ym.com\/product\/ceramic-wheel-rim-polishing-media-for-coarse-polishing-3\/#breadcrumb"},"inLanguage":"fr-FR","potentialAction":[{"@type":"ReadAction","target":["https:\/\/hq-ym.com\/product\/ceramic-wheel-rim-polishing-media-for-coarse-polishing-3\/"]}]},{"@type":"ImageObject","inLanguage":"fr-FR","@id":"https:\/\/hq-ym.com\/product\/ceramic-wheel-rim-polishing-media-for-coarse-polishing-3\/#primaryimage","url":"https:\/\/hq-ym.com\/wp-content\/uploads\/2024\/05\/IMG_8035-2-1-scaled.jpg","contentUrl":"https:\/\/hq-ym.com\/wp-content\/uploads\/2024\/05\/IMG_8035-2-1-scaled.jpg","width":2560,"height":2560,"caption":"ceramic balls"},{"@type":"BreadcrumbList","@id":"https:\/\/hq-ym.com\/product\/ceramic-wheel-rim-polishing-media-for-coarse-polishing-3\/#breadcrumb","itemListElement":[{"@type":"ListItem","position":1,"name":"\u9996\u9875","item":"https:\/\/hq-ym.com\/"},{"@type":"ListItem","position":2,"name":"Products","item":"https:\/\/hq-ym.com\/products\/"},{"@type":"ListItem","position":3,"name":"Media for Wheel Machining Marks Removal, Abrasive Grinding Consumbles"}]},{"@type":"WebSite","@id":"https:\/\/hq-ym.com\/#website","url":"https:\/\/hq-ym.com\/","name":"Hua Qing Grinding Technology (Shenzhen) Co., Ltd","description":"Sales of the rotary rim polishing machines, media and compounds. Polishing wheels from raw-deep machining marks to a mirror finish without hand polishing.","publisher":{"@id":"https:\/\/hq-ym.com\/#organization"},"potentialAction":[{"@type":"SearchAction","target":{"@type":"EntryPoint","urlTemplate":"https:\/\/hq-ym.com\/?s={search_term_string}"},"query-input":"required name=search_term_string"}],"inLanguage":"fr-FR"},{"@type":"Organization","@id":"https:\/\/hq-ym.com\/#organization","name":"Hua Qing Grinding Technology (Shenzhen) Co., Ltd","url":"https:\/\/hq-ym.com\/","logo":{"@type":"ImageObject","inLanguage":"fr-FR","@id":"https:\/\/hq-ym.com\/#\/schema\/logo\/image\/","url":"https:\/\/hq-ym.com\/wp-content\/uploads\/2024\/11\/Huaqing-grinding-logo-bl_11zon.webp","contentUrl":"https:\/\/hq-ym.com\/wp-content\/uploads\/2024\/11\/Huaqing-grinding-logo-bl_11zon.webp","width":1067,"height":254,"caption":"Hua Qing Grinding Technology (Shenzhen) Co., Ltd"},"image":{"@id":"https:\/\/hq-ym.com\/#\/schema\/logo\/image\/"},"sameAs":["https:\/\/www.instagram.com\/hua_qing_polishing\/","https:\/\/www.linkedin.com\/company\/104088516\/admin\/dashboard\/"]}]}},"_links":{"self":[{"href":"https:\/\/hq-ym.com\/fr\/wp-json\/wp\/v2\/product\/5018"}],"collection":[{"href":"https:\/\/hq-ym.com\/fr\/wp-json\/wp\/v2\/product"}],"about":[{"href":"https:\/\/hq-ym.com\/fr\/wp-json\/wp\/v2\/types\/product"}],"version-history":[{"count":3,"href":"https:\/\/hq-ym.com\/fr\/wp-json\/wp\/v2\/product\/5018\/revisions"}],"predecessor-version":[{"id":6023,"href":"https:\/\/hq-ym.com\/fr\/wp-json\/wp\/v2\/product\/5018\/revisions\/6023"}],"wp:featuredmedia":[{"embeddable":true,"href":"https:\/\/hq-ym.com\/fr\/wp-json\/wp\/v2\/media\/4483"}],"wp:attachment":[{"href":"https:\/\/hq-ym.com\/fr\/wp-json\/wp\/v2\/media?parent=5018"}],"wp:term":[{"taxonomy":"product_cat","embeddable":true,"href":"https:\/\/hq-ym.com\/fr\/wp-json\/wp\/v2\/product_cat?post=5018"},{"taxonomy":"product_tag","embeddable":true,"href":"https:\/\/hq-ym.com\/fr\/wp-json\/wp\/v2\/product_tag?post=5018"}],"curies":[{"name":"wp","href":"https:\/\/api.w.org\/{rel}","templated":true}]}}