{"id":5031,"date":"2024-05-16T06:05:04","date_gmt":"2024-05-16T06:05:04","guid":{"rendered":"https:\/\/hq-ym.com\/?post_type=product&#038;p=5031"},"modified":"2024-05-16T06:18:33","modified_gmt":"2024-05-16T06:18:33","slug":"sewage-treatment-system","status":"publish","type":"product","link":"https:\/\/hq-ym.com\/fr\/produit\/sewage-treatment-system\/","title":{"rendered":"Syst\u00e8me de traitement des eaux us\u00e9es"},"content":{"rendered":"","protected":false},"excerpt":{"rendered":"<p>Le traitement des eaux us\u00e9es consiste \u00e0 \u00e9liminer les impuret\u00e9s des eaux us\u00e9es avant qu'elles n'atteignent les aquif\u00e8res ou les masses d'eau naturelles telles que les rivi\u00e8res, les lacs, les estuaires et les oc\u00e9ans.  Il s'agit d'une section essentielle pour un fabricant industriel respectueux de l'environnement. HuaQing personnalise ce syst\u00e8me pour tous les clients qui en ont besoin.<\/p>","protected":false},"featured_media":5033,"template":"","meta":[],"product_cat":[23,51],"product_tag":[],"class_list":{"0":"post-5031","1":"product","2":"type-product","3":"status-publish","4":"has-post-thumbnail","6":"product_cat-wheel-polishing-machines","7":"product_cat-sewage-treatment-system","9":"first","10":"instock","11":"shipping-taxable","12":"product-type-simple"},"yoast_head":"<!-- This site is optimized with the Yoast SEO Premium plugin v22.3 (Yoast SEO v22.3) - https:\/\/yoast.com\/wordpress\/plugins\/seo\/ -->\n<title>Sewage Treatment System - Hua Qing Grinding Technology (Shenzhen) Co., Ltd<\/title>\n<meta name=\"robots\" content=\"index, follow, max-snippet:-1, max-image-preview:large, max-video-preview:-1\" \/>\n<link rel=\"canonical\" href=\"https:\/\/hq-ym.com\/fr\/produit\/sewage-treatment-system\/\" \/>\n<meta property=\"og:locale\" content=\"fr_FR\" \/>\n<meta property=\"og:type\" content=\"article\" \/>\n<meta property=\"og:title\" content=\"Sewage Treatment System\" \/>\n<meta property=\"og:description\" content=\"Wastewater treatment removes impurities from wastewater or sewage before it reaches aquifers\u00a0or natural bodies of\u00a0water\u00a0such as\u00a0rivers,\u00a0lakes,\u00a0estuaries, and\u00a0oceans.\u00a0 It&#039;s an essential section for an eco-friendly industrial manufacturer, HuaQing customizes this system for all the clients in need.\" \/>\n<meta property=\"og:url\" content=\"https:\/\/hq-ym.com\/fr\/produit\/sewage-treatment-system\/\" \/>\n<meta property=\"og:site_name\" content=\"Hua Qing Grinding Technology (Shenzhen) Co., Ltd\" \/>\n<meta property=\"article:modified_time\" content=\"2024-05-16T06:18:33+00:00\" \/>\n<meta property=\"og:image\" content=\"https:\/\/i0.wp.com\/hq-ym.com\/wp-content\/uploads\/2024\/05\/sewage-treatment-system-1.jpg?fit=1000%2C1000&ssl=1\" \/>\n\t<meta property=\"og:image:width\" content=\"1000\" \/>\n\t<meta property=\"og:image:height\" content=\"1000\" \/>\n\t<meta property=\"og:image:type\" content=\"image\/jpeg\" \/>\n<meta name=\"twitter:card\" content=\"summary_large_image\" \/>\n<script type=\"application\/ld+json\" class=\"yoast-schema-graph\">{\"@context\":\"https:\/\/schema.org\",\"@graph\":[{\"@type\":\"WebPage\",\"@id\":\"https:\/\/hq-ym.com\/product\/sewage-treatment-system\/\",\"url\":\"https:\/\/hq-ym.com\/product\/sewage-treatment-system\/\",\"name\":\"Sewage Treatment System - Hua Qing Grinding Technology (Shenzhen) Co., Ltd\",\"isPartOf\":{\"@id\":\"https:\/\/hq-ym.com\/#website\"},\"primaryImageOfPage\":{\"@id\":\"https:\/\/hq-ym.com\/product\/sewage-treatment-system\/#primaryimage\"},\"image\":{\"@id\":\"https:\/\/hq-ym.com\/product\/sewage-treatment-system\/#primaryimage\"},\"thumbnailUrl\":\"https:\/\/hq-ym.com\/wp-content\/uploads\/2024\/05\/sewage-treatment-system-1.jpg\",\"datePublished\":\"2024-05-16T06:05:04+00:00\",\"dateModified\":\"2024-05-16T06:18:33+00:00\",\"breadcrumb\":{\"@id\":\"https:\/\/hq-ym.com\/product\/sewage-treatment-system\/#breadcrumb\"},\"inLanguage\":\"fr-FR\",\"potentialAction\":[{\"@type\":\"ReadAction\",\"target\":[\"https:\/\/hq-ym.com\/product\/sewage-treatment-system\/\"]}]},{\"@type\":\"ImageObject\",\"inLanguage\":\"fr-FR\",\"@id\":\"https:\/\/hq-ym.com\/product\/sewage-treatment-system\/#primaryimage\",\"url\":\"https:\/\/hq-ym.com\/wp-content\/uploads\/2024\/05\/sewage-treatment-system-1.jpg\",\"contentUrl\":\"https:\/\/hq-ym.com\/wp-content\/uploads\/2024\/05\/sewage-treatment-system-1.jpg\",\"width\":1000,\"height\":1000},{\"@type\":\"BreadcrumbList\",\"@id\":\"https:\/\/hq-ym.com\/product\/sewage-treatment-system\/#breadcrumb\",\"itemListElement\":[{\"@type\":\"ListItem\",\"position\":1,\"name\":\"\u9996\u9875\",\"item\":\"https:\/\/hq-ym.com\/\"},{\"@type\":\"ListItem\",\"position\":2,\"name\":\"Products\",\"item\":\"https:\/\/hq-ym.com\/products\/\"},{\"@type\":\"ListItem\",\"position\":3,\"name\":\"Sewage Treatment System\"}]},{\"@type\":\"WebSite\",\"@id\":\"https:\/\/hq-ym.com\/#website\",\"url\":\"https:\/\/hq-ym.com\/\",\"name\":\"Hua Qing Grinding Technology (Shenzhen) Co., Ltd\",\"description\":\"Sales of the rotary rim polishing machines, media and compounds. Polishing wheels from raw-deep machining marks to a mirror finish without hand polishing.\",\"publisher\":{\"@id\":\"https:\/\/hq-ym.com\/#organization\"},\"potentialAction\":[{\"@type\":\"SearchAction\",\"target\":{\"@type\":\"EntryPoint\",\"urlTemplate\":\"https:\/\/hq-ym.com\/?s={search_term_string}\"},\"query-input\":\"required name=search_term_string\"}],\"inLanguage\":\"fr-FR\"},{\"@type\":\"Organization\",\"@id\":\"https:\/\/hq-ym.com\/#organization\",\"name\":\"Hua Qing Grinding Technology (Shenzhen) Co., Ltd\",\"url\":\"https:\/\/hq-ym.com\/\",\"logo\":{\"@type\":\"ImageObject\",\"inLanguage\":\"fr-FR\",\"@id\":\"https:\/\/hq-ym.com\/#\/schema\/logo\/image\/\",\"url\":\"https:\/\/hq-ym.com\/wp-content\/uploads\/2024\/11\/Huaqing-grinding-logo-bl_11zon.webp\",\"contentUrl\":\"https:\/\/hq-ym.com\/wp-content\/uploads\/2024\/11\/Huaqing-grinding-logo-bl_11zon.webp\",\"width\":1067,\"height\":254,\"caption\":\"Hua Qing Grinding Technology (Shenzhen) Co., Ltd\"},\"image\":{\"@id\":\"https:\/\/hq-ym.com\/#\/schema\/logo\/image\/\"},\"sameAs\":[\"https:\/\/www.instagram.com\/hua_qing_polishing\/\",\"https:\/\/www.linkedin.com\/company\/104088516\/admin\/dashboard\/\"]}]}<\/script>\n<!-- \/ Yoast SEO Premium plugin. -->","yoast_head_json":{"title":"Sewage Treatment System - Hua Qing Grinding Technology (Shenzhen) Co., Ltd","robots":{"index":"index","follow":"follow","max-snippet":"max-snippet:-1","max-image-preview":"max-image-preview:large","max-video-preview":"max-video-preview:-1"},"canonical":"https:\/\/hq-ym.com\/fr\/produit\/sewage-treatment-system\/","og_locale":"fr_FR","og_type":"article","og_title":"Sewage Treatment System","og_description":"Wastewater treatment removes impurities from wastewater or sewage before it reaches aquifers\u00a0or natural bodies of\u00a0water\u00a0such as\u00a0rivers,\u00a0lakes,\u00a0estuaries, and\u00a0oceans.\u00a0 It's an essential section for an eco-friendly industrial manufacturer, HuaQing customizes this system for all the clients in need.","og_url":"https:\/\/hq-ym.com\/fr\/produit\/sewage-treatment-system\/","og_site_name":"Hua Qing Grinding Technology (Shenzhen) Co., Ltd","article_modified_time":"2024-05-16T06:18:33+00:00","og_image":[{"width":1000,"height":1000,"url":"https:\/\/i0.wp.com\/hq-ym.com\/wp-content\/uploads\/2024\/05\/sewage-treatment-system-1.jpg?fit=1000%2C1000&ssl=1","type":"image\/jpeg"}],"twitter_card":"summary_large_image","schema":{"@context":"https:\/\/schema.org","@graph":[{"@type":"WebPage","@id":"https:\/\/hq-ym.com\/product\/sewage-treatment-system\/","url":"https:\/\/hq-ym.com\/product\/sewage-treatment-system\/","name":"Sewage Treatment System - Hua Qing Grinding Technology (Shenzhen) Co., Ltd","isPartOf":{"@id":"https:\/\/hq-ym.com\/#website"},"primaryImageOfPage":{"@id":"https:\/\/hq-ym.com\/product\/sewage-treatment-system\/#primaryimage"},"image":{"@id":"https:\/\/hq-ym.com\/product\/sewage-treatment-system\/#primaryimage"},"thumbnailUrl":"https:\/\/hq-ym.com\/wp-content\/uploads\/2024\/05\/sewage-treatment-system-1.jpg","datePublished":"2024-05-16T06:05:04+00:00","dateModified":"2024-05-16T06:18:33+00:00","breadcrumb":{"@id":"https:\/\/hq-ym.com\/product\/sewage-treatment-system\/#breadcrumb"},"inLanguage":"fr-FR","potentialAction":[{"@type":"ReadAction","target":["https:\/\/hq-ym.com\/product\/sewage-treatment-system\/"]}]},{"@type":"ImageObject","inLanguage":"fr-FR","@id":"https:\/\/hq-ym.com\/product\/sewage-treatment-system\/#primaryimage","url":"https:\/\/hq-ym.com\/wp-content\/uploads\/2024\/05\/sewage-treatment-system-1.jpg","contentUrl":"https:\/\/hq-ym.com\/wp-content\/uploads\/2024\/05\/sewage-treatment-system-1.jpg","width":1000,"height":1000},{"@type":"BreadcrumbList","@id":"https:\/\/hq-ym.com\/product\/sewage-treatment-system\/#breadcrumb","itemListElement":[{"@type":"ListItem","position":1,"name":"\u9996\u9875","item":"https:\/\/hq-ym.com\/"},{"@type":"ListItem","position":2,"name":"Products","item":"https:\/\/hq-ym.com\/products\/"},{"@type":"ListItem","position":3,"name":"Sewage Treatment System"}]},{"@type":"WebSite","@id":"https:\/\/hq-ym.com\/#website","url":"https:\/\/hq-ym.com\/","name":"Hua Qing Grinding Technology (Shenzhen) Co., Ltd","description":"Sales of the rotary rim polishing machines, media and compounds. Polishing wheels from raw-deep machining marks to a mirror finish without hand polishing.","publisher":{"@id":"https:\/\/hq-ym.com\/#organization"},"potentialAction":[{"@type":"SearchAction","target":{"@type":"EntryPoint","urlTemplate":"https:\/\/hq-ym.com\/?s={search_term_string}"},"query-input":"required name=search_term_string"}],"inLanguage":"fr-FR"},{"@type":"Organization","@id":"https:\/\/hq-ym.com\/#organization","name":"Hua Qing Grinding Technology (Shenzhen) Co., Ltd","url":"https:\/\/hq-ym.com\/","logo":{"@type":"ImageObject","inLanguage":"fr-FR","@id":"https:\/\/hq-ym.com\/#\/schema\/logo\/image\/","url":"https:\/\/hq-ym.com\/wp-content\/uploads\/2024\/11\/Huaqing-grinding-logo-bl_11zon.webp","contentUrl":"https:\/\/hq-ym.com\/wp-content\/uploads\/2024\/11\/Huaqing-grinding-logo-bl_11zon.webp","width":1067,"height":254,"caption":"Hua Qing Grinding Technology (Shenzhen) Co., Ltd"},"image":{"@id":"https:\/\/hq-ym.com\/#\/schema\/logo\/image\/"},"sameAs":["https:\/\/www.instagram.com\/hua_qing_polishing\/","https:\/\/www.linkedin.com\/company\/104088516\/admin\/dashboard\/"]}]}},"_links":{"self":[{"href":"https:\/\/hq-ym.com\/fr\/wp-json\/wp\/v2\/product\/5031"}],"collection":[{"href":"https:\/\/hq-ym.com\/fr\/wp-json\/wp\/v2\/product"}],"about":[{"href":"https:\/\/hq-ym.com\/fr\/wp-json\/wp\/v2\/types\/product"}],"version-history":[{"count":0,"href":"https:\/\/hq-ym.com\/fr\/wp-json\/wp\/v2\/product\/5031\/revisions"}],"wp:featuredmedia":[{"embeddable":true,"href":"https:\/\/hq-ym.com\/fr\/wp-json\/wp\/v2\/media\/5033"}],"wp:attachment":[{"href":"https:\/\/hq-ym.com\/fr\/wp-json\/wp\/v2\/media?parent=5031"}],"wp:term":[{"taxonomy":"product_cat","embeddable":true,"href":"https:\/\/hq-ym.com\/fr\/wp-json\/wp\/v2\/product_cat?post=5031"},{"taxonomy":"product_tag","embeddable":true,"href":"https:\/\/hq-ym.com\/fr\/wp-json\/wp\/v2\/product_tag?post=5031"}],"curies":[{"name":"wp","href":"https:\/\/api.w.org\/{rel}","templated":true}]}}