{"id":4985,"date":"2024-05-15T09:04:21","date_gmt":"2024-05-15T09:04:21","guid":{"rendered":"https:\/\/hq-ym.com\/?post_type=product&#038;p=4985"},"modified":"2024-06-28T10:49:42","modified_gmt":"2024-06-28T10:49:42","slug":"chemical-compound-for-ceramic-wheel-polishing-machine","status":"publish","type":"product","link":"https:\/\/hq-ym.com\/pt\/produto\/chemical-compound-for-ceramic-wheel-polishing-machine\/","title":{"rendered":"Composto qu\u00edmico para m\u00e1quina de polir rodas de cer\u00e2mica rotativa"},"content":{"rendered":"<p>&nbsp;<\/p>\n<p>Temos tr\u00eas fases de polimento: grosseiro, m\u00e9dio e fino\/cromado, utilizando diferentes esferas de cer\u00e2mica e concentra\u00e7\u00f5es de composto,<\/p>\n<p>depois pode definir o tempo de trabalho em fun\u00e7\u00e3o do desempenho das jantes. (normalmente 10 a 30 minutos, dependendo do desenho da jante e da textura da superf\u00edcie).<\/p>\n<p>Para obter uma superf\u00edcie cromada, \u00e9 necess\u00e1rio que a jante esteja completamente lisa, e os primeiros passos grossos ou m\u00e9dios ajud\u00e1-lo-\u00e3o a torn\u00e1-la t\u00e3o lisa quanto desejar.<\/p>\n<p><img fetchpriority=\"high\" decoding=\"async\" class=\"wp-image-5122\" src=\"https:\/\/hq-ym.com\/wp-content\/uploads\/2024\/05\/ceramic-polishing-machine-3-steps.jpg\" alt=\"ceramic polishing machine 3 steps\" width=\"600\" height=\"541\" srcset=\"https:\/\/hq-ym.com\/wp-content\/uploads\/2024\/05\/ceramic-polishing-machine-3-steps.jpg 837w, https:\/\/hq-ym.com\/wp-content\/uploads\/2024\/05\/ceramic-polishing-machine-3-steps-750x677.jpg 750w, https:\/\/hq-ym.com\/wp-content\/uploads\/2024\/05\/ceramic-polishing-machine-3-steps-300x271.jpg 300w, https:\/\/hq-ym.com\/wp-content\/uploads\/2024\/05\/ceramic-polishing-machine-3-steps-768x693.jpg 768w, https:\/\/hq-ym.com\/wp-content\/uploads\/2024\/05\/ceramic-polishing-machine-3-steps-13x12.jpg 13w\" sizes=\"(max-width: 600px) 100vw, 600px\" \/><\/p>\n<p style=\"color: #494242; text-align: center;\">*Esta \u00e9 apenas uma orienta\u00e7\u00e3o, a dura\u00e7\u00e3o do processo de acabamento pode depender do estado inicial da roda.<\/p>\n<p style=\"color: #494242; text-align: center;\">** O tamanho e a forma do suporte ser\u00e3o seleccionados para se adaptarem \u00e0 geometria da pe\u00e7a e evitarem qualquer aprisionamento do suporte.<\/p>\n<p style=\"color: #494242; text-align: center;\">***Algumas rodas podem necessitar apenas das \u00faltimas 2 fases, dependendo do estado inicial da superf\u00edcie.<\/p>\n<p><img decoding=\"async\" class=\"aligncenter wp-image-4505\" src=\"https:\/\/hq-ym.com\/wp-content\/uploads\/2024\/05\/huaqing-polishing-factory-8-1024x768.jpg\" alt=\"\" width=\"600\" height=\"450\" srcset=\"https:\/\/hq-ym.com\/wp-content\/uploads\/2024\/05\/huaqing-polishing-factory-8-1024x768.jpg 1024w, https:\/\/hq-ym.com\/wp-content\/uploads\/2024\/05\/huaqing-polishing-factory-8-scaled-1000x750.jpg 1000w, https:\/\/hq-ym.com\/wp-content\/uploads\/2024\/05\/huaqing-polishing-factory-8-scaled-750x563.jpg 750w, https:\/\/hq-ym.com\/wp-content\/uploads\/2024\/05\/huaqing-polishing-factory-8-300x225.jpg 300w, https:\/\/hq-ym.com\/wp-content\/uploads\/2024\/05\/huaqing-polishing-factory-8-768x576.jpg 768w, https:\/\/hq-ym.com\/wp-content\/uploads\/2024\/05\/huaqing-polishing-factory-8-1536x1152.jpg 1536w, https:\/\/hq-ym.com\/wp-content\/uploads\/2024\/05\/huaqing-polishing-factory-8-2048x1536.jpg 2048w, https:\/\/hq-ym.com\/wp-content\/uploads\/2024\/05\/huaqing-polishing-factory-8-16x12.jpg 16w\" sizes=\"(max-width: 600px) 100vw, 600px\" \/><\/p>\n<p><img decoding=\"async\" class=\"aligncenter wp-image-4507\" src=\"https:\/\/hq-ym.com\/wp-content\/uploads\/2024\/05\/huaqing-polishing-factory-10-1024x768.jpg\" alt=\"compound warehouse\" width=\"600\" height=\"450\" srcset=\"https:\/\/hq-ym.com\/wp-content\/uploads\/2024\/05\/huaqing-polishing-factory-10-1024x768.jpg 1024w, https:\/\/hq-ym.com\/wp-content\/uploads\/2024\/05\/huaqing-polishing-factory-10-scaled-1000x750.jpg 1000w, https:\/\/hq-ym.com\/wp-content\/uploads\/2024\/05\/huaqing-polishing-factory-10-scaled-750x563.jpg 750w, https:\/\/hq-ym.com\/wp-content\/uploads\/2024\/05\/huaqing-polishing-factory-10-300x225.jpg 300w, https:\/\/hq-ym.com\/wp-content\/uploads\/2024\/05\/huaqing-polishing-factory-10-768x576.jpg 768w, https:\/\/hq-ym.com\/wp-content\/uploads\/2024\/05\/huaqing-polishing-factory-10-1536x1152.jpg 1536w, https:\/\/hq-ym.com\/wp-content\/uploads\/2024\/05\/huaqing-polishing-factory-10-2048x1536.jpg 2048w, https:\/\/hq-ym.com\/wp-content\/uploads\/2024\/05\/huaqing-polishing-factory-10-16x12.jpg 16w\" sizes=\"(max-width: 600px) 100vw, 600px\" \/><\/p>\n<p><img loading=\"lazy\" decoding=\"async\" class=\"aligncenter wp-image-4500\" src=\"https:\/\/hq-ym.com\/wp-content\/uploads\/2024\/05\/huaqing-polishing-factory-6-1024x768.jpg\" alt=\"\" width=\"600\" height=\"450\" srcset=\"https:\/\/hq-ym.com\/wp-content\/uploads\/2024\/05\/huaqing-polishing-factory-6-1024x768.jpg 1024w, https:\/\/hq-ym.com\/wp-content\/uploads\/2024\/05\/huaqing-polishing-factory-6-scaled-1000x750.jpg 1000w, https:\/\/hq-ym.com\/wp-content\/uploads\/2024\/05\/huaqing-polishing-factory-6-scaled-750x563.jpg 750w, https:\/\/hq-ym.com\/wp-content\/uploads\/2024\/05\/huaqing-polishing-factory-6-300x225.jpg 300w, https:\/\/hq-ym.com\/wp-content\/uploads\/2024\/05\/huaqing-polishing-factory-6-768x576.jpg 768w, https:\/\/hq-ym.com\/wp-content\/uploads\/2024\/05\/huaqing-polishing-factory-6-1536x1152.jpg 1536w, https:\/\/hq-ym.com\/wp-content\/uploads\/2024\/05\/huaqing-polishing-factory-6-2048x1536.jpg 2048w, https:\/\/hq-ym.com\/wp-content\/uploads\/2024\/05\/huaqing-polishing-factory-6-16x12.jpg 16w\" sizes=\"(max-width: 600px) 100vw, 600px\" \/><\/p>\n<p>&nbsp;<\/p>","protected":false},"excerpt":{"rendered":"<p>Desenvolvemos, testamos e melhoramos continuamente a formula\u00e7\u00e3o dos nossos compostos l\u00edquidos, em p\u00f3 e em pasta nas nossas instala\u00e7\u00f5es. Este \u00e9 tamb\u00e9m o local onde fabricamos os nossos compostos. Todos os compostos da Huaqing s\u00e3o amigos do ambiente e s\u00e3o formulados para a nossa m\u00e1quina de polimento de alta energia.<\/p>\n<p>Suspender a sujidade, os \u00f3leos e os res\u00edduos do meio e expuls\u00e1-los do sistema<\/p>\n<p>Manter os componentes e os suportes limpos confere estabilidade ao processo.<\/p>\n<p>Inibi\u00e7\u00e3o da corros\u00e3o, abrilhantamento de diferentes materiais e remo\u00e7\u00e3o de incrusta\u00e7\u00f5es ap\u00f3s o tratamento t\u00e9rmico. Como o composto actua como um lubrificante, prolonga a vida \u00fatil dos meios.<\/p>","protected":false},"featured_media":4999,"template":"","meta":[],"product_cat":[36,20],"product_tag":[],"class_list":{"0":"post-4985","1":"product","2":"type-product","3":"status-publish","4":"has-post-thumbnail","6":"product_cat-compound","7":"product_cat-consumables","9":"first","10":"instock","11":"shipping-taxable","12":"product-type-simple"},"yoast_head":"<!-- This site is optimized with the Yoast SEO Premium plugin v22.3 (Yoast SEO v22.3) - https:\/\/yoast.com\/wordpress\/plugins\/seo\/ -->\n<title>Chemical Compound For Rotary Ceramic Wheel Polishing Machine - Hua Qing Grinding Technology (Shenzhen) Co., Ltd<\/title>\n<meta name=\"description\" content=\"during polishing, the compound helps suspend the dirt, oils, and media residues and flush them from the system, Keeping the components and media clean, brings stability to the process.\" \/>\n<meta name=\"robots\" content=\"index, follow, max-snippet:-1, max-image-preview:large, max-video-preview:-1\" \/>\n<link rel=\"canonical\" href=\"https:\/\/hq-ym.com\/pt\/produto\/chemical-compound-for-ceramic-wheel-polishing-machine\/\" \/>\n<meta property=\"og:locale\" content=\"pt_PT\" \/>\n<meta property=\"og:type\" content=\"article\" \/>\n<meta property=\"og:title\" content=\"Chemical Compound For Rotary Ceramic Wheel Polishing Machine\" \/>\n<meta property=\"og:description\" content=\"during polishing, the compound helps suspend the dirt, oils, and media residues and flush them from the system, Keeping the components and media clean, brings stability to the process.\" \/>\n<meta property=\"og:url\" content=\"https:\/\/hq-ym.com\/pt\/produto\/chemical-compound-for-ceramic-wheel-polishing-machine\/\" \/>\n<meta property=\"og:site_name\" content=\"Hua Qing Grinding Technology (Shenzhen) Co., Ltd\" \/>\n<meta property=\"article:modified_time\" content=\"2024-06-28T10:49:42+00:00\" \/>\n<meta property=\"og:image\" content=\"https:\/\/hq-ym.com\/wp-content\/uploads\/2024\/05\/\u56fe\u72471-1.jpg\" \/>\n\t<meta property=\"og:image:width\" content=\"704\" \/>\n\t<meta property=\"og:image:height\" content=\"704\" \/>\n\t<meta property=\"og:image:type\" content=\"image\/jpeg\" \/>\n<meta name=\"twitter:card\" content=\"summary_large_image\" \/>\n<meta name=\"twitter:label1\" content=\"Tempo estimado de leitura\" \/>\n\t<meta name=\"twitter:data1\" content=\"2 minutos\" \/>\n<script type=\"application\/ld+json\" class=\"yoast-schema-graph\">{\"@context\":\"https:\/\/schema.org\",\"@graph\":[{\"@type\":\"WebPage\",\"@id\":\"https:\/\/hq-ym.com\/product\/chemical-compound-for-ceramic-wheel-polishing-machine\/\",\"url\":\"https:\/\/hq-ym.com\/product\/chemical-compound-for-ceramic-wheel-polishing-machine\/\",\"name\":\"Chemical Compound For Rotary Ceramic Wheel Polishing Machine - Hua Qing Grinding Technology (Shenzhen) Co., Ltd\",\"isPartOf\":{\"@id\":\"https:\/\/hq-ym.com\/#website\"},\"primaryImageOfPage\":{\"@id\":\"https:\/\/hq-ym.com\/product\/chemical-compound-for-ceramic-wheel-polishing-machine\/#primaryimage\"},\"image\":{\"@id\":\"https:\/\/hq-ym.com\/product\/chemical-compound-for-ceramic-wheel-polishing-machine\/#primaryimage\"},\"thumbnailUrl\":\"https:\/\/hq-ym.com\/wp-content\/uploads\/2024\/05\/\u56fe\u72471-1.jpg\",\"datePublished\":\"2024-05-15T09:04:21+00:00\",\"dateModified\":\"2024-06-28T10:49:42+00:00\",\"description\":\"during polishing, the compound helps suspend the dirt, oils, and media residues and flush them from the system, Keeping the components and media clean, brings stability to the process.\",\"breadcrumb\":{\"@id\":\"https:\/\/hq-ym.com\/product\/chemical-compound-for-ceramic-wheel-polishing-machine\/#breadcrumb\"},\"inLanguage\":\"pt-PT\",\"potentialAction\":[{\"@type\":\"ReadAction\",\"target\":[\"https:\/\/hq-ym.com\/product\/chemical-compound-for-ceramic-wheel-polishing-machine\/\"]}]},{\"@type\":\"ImageObject\",\"inLanguage\":\"pt-PT\",\"@id\":\"https:\/\/hq-ym.com\/product\/chemical-compound-for-ceramic-wheel-polishing-machine\/#primaryimage\",\"url\":\"https:\/\/hq-ym.com\/wp-content\/uploads\/2024\/05\/\u56fe\u72471-1.jpg\",\"contentUrl\":\"https:\/\/hq-ym.com\/wp-content\/uploads\/2024\/05\/\u56fe\u72471-1.jpg\",\"width\":704,\"height\":704},{\"@type\":\"BreadcrumbList\",\"@id\":\"https:\/\/hq-ym.com\/product\/chemical-compound-for-ceramic-wheel-polishing-machine\/#breadcrumb\",\"itemListElement\":[{\"@type\":\"ListItem\",\"position\":1,\"name\":\"\u9996\u9875\",\"item\":\"https:\/\/hq-ym.com\/\"},{\"@type\":\"ListItem\",\"position\":2,\"name\":\"Products\",\"item\":\"https:\/\/hq-ym.com\/products\/\"},{\"@type\":\"ListItem\",\"position\":3,\"name\":\"Chemical Compound For Rotary Ceramic Wheel Polishing Machine\"}]},{\"@type\":\"WebSite\",\"@id\":\"https:\/\/hq-ym.com\/#website\",\"url\":\"https:\/\/hq-ym.com\/\",\"name\":\"Hua Qing Grinding Technology (Shenzhen) Co., Ltd\",\"description\":\"Sales of the rotary rim polishing machines, media and compounds. Polishing wheels from raw-deep machining marks to a mirror finish without hand polishing.\",\"publisher\":{\"@id\":\"https:\/\/hq-ym.com\/#organization\"},\"potentialAction\":[{\"@type\":\"SearchAction\",\"target\":{\"@type\":\"EntryPoint\",\"urlTemplate\":\"https:\/\/hq-ym.com\/?s={search_term_string}\"},\"query-input\":\"required name=search_term_string\"}],\"inLanguage\":\"pt-PT\"},{\"@type\":\"Organization\",\"@id\":\"https:\/\/hq-ym.com\/#organization\",\"name\":\"Hua Qing Grinding Technology (Shenzhen) Co., Ltd\",\"url\":\"https:\/\/hq-ym.com\/\",\"logo\":{\"@type\":\"ImageObject\",\"inLanguage\":\"pt-PT\",\"@id\":\"https:\/\/hq-ym.com\/#\/schema\/logo\/image\/\",\"url\":\"https:\/\/hq-ym.com\/wp-content\/uploads\/2024\/11\/Huaqing-grinding-logo-bl_11zon.webp\",\"contentUrl\":\"https:\/\/hq-ym.com\/wp-content\/uploads\/2024\/11\/Huaqing-grinding-logo-bl_11zon.webp\",\"width\":1067,\"height\":254,\"caption\":\"Hua Qing Grinding Technology (Shenzhen) Co., Ltd\"},\"image\":{\"@id\":\"https:\/\/hq-ym.com\/#\/schema\/logo\/image\/\"},\"sameAs\":[\"https:\/\/www.instagram.com\/hua_qing_polishing\/\",\"https:\/\/www.linkedin.com\/company\/104088516\/admin\/dashboard\/\"]}]}<\/script>\n<!-- \/ Yoast SEO Premium plugin. -->","yoast_head_json":{"title":"Chemical Compound For Rotary Ceramic Wheel Polishing Machine - Hua Qing Grinding Technology (Shenzhen) Co., Ltd","description":"during polishing, the compound helps suspend the dirt, oils, and media residues and flush them from the system, Keeping the components and media clean, brings stability to the process.","robots":{"index":"index","follow":"follow","max-snippet":"max-snippet:-1","max-image-preview":"max-image-preview:large","max-video-preview":"max-video-preview:-1"},"canonical":"https:\/\/hq-ym.com\/pt\/produto\/chemical-compound-for-ceramic-wheel-polishing-machine\/","og_locale":"pt_PT","og_type":"article","og_title":"Chemical Compound For Rotary Ceramic Wheel Polishing Machine","og_description":"during polishing, the compound helps suspend the dirt, oils, and media residues and flush them from the system, Keeping the components and media clean, brings stability to the process.","og_url":"https:\/\/hq-ym.com\/pt\/produto\/chemical-compound-for-ceramic-wheel-polishing-machine\/","og_site_name":"Hua Qing Grinding Technology (Shenzhen) Co., Ltd","article_modified_time":"2024-06-28T10:49:42+00:00","og_image":[{"width":704,"height":704,"url":"https:\/\/hq-ym.com\/wp-content\/uploads\/2024\/05\/\u56fe\u72471-1.jpg","type":"image\/jpeg"}],"twitter_card":"summary_large_image","twitter_misc":{"Tempo estimado de leitura":"2 minutos"},"schema":{"@context":"https:\/\/schema.org","@graph":[{"@type":"WebPage","@id":"https:\/\/hq-ym.com\/product\/chemical-compound-for-ceramic-wheel-polishing-machine\/","url":"https:\/\/hq-ym.com\/product\/chemical-compound-for-ceramic-wheel-polishing-machine\/","name":"Chemical Compound For Rotary Ceramic Wheel Polishing Machine - Hua Qing Grinding Technology (Shenzhen) Co., Ltd","isPartOf":{"@id":"https:\/\/hq-ym.com\/#website"},"primaryImageOfPage":{"@id":"https:\/\/hq-ym.com\/product\/chemical-compound-for-ceramic-wheel-polishing-machine\/#primaryimage"},"image":{"@id":"https:\/\/hq-ym.com\/product\/chemical-compound-for-ceramic-wheel-polishing-machine\/#primaryimage"},"thumbnailUrl":"https:\/\/hq-ym.com\/wp-content\/uploads\/2024\/05\/\u56fe\u72471-1.jpg","datePublished":"2024-05-15T09:04:21+00:00","dateModified":"2024-06-28T10:49:42+00:00","description":"during polishing, the compound helps suspend the dirt, oils, and media residues and flush them from the system, Keeping the components and media clean, brings stability to the process.","breadcrumb":{"@id":"https:\/\/hq-ym.com\/product\/chemical-compound-for-ceramic-wheel-polishing-machine\/#breadcrumb"},"inLanguage":"pt-PT","potentialAction":[{"@type":"ReadAction","target":["https:\/\/hq-ym.com\/product\/chemical-compound-for-ceramic-wheel-polishing-machine\/"]}]},{"@type":"ImageObject","inLanguage":"pt-PT","@id":"https:\/\/hq-ym.com\/product\/chemical-compound-for-ceramic-wheel-polishing-machine\/#primaryimage","url":"https:\/\/hq-ym.com\/wp-content\/uploads\/2024\/05\/\u56fe\u72471-1.jpg","contentUrl":"https:\/\/hq-ym.com\/wp-content\/uploads\/2024\/05\/\u56fe\u72471-1.jpg","width":704,"height":704},{"@type":"BreadcrumbList","@id":"https:\/\/hq-ym.com\/product\/chemical-compound-for-ceramic-wheel-polishing-machine\/#breadcrumb","itemListElement":[{"@type":"ListItem","position":1,"name":"\u9996\u9875","item":"https:\/\/hq-ym.com\/"},{"@type":"ListItem","position":2,"name":"Products","item":"https:\/\/hq-ym.com\/products\/"},{"@type":"ListItem","position":3,"name":"Chemical Compound For Rotary Ceramic Wheel Polishing Machine"}]},{"@type":"WebSite","@id":"https:\/\/hq-ym.com\/#website","url":"https:\/\/hq-ym.com\/","name":"Hua Qing Grinding Technology (Shenzhen) Co., Ltd","description":"Sales of the rotary rim polishing machines, media and compounds. Polishing wheels from raw-deep machining marks to a mirror finish without hand polishing.","publisher":{"@id":"https:\/\/hq-ym.com\/#organization"},"potentialAction":[{"@type":"SearchAction","target":{"@type":"EntryPoint","urlTemplate":"https:\/\/hq-ym.com\/?s={search_term_string}"},"query-input":"required name=search_term_string"}],"inLanguage":"pt-PT"},{"@type":"Organization","@id":"https:\/\/hq-ym.com\/#organization","name":"Hua Qing Grinding Technology (Shenzhen) Co., Ltd","url":"https:\/\/hq-ym.com\/","logo":{"@type":"ImageObject","inLanguage":"pt-PT","@id":"https:\/\/hq-ym.com\/#\/schema\/logo\/image\/","url":"https:\/\/hq-ym.com\/wp-content\/uploads\/2024\/11\/Huaqing-grinding-logo-bl_11zon.webp","contentUrl":"https:\/\/hq-ym.com\/wp-content\/uploads\/2024\/11\/Huaqing-grinding-logo-bl_11zon.webp","width":1067,"height":254,"caption":"Hua Qing Grinding Technology (Shenzhen) Co., Ltd"},"image":{"@id":"https:\/\/hq-ym.com\/#\/schema\/logo\/image\/"},"sameAs":["https:\/\/www.instagram.com\/hua_qing_polishing\/","https:\/\/www.linkedin.com\/company\/104088516\/admin\/dashboard\/"]}]}},"_links":{"self":[{"href":"https:\/\/hq-ym.com\/pt\/wp-json\/wp\/v2\/product\/4985"}],"collection":[{"href":"https:\/\/hq-ym.com\/pt\/wp-json\/wp\/v2\/product"}],"about":[{"href":"https:\/\/hq-ym.com\/pt\/wp-json\/wp\/v2\/types\/product"}],"version-history":[{"count":0,"href":"https:\/\/hq-ym.com\/pt\/wp-json\/wp\/v2\/product\/4985\/revisions"}],"wp:featuredmedia":[{"embeddable":true,"href":"https:\/\/hq-ym.com\/pt\/wp-json\/wp\/v2\/media\/4999"}],"wp:attachment":[{"href":"https:\/\/hq-ym.com\/pt\/wp-json\/wp\/v2\/media?parent=4985"}],"wp:term":[{"taxonomy":"product_cat","embeddable":true,"href":"https:\/\/hq-ym.com\/pt\/wp-json\/wp\/v2\/product_cat?post=4985"},{"taxonomy":"product_tag","embeddable":true,"href":"https:\/\/hq-ym.com\/pt\/wp-json\/wp\/v2\/product_tag?post=4985"}],"curies":[{"name":"wp","href":"https:\/\/api.w.org\/{rel}","templated":true}]}}