{"id":5018,"date":"2024-05-16T03:06:51","date_gmt":"2024-05-16T03:06:51","guid":{"rendered":"https:\/\/hq-ym.com\/?post_type=product&#038;p=5018"},"modified":"2024-11-25T09:22:18","modified_gmt":"2024-11-25T09:22:18","slug":"ceramic-wheel-rim-polishing-media-for-coarse-polishing-3","status":"publish","type":"product","link":"https:\/\/hq-ym.com\/pt\/produto\/ceramic-wheel-rim-polishing-media-for-coarse-polishing-3\/","title":{"rendered":"Meios para remo\u00e7\u00e3o de marcas de maquinagem com rebolos, consum\u00edveis para retifica\u00e7\u00e3o abrasiva"},"content":{"rendered":"<p>Quando se trata de retifica\u00e7\u00e3o e polimento de rebolos, a escolha do material pode ter um impacto significativo na qualidade e efici\u00eancia do seu processo.<\/p>\n<p>O material cer\u00e2mico grosso destaca-se como uma escolha excecional para aplica\u00e7\u00f5es exigentes. Fabricado a partir de materiais cer\u00e2micos de alta qualidade, este material oferece uma durabilidade sem paralelo e um elevado desempenho.<\/p>\n<p>A sua composi\u00e7\u00e3o robusta garante que resiste aos rigores de opera\u00e7\u00f5es intensas de retifica\u00e7\u00e3o e polimento, mantendo a sua forma e efic\u00e1cia mesmo em condi\u00e7\u00f5es extremas.<\/p>\n<p>A textura grosseira do material cer\u00e2mico facilita a remo\u00e7\u00e3o agressiva de material e o r\u00e1pido refinamento da superf\u00edcie, tornando-o ideal para tarefas pesadas.<\/p>\n<p>Quer esteja a trabalhar com rodas fundidas\/forjadas ou outros materiais duros, os meios de cer\u00e2mica grosseira proporcionam resultados consistentes e fi\u00e1veis, aumentando a produtividade e obtendo acabamentos de superf\u00edcie superiores. A sua resist\u00eancia ao desgaste traduz-se numa vida \u00fatil mais longa, reduzindo a necessidade de substitui\u00e7\u00f5es frequentes e optimizando a rela\u00e7\u00e3o custo-efic\u00e1cia.<\/p>\n<p><strong>Juntamente com a nossa m\u00e1quina de polir rodas para lixar e polir de alto desempenho, os meios de cer\u00e2mica grossa s\u00e3o a solu\u00e7\u00e3o ideal para obter resultados excepcionais com a durabilidade com que pode contar.<\/strong><\/p>\n<p>&nbsp;<\/p>\n<p><img fetchpriority=\"high\" decoding=\"async\" class=\"aligncenter size-large wp-image-5993\" src=\"https:\/\/hq-ym.com\/wp-content\/uploads\/2024\/11\/huaqing-polishing-wheels-1024x400.webp\" alt=\"huaqing polishing wheels\" width=\"1024\" height=\"400\" srcset=\"https:\/\/hq-ym.com\/wp-content\/uploads\/2024\/11\/huaqing-polishing-wheels-1024x400.webp 1024w, https:\/\/hq-ym.com\/wp-content\/uploads\/2024\/11\/huaqing-polishing-wheels-300x117.webp 300w, https:\/\/hq-ym.com\/wp-content\/uploads\/2024\/11\/huaqing-polishing-wheels-768x300.webp 768w, https:\/\/hq-ym.com\/wp-content\/uploads\/2024\/11\/huaqing-polishing-wheels-1536x600.webp 1536w, https:\/\/hq-ym.com\/wp-content\/uploads\/2024\/11\/huaqing-polishing-wheels-18x7.webp 18w, https:\/\/hq-ym.com\/wp-content\/uploads\/2024\/11\/huaqing-polishing-wheels-750x293.webp 750w, https:\/\/hq-ym.com\/wp-content\/uploads\/2024\/11\/huaqing-polishing-wheels-1000x391.webp 1000w, https:\/\/hq-ym.com\/wp-content\/uploads\/2024\/11\/huaqing-polishing-wheels.webp 1920w\" sizes=\"(max-width: 1024px) 100vw, 1024px\" \/><\/p>\n<p><img decoding=\"async\" class=\"aligncenter size-full wp-image-5821\" src=\"https:\/\/hq-ym.com\/wp-content\/uploads\/2024\/09\/IMG_0373-edited.webp\" alt=\"\" width=\"901\" height=\"507\" srcset=\"https:\/\/hq-ym.com\/wp-content\/uploads\/2024\/09\/IMG_0373-edited.webp 901w, https:\/\/hq-ym.com\/wp-content\/uploads\/2024\/09\/IMG_0373-edited-300x169.webp 300w, https:\/\/hq-ym.com\/wp-content\/uploads\/2024\/09\/IMG_0373-edited-768x432.webp 768w, https:\/\/hq-ym.com\/wp-content\/uploads\/2024\/09\/IMG_0373-edited-18x10.webp 18w, https:\/\/hq-ym.com\/wp-content\/uploads\/2024\/09\/IMG_0373-edited-750x422.webp 750w\" sizes=\"(max-width: 901px) 100vw, 901px\" \/><\/p>\n<p>&nbsp;<\/p>\n<p>&nbsp;<\/p>\n<h3><strong><a href=\"https:\/\/hq-ym.com\/pt\/produto\/fine-polishing-ceramic-balls-22mm-for-bright-and-chrome-finishing\/\">1. Bolas de cer\u00e2mica de polimento fino 2*2mm para acabamento brilhante e cromado<\/a><\/strong><\/h3>\n<h3><strong><a href=\"https:\/\/hq-ym.com\/pt\/produto\/ceramic-wheel-rim-polishing-media-for-medium-smoothing-polishing-2\/\">2. Meios de polimento de jantes de rodas de cer\u00e2mica para polimento de alisamento m\u00e9dio<\/a><\/strong><\/h3>\n<h3><strong><a href=\"https:\/\/hq-ym.com\/pt\/produto\/chemical-compound-for-ceramic-wheel-polishing-machine\/\">3. Composto qu\u00edmico para m\u00e1quina de polimento de rodas de cer\u00e2mica<\/a><\/strong><\/h3>\n<h3><strong><a href=\"https:\/\/hq-ym.com\/pt\/how-to-choose-the-machine\/\">4. Como escolher uma m\u00e1quina de polir aros de cer\u00e2mica?<\/a><\/strong><\/h3>\n<p>&nbsp;<\/p>\n<p>&nbsp;<\/p>\n<p>&nbsp;<\/p>\n<p>&nbsp;<\/p>","protected":false},"excerpt":{"rendered":"<p>Este material HQ-YHG6 \u00e9 geralmente utilizado para a primeira fase de retifica\u00e7\u00e3o de m\u00f3s - retifica\u00e7\u00e3o grosseira,<\/p>\n<p>Juntamente com os compostos, pode remover marcas de maquinagem CNC profundas durante cerca de 10-40 minutos, com m\u00e1quinas de 4 esta\u00e7\u00f5es, o que equivale a cerca de 10-16 rodas por hora<\/p>\n<ol>\n<li>Remover marcas de maquinagem de jantes de autom\u00f3veis\/cami\u00f5es<\/li>\n<li>Renova\u00e7\u00e3o ou restauro de jantes de autom\u00f3veis\/cami\u00f5es<\/li>\n<li>Remover a superf\u00edcie de fundi\u00e7\u00e3o da roda de fundi\u00e7\u00e3o num curto espa\u00e7o de tempo.<\/li>\n<\/ol>\n<p>&nbsp;<\/p>","protected":false},"featured_media":4483,"template":"","meta":[],"product_cat":[20,35],"product_tag":[],"class_list":{"0":"post-5018","1":"product","2":"type-product","3":"status-publish","4":"has-post-thumbnail","6":"product_cat-consumables","7":"product_cat-media","9":"first","10":"instock","11":"shipping-taxable","12":"product-type-simple"},"yoast_head":"<!-- This site is optimized with the Yoast SEO Premium plugin v22.3 (Yoast SEO v22.3) - https:\/\/yoast.com\/wordpress\/plugins\/seo\/ -->\n<title>Media for Wheel Machining Marks Removal, Abrasive Grinding Consumbles - Hua Qing Grinding Technology (Shenzhen) Co., Ltd<\/title>\n<meta name=\"description\" content=\"This media is used for wheel grinding, to remove CNC machining marks and to smooth the surface.\" \/>\n<meta name=\"robots\" content=\"index, follow, max-snippet:-1, max-image-preview:large, max-video-preview:-1\" \/>\n<link rel=\"canonical\" href=\"https:\/\/hq-ym.com\/pt\/produto\/ceramic-wheel-rim-polishing-media-for-coarse-polishing-3\/\" \/>\n<meta property=\"og:locale\" content=\"pt_PT\" \/>\n<meta property=\"og:type\" content=\"article\" \/>\n<meta property=\"og:title\" content=\"Media for Wheel Machining Marks Removal, Abrasive Grinding Consumbles\" \/>\n<meta property=\"og:description\" content=\"This media is used for wheel grinding, to remove CNC machining marks and to smooth the surface.\" \/>\n<meta property=\"og:url\" content=\"https:\/\/hq-ym.com\/pt\/produto\/ceramic-wheel-rim-polishing-media-for-coarse-polishing-3\/\" \/>\n<meta property=\"og:site_name\" content=\"Hua Qing Grinding Technology (Shenzhen) Co., Ltd\" \/>\n<meta property=\"article:modified_time\" content=\"2024-11-25T09:22:18+00:00\" \/>\n<meta property=\"og:image\" content=\"https:\/\/hq-ym.com\/wp-content\/uploads\/2024\/05\/IMG_8035-2-1-scaled.jpg\" \/>\n\t<meta property=\"og:image:width\" content=\"2560\" \/>\n\t<meta property=\"og:image:height\" content=\"2560\" \/>\n\t<meta property=\"og:image:type\" content=\"image\/jpeg\" \/>\n<meta name=\"twitter:card\" content=\"summary_large_image\" \/>\n<meta name=\"twitter:label1\" content=\"Tempo estimado de leitura\" \/>\n\t<meta name=\"twitter:data1\" content=\"2 minutos\" \/>\n<script type=\"application\/ld+json\" class=\"yoast-schema-graph\">{\"@context\":\"https:\/\/schema.org\",\"@graph\":[{\"@type\":\"WebPage\",\"@id\":\"https:\/\/hq-ym.com\/product\/ceramic-wheel-rim-polishing-media-for-coarse-polishing-3\/\",\"url\":\"https:\/\/hq-ym.com\/product\/ceramic-wheel-rim-polishing-media-for-coarse-polishing-3\/\",\"name\":\"Media for Wheel Machining Marks Removal, Abrasive Grinding Consumbles - Hua Qing Grinding Technology (Shenzhen) Co., Ltd\",\"isPartOf\":{\"@id\":\"https:\/\/hq-ym.com\/#website\"},\"primaryImageOfPage\":{\"@id\":\"https:\/\/hq-ym.com\/product\/ceramic-wheel-rim-polishing-media-for-coarse-polishing-3\/#primaryimage\"},\"image\":{\"@id\":\"https:\/\/hq-ym.com\/product\/ceramic-wheel-rim-polishing-media-for-coarse-polishing-3\/#primaryimage\"},\"thumbnailUrl\":\"https:\/\/hq-ym.com\/wp-content\/uploads\/2024\/05\/IMG_8035-2-1-scaled.jpg\",\"datePublished\":\"2024-05-16T03:06:51+00:00\",\"dateModified\":\"2024-11-25T09:22:18+00:00\",\"description\":\"This media is used for wheel grinding, to remove CNC machining marks and to smooth the surface.\",\"breadcrumb\":{\"@id\":\"https:\/\/hq-ym.com\/product\/ceramic-wheel-rim-polishing-media-for-coarse-polishing-3\/#breadcrumb\"},\"inLanguage\":\"pt-PT\",\"potentialAction\":[{\"@type\":\"ReadAction\",\"target\":[\"https:\/\/hq-ym.com\/product\/ceramic-wheel-rim-polishing-media-for-coarse-polishing-3\/\"]}]},{\"@type\":\"ImageObject\",\"inLanguage\":\"pt-PT\",\"@id\":\"https:\/\/hq-ym.com\/product\/ceramic-wheel-rim-polishing-media-for-coarse-polishing-3\/#primaryimage\",\"url\":\"https:\/\/hq-ym.com\/wp-content\/uploads\/2024\/05\/IMG_8035-2-1-scaled.jpg\",\"contentUrl\":\"https:\/\/hq-ym.com\/wp-content\/uploads\/2024\/05\/IMG_8035-2-1-scaled.jpg\",\"width\":2560,\"height\":2560,\"caption\":\"ceramic balls\"},{\"@type\":\"BreadcrumbList\",\"@id\":\"https:\/\/hq-ym.com\/product\/ceramic-wheel-rim-polishing-media-for-coarse-polishing-3\/#breadcrumb\",\"itemListElement\":[{\"@type\":\"ListItem\",\"position\":1,\"name\":\"\u9996\u9875\",\"item\":\"https:\/\/hq-ym.com\/\"},{\"@type\":\"ListItem\",\"position\":2,\"name\":\"Products\",\"item\":\"https:\/\/hq-ym.com\/products\/\"},{\"@type\":\"ListItem\",\"position\":3,\"name\":\"Media for Wheel Machining Marks Removal, Abrasive Grinding Consumbles\"}]},{\"@type\":\"WebSite\",\"@id\":\"https:\/\/hq-ym.com\/#website\",\"url\":\"https:\/\/hq-ym.com\/\",\"name\":\"Hua Qing Grinding Technology (Shenzhen) Co., Ltd\",\"description\":\"Sales of the rotary rim polishing machines, media and compounds. Polishing wheels from raw-deep machining marks to a mirror finish without hand polishing.\",\"publisher\":{\"@id\":\"https:\/\/hq-ym.com\/#organization\"},\"potentialAction\":[{\"@type\":\"SearchAction\",\"target\":{\"@type\":\"EntryPoint\",\"urlTemplate\":\"https:\/\/hq-ym.com\/?s={search_term_string}\"},\"query-input\":\"required name=search_term_string\"}],\"inLanguage\":\"pt-PT\"},{\"@type\":\"Organization\",\"@id\":\"https:\/\/hq-ym.com\/#organization\",\"name\":\"Hua Qing Grinding Technology (Shenzhen) Co., Ltd\",\"url\":\"https:\/\/hq-ym.com\/\",\"logo\":{\"@type\":\"ImageObject\",\"inLanguage\":\"pt-PT\",\"@id\":\"https:\/\/hq-ym.com\/#\/schema\/logo\/image\/\",\"url\":\"https:\/\/hq-ym.com\/wp-content\/uploads\/2024\/11\/Huaqing-grinding-logo-bl_11zon.webp\",\"contentUrl\":\"https:\/\/hq-ym.com\/wp-content\/uploads\/2024\/11\/Huaqing-grinding-logo-bl_11zon.webp\",\"width\":1067,\"height\":254,\"caption\":\"Hua Qing Grinding Technology (Shenzhen) Co., Ltd\"},\"image\":{\"@id\":\"https:\/\/hq-ym.com\/#\/schema\/logo\/image\/\"},\"sameAs\":[\"https:\/\/www.instagram.com\/hua_qing_polishing\/\",\"https:\/\/www.linkedin.com\/company\/104088516\/admin\/dashboard\/\"]}]}<\/script>\n<!-- \/ Yoast SEO Premium plugin. -->","yoast_head_json":{"title":"Media for Wheel Machining Marks Removal, Abrasive Grinding Consumbles - Hua Qing Grinding Technology (Shenzhen) Co., Ltd","description":"This media is used for wheel grinding, to remove CNC machining marks and to smooth the surface.","robots":{"index":"index","follow":"follow","max-snippet":"max-snippet:-1","max-image-preview":"max-image-preview:large","max-video-preview":"max-video-preview:-1"},"canonical":"https:\/\/hq-ym.com\/pt\/produto\/ceramic-wheel-rim-polishing-media-for-coarse-polishing-3\/","og_locale":"pt_PT","og_type":"article","og_title":"Media for Wheel Machining Marks Removal, Abrasive Grinding Consumbles","og_description":"This media is used for wheel grinding, to remove CNC machining marks and to smooth the surface.","og_url":"https:\/\/hq-ym.com\/pt\/produto\/ceramic-wheel-rim-polishing-media-for-coarse-polishing-3\/","og_site_name":"Hua Qing Grinding Technology (Shenzhen) Co., Ltd","article_modified_time":"2024-11-25T09:22:18+00:00","og_image":[{"width":2560,"height":2560,"url":"https:\/\/hq-ym.com\/wp-content\/uploads\/2024\/05\/IMG_8035-2-1-scaled.jpg","type":"image\/jpeg"}],"twitter_card":"summary_large_image","twitter_misc":{"Tempo estimado de leitura":"2 minutos"},"schema":{"@context":"https:\/\/schema.org","@graph":[{"@type":"WebPage","@id":"https:\/\/hq-ym.com\/product\/ceramic-wheel-rim-polishing-media-for-coarse-polishing-3\/","url":"https:\/\/hq-ym.com\/product\/ceramic-wheel-rim-polishing-media-for-coarse-polishing-3\/","name":"Media for Wheel Machining Marks Removal, Abrasive Grinding Consumbles - Hua Qing Grinding Technology (Shenzhen) Co., Ltd","isPartOf":{"@id":"https:\/\/hq-ym.com\/#website"},"primaryImageOfPage":{"@id":"https:\/\/hq-ym.com\/product\/ceramic-wheel-rim-polishing-media-for-coarse-polishing-3\/#primaryimage"},"image":{"@id":"https:\/\/hq-ym.com\/product\/ceramic-wheel-rim-polishing-media-for-coarse-polishing-3\/#primaryimage"},"thumbnailUrl":"https:\/\/hq-ym.com\/wp-content\/uploads\/2024\/05\/IMG_8035-2-1-scaled.jpg","datePublished":"2024-05-16T03:06:51+00:00","dateModified":"2024-11-25T09:22:18+00:00","description":"This media is used for wheel grinding, to remove CNC machining marks and to smooth the surface.","breadcrumb":{"@id":"https:\/\/hq-ym.com\/product\/ceramic-wheel-rim-polishing-media-for-coarse-polishing-3\/#breadcrumb"},"inLanguage":"pt-PT","potentialAction":[{"@type":"ReadAction","target":["https:\/\/hq-ym.com\/product\/ceramic-wheel-rim-polishing-media-for-coarse-polishing-3\/"]}]},{"@type":"ImageObject","inLanguage":"pt-PT","@id":"https:\/\/hq-ym.com\/product\/ceramic-wheel-rim-polishing-media-for-coarse-polishing-3\/#primaryimage","url":"https:\/\/hq-ym.com\/wp-content\/uploads\/2024\/05\/IMG_8035-2-1-scaled.jpg","contentUrl":"https:\/\/hq-ym.com\/wp-content\/uploads\/2024\/05\/IMG_8035-2-1-scaled.jpg","width":2560,"height":2560,"caption":"ceramic balls"},{"@type":"BreadcrumbList","@id":"https:\/\/hq-ym.com\/product\/ceramic-wheel-rim-polishing-media-for-coarse-polishing-3\/#breadcrumb","itemListElement":[{"@type":"ListItem","position":1,"name":"\u9996\u9875","item":"https:\/\/hq-ym.com\/"},{"@type":"ListItem","position":2,"name":"Products","item":"https:\/\/hq-ym.com\/products\/"},{"@type":"ListItem","position":3,"name":"Media for Wheel Machining Marks Removal, Abrasive Grinding Consumbles"}]},{"@type":"WebSite","@id":"https:\/\/hq-ym.com\/#website","url":"https:\/\/hq-ym.com\/","name":"Hua Qing Grinding Technology (Shenzhen) Co., Ltd","description":"Sales of the rotary rim polishing machines, media and compounds. Polishing wheels from raw-deep machining marks to a mirror finish without hand polishing.","publisher":{"@id":"https:\/\/hq-ym.com\/#organization"},"potentialAction":[{"@type":"SearchAction","target":{"@type":"EntryPoint","urlTemplate":"https:\/\/hq-ym.com\/?s={search_term_string}"},"query-input":"required name=search_term_string"}],"inLanguage":"pt-PT"},{"@type":"Organization","@id":"https:\/\/hq-ym.com\/#organization","name":"Hua Qing Grinding Technology (Shenzhen) Co., Ltd","url":"https:\/\/hq-ym.com\/","logo":{"@type":"ImageObject","inLanguage":"pt-PT","@id":"https:\/\/hq-ym.com\/#\/schema\/logo\/image\/","url":"https:\/\/hq-ym.com\/wp-content\/uploads\/2024\/11\/Huaqing-grinding-logo-bl_11zon.webp","contentUrl":"https:\/\/hq-ym.com\/wp-content\/uploads\/2024\/11\/Huaqing-grinding-logo-bl_11zon.webp","width":1067,"height":254,"caption":"Hua Qing Grinding Technology (Shenzhen) Co., Ltd"},"image":{"@id":"https:\/\/hq-ym.com\/#\/schema\/logo\/image\/"},"sameAs":["https:\/\/www.instagram.com\/hua_qing_polishing\/","https:\/\/www.linkedin.com\/company\/104088516\/admin\/dashboard\/"]}]}},"_links":{"self":[{"href":"https:\/\/hq-ym.com\/pt\/wp-json\/wp\/v2\/product\/5018"}],"collection":[{"href":"https:\/\/hq-ym.com\/pt\/wp-json\/wp\/v2\/product"}],"about":[{"href":"https:\/\/hq-ym.com\/pt\/wp-json\/wp\/v2\/types\/product"}],"version-history":[{"count":3,"href":"https:\/\/hq-ym.com\/pt\/wp-json\/wp\/v2\/product\/5018\/revisions"}],"predecessor-version":[{"id":6023,"href":"https:\/\/hq-ym.com\/pt\/wp-json\/wp\/v2\/product\/5018\/revisions\/6023"}],"wp:featuredmedia":[{"embeddable":true,"href":"https:\/\/hq-ym.com\/pt\/wp-json\/wp\/v2\/media\/4483"}],"wp:attachment":[{"href":"https:\/\/hq-ym.com\/pt\/wp-json\/wp\/v2\/media?parent=5018"}],"wp:term":[{"taxonomy":"product_cat","embeddable":true,"href":"https:\/\/hq-ym.com\/pt\/wp-json\/wp\/v2\/product_cat?post=5018"},{"taxonomy":"product_tag","embeddable":true,"href":"https:\/\/hq-ym.com\/pt\/wp-json\/wp\/v2\/product_tag?post=5018"}],"curies":[{"name":"wp","href":"https:\/\/api.w.org\/{rel}","templated":true}]}}